{"id":12184,"date":"2021-05-06T12:29:32","date_gmt":"2021-05-06T10:29:32","guid":{"rendered":"https:\/\/dogpride1.wpengine.com\/product\/arrak-function-jacket-black-red\/"},"modified":"2026-02-19T12:51:15","modified_gmt":"2026-02-19T11:51:15","slug":"arrak-function-jacket-black-red","status":"publish","type":"product","link":"https:\/\/dogpride.nl\/fr\/arrak-function-jacket-black-red\/","title":{"rendered":"Veste fonctionnelle ARRAK Noir\/Rouge"},"content":{"rendered":"<h4>Veste fonctionnelle ARRAK Noir\/Rouge<\/h4>\n<p>Cette veste ARRAK Function Jacket Black\/Red est le v\u00eatement parfait \u00e0 porter en marchant ou en courant. S&#039;il fait plus froid, la veste fonctionnelle est un v\u00eatement deux pi\u00e8ces que vous enfilez sous votre veste d&#039;hiver.<br \/>\nLa veste est en polyester 100% pour suivre vos mouvements. La veste est noire avec une \u00e9l\u00e9gante surpiq\u00fbre contrast\u00e9e.<\/p>\n<p>Polyester 100%<br \/>\nPoint de contraste<br \/>\nDeuxi\u00e8me couche de v\u00eatements<\/p>\n<p>La veste fonctionnelle ARRAK est \u00e9galement disponible avec des coutures contrast\u00e9es dans les couleurs suivantes : <a href=\"https:\/\/dogpride.nl\/fr\/produit\/arrak-function-jacket-black-royal-blue-2\/\">Bleu royal<\/a>, <a href=\"https:\/\/dogpride.nl\/fr\/produit\/arrak-function-jacket-black-lime\/\">Citron vert<\/a> et <a href=\"https:\/\/dogpride.nl\/fr\/produit\/arrak-function-jacket-black-grey-2\/\">Gris<\/a><\/p>\n<p><strong>Tableau des tailles:<\/strong><\/p>\n<p><img loading=\"lazy\" decoding=\"async\" class=\"alignnone wp-image-69331 size-full\" src=\"https:\/\/www.dogpride.nl\/wp-content\/uploads\/Maattabel-AO-New-pants-men-9.jpg\" alt=\"\" width=\"644\" height=\"853\" srcset=\"https:\/\/dogpride.nl\/wp-content\/uploads\/Maattabel-AO-New-pants-men-9.jpg 644w, https:\/\/dogpride.nl\/wp-content\/uploads\/Maattabel-AO-New-pants-men-9-250x331.jpg 250w, https:\/\/dogpride.nl\/wp-content\/uploads\/Maattabel-AO-New-pants-men-9-400x530.jpg 400w, https:\/\/dogpride.nl\/wp-content\/uploads\/Maattabel-AO-New-pants-men-9-226x300.jpg 226w, https:\/\/dogpride.nl\/wp-content\/uploads\/Maattabel-AO-New-pants-men-9-200x265.jpg 200w, https:\/\/dogpride.nl\/wp-content\/uploads\/Maattabel-AO-New-pants-men-9-600x795.jpg 600w\" sizes=\"auto, (max-width: 644px) 100vw, 644px\" \/><\/p>\n<p><span style=\"color: #ffffff;\"><a href=\"https:\/\/arrakoutdoor.com\/\" target=\"_blank\" rel=\"noopener\"><img loading=\"lazy\" decoding=\"async\" class=\"alignnone wp-image-139301 size-medium\" src=\"https:\/\/dogpride.nl\/wp-content\/uploads\/Arrak-300x118.jpeg\" alt=\"Logo\" width=\"300\" height=\"118\" srcset=\"https:\/\/dogpride.nl\/wp-content\/uploads\/Arrak-300x118.jpeg 300w, https:\/\/dogpride.nl\/wp-content\/uploads\/Arrak-768x303.jpeg 768w, https:\/\/dogpride.nl\/wp-content\/uploads\/Arrak-18x7.jpeg 18w, https:\/\/dogpride.nl\/wp-content\/uploads\/Arrak-250x99.jpeg 250w, https:\/\/dogpride.nl\/wp-content\/uploads\/Arrak-400x158.jpeg 400w, https:\/\/dogpride.nl\/wp-content\/uploads\/Arrak.jpeg 916w\" sizes=\"auto, (max-width: 300px) 100vw, 300px\" \/><\/a><\/span><\/p>\n<p><a href=\"https:\/\/dogpride.nl\/fr\/kleding\/jassen\/arrak-outdoor-jassen\/\"><img loading=\"lazy\" decoding=\"async\" class=\"alignnone\" title=\"Veste fonctionnelle ARRAK Noir\/Rouge\" src=\"https:\/\/dogpride.nl\/wp-content\/uploads\/arrak-function-jacket-blackred-1.jpg\" alt=\"ARRAK Function Jacket Black\/Red\" width=\"201\" height=\"201\" \/><\/a><\/p>","protected":false},"excerpt":{"rendered":"<p>S&#039;il fait plus froid, la veste fonctionnelle est un v\u00eatement deux pi\u00e8ces que vous enfilez sous votre veste d&#039;hiver. La veste est en polyester 100% pour suivre vos mouvements.<\/p>","protected":false},"featured_media":22692,"template":"","meta":[],"product_brand":[],"product_cat":[3853,24457],"product_tag":[],"class_list":{"0":"post-12184","1":"product","2":"type-product","3":"status-publish","4":"has-post-thumbnail","6":"product_cat-arrak-outdoor-dames-jassen","7":"product_cat-arrak-outdoor-heren-jassen","9":"first","10":"instock","11":"taxable","12":"shipping-taxable","13":"purchasable","14":"product-type-variable"},"mb":[],"mfb_rest_fields":["title"],"_links":{"self":[{"href":"https:\/\/dogpride.nl\/fr\/wp-json\/wp\/v2\/product\/12184","targetHints":{"allow":["GET"]}}],"collection":[{"href":"https:\/\/dogpride.nl\/fr\/wp-json\/wp\/v2\/product"}],"about":[{"href":"https:\/\/dogpride.nl\/fr\/wp-json\/wp\/v2\/types\/product"}],"wp:featuredmedia":[{"embeddable":true,"href":"https:\/\/dogpride.nl\/fr\/wp-json\/wp\/v2\/media\/22692"}],"wp:attachment":[{"href":"https:\/\/dogpride.nl\/fr\/wp-json\/wp\/v2\/media?parent=12184"}],"wp:term":[{"taxonomy":"product_brand","embeddable":true,"href":"https:\/\/dogpride.nl\/fr\/wp-json\/wp\/v2\/product_brand?post=12184"},{"taxonomy":"product_cat","embeddable":true,"href":"https:\/\/dogpride.nl\/fr\/wp-json\/wp\/v2\/product_cat?post=12184"},{"taxonomy":"product_tag","embeddable":true,"href":"https:\/\/dogpride.nl\/fr\/wp-json\/wp\/v2\/product_tag?post=12184"}],"curies":[{"name":"wp","href":"https:\/\/api.w.org\/{rel}","templated":true}]}}