{"id":12157,"date":"2021-04-28T16:29:14","date_gmt":"2021-04-28T14:29:14","guid":{"rendered":"https:\/\/dogpride1.wpengine.com\/product\/pride-bijtkussen-zacht-met-twee-handvatten-2\/"},"modified":"2025-12-06T12:49:37","modified_gmt":"2025-12-06T11:49:37","slug":"pride-bijtkussen-zacht-met-twee-handvatten-2","status":"publish","type":"product","link":"https:\/\/dogpride.nl\/fr\/pride-bijtkussen-zacht-met-twee-handvatten-2\/","title":{"rendered":"Coussin de morsure PRIDE doux avec deux poign\u00e9es"},"content":{"rendered":"<h4>Coussin de morsure PRIDE doux avec deux poign\u00e9es<\/h4>\n<p>Coussin de morsure PRIDE doux avec deux poign\u00e9es<\/p>\n<p>Coussin de morsure doux avec 2 poign\u00e9es pour le dressage professionnel des chiens.<br \/>\nConvient aux chiots et jeunes chiens.<\/p>\n<p><a href=\"https:\/\/dogpride.nl\/fr\/pakwerk\/bijtkussens-voor-honden\/\"><img loading=\"lazy\" decoding=\"async\" class=\"alignnone\" title=\"Coussin de morsure PRIDE doux avec deux poign\u00e9es\" src=\"https:\/\/dogpride.nl\/wp-content\/uploads\/bite-pad-soft-0.jpg\" alt=\"PRIDE bijtkussen zacht met twee handvatten\" width=\"278\" height=\"215\" \/><\/a><br \/>\nCe coussinet \u00e0 mordre est fait d&#039;un mat\u00e9riau naturel et s\u00fbr - nylon\/coton doux ou jute pour la s\u00e9curit\u00e9 des dents des chiots. En m\u00eame temps, il est solide et fiable pour l&#039;entra\u00eenement aux morsures de chiot et la protection des mains en toute s\u00e9curit\u00e9.<br \/>\nLa poign\u00e9e confortable et solide rend ce coussin de morsure mobile.<\/p>\n<p>Id\u00e9al pour entra\u00eener votre chien \u00e0 avoir une prise compl\u00e8te.<br \/>\nIl est utilis\u00e9 dans le programme IGP, \u00e9galement appel\u00e9 programme Schutzhund. Aussi pour la formation des chiens de police K9, des chiens militaires, des chiens de protection personnelle, des chiens d&#039;intervention et d&#039;autres chiens d&#039;assistance.<\/p>\n<p>&nbsp;<\/p>\n<p><a href=\"https:\/\/dogpride.nl\/fr\/pakwerk\/bijtkussens-voor-honden\/\"><img loading=\"lazy\" decoding=\"async\" class=\"alignnone\" title=\"Coussin de morsure PRIDE doux avec deux poign\u00e9es\" src=\"https:\/\/dogpride.nl\/wp-content\/uploads\/bite-pad-soft-0.jpg\" alt=\"PRIDE bijtkussen zacht met twee handvatten\" width=\"278\" height=\"215\" \/><\/a><\/p>\n<ul>\n<li>Mod\u00e8le : B-029<\/li>\n<\/ul>\n<p>&nbsp;<\/p>\n<p><a href=\"https:\/\/www.dogpride.eu\/\" target=\"_blank\" rel=\"noopener\"><img loading=\"lazy\" decoding=\"async\" class=\"alignnone wp-image-71202 size-medium\" src=\"https:\/\/dogpride.nl\/wp-content\/uploads\/Logo-Pride2-2-300x96.png\" alt=\"Pride\" width=\"300\" height=\"96\" srcset=\"https:\/\/dogpride.nl\/wp-content\/uploads\/Logo-Pride2-2-300x96.png 300w, https:\/\/dogpride.nl\/wp-content\/uploads\/Logo-Pride2-2-250x80.png 250w, https:\/\/dogpride.nl\/wp-content\/uploads\/Logo-Pride2-2-200x64.png 200w, https:\/\/dogpride.nl\/wp-content\/uploads\/Logo-Pride2-2.png 327w\" sizes=\"auto, (max-width: 300px) 100vw, 300px\" \/><\/a><\/p>","protected":false},"excerpt":{"rendered":"<p>Ce coussinet \u00e0 mordre est fait d&#039;un mat\u00e9riau naturel et s\u00fbr - nylon\/coton doux ou jute pour la s\u00e9curit\u00e9 des dents des chiots. En m\u00eame temps, il est solide et fiable pour l&#039;entra\u00eenement aux morsures de chiot et la protection des mains en toute s\u00e9curit\u00e9.<\/p>","protected":false},"featured_media":46214,"template":"","meta":[],"product_brand":[],"product_cat":[302],"product_tag":[17235,17240,12867,10639,17237,17238,10675,17236,17239,17234],"class_list":{"0":"post-12157","1":"product","2":"type-product","3":"status-publish","4":"has-post-thumbnail","6":"product_cat-bijtkussens-voor-honden","7":"product_tag-bijtkussen-twee-handvatten","8":"product_tag-bite-pad-soft","9":"product_tag-duurzaam-hondenspeelgoed","10":"product_tag-hondensport-training","11":"product_tag-hondentraining-bitepad","12":"product_tag-kleurrijk-bijtkussen","13":"product_tag-pride-bijtkussen","14":"product_tag-puppy-bijttraining","15":"product_tag-tug-toy-hond","16":"product_tag-zacht-bijtkussen-hond","18":"first","19":"instock","20":"taxable","21":"shipping-taxable","22":"purchasable","23":"product-type-variable"},"mb":[],"mfb_rest_fields":["title"],"_links":{"self":[{"href":"https:\/\/dogpride.nl\/fr\/wp-json\/wp\/v2\/product\/12157","targetHints":{"allow":["GET"]}}],"collection":[{"href":"https:\/\/dogpride.nl\/fr\/wp-json\/wp\/v2\/product"}],"about":[{"href":"https:\/\/dogpride.nl\/fr\/wp-json\/wp\/v2\/types\/product"}],"wp:featuredmedia":[{"embeddable":true,"href":"https:\/\/dogpride.nl\/fr\/wp-json\/wp\/v2\/media\/46214"}],"wp:attachment":[{"href":"https:\/\/dogpride.nl\/fr\/wp-json\/wp\/v2\/media?parent=12157"}],"wp:term":[{"taxonomy":"product_brand","embeddable":true,"href":"https:\/\/dogpride.nl\/fr\/wp-json\/wp\/v2\/product_brand?post=12157"},{"taxonomy":"product_cat","embeddable":true,"href":"https:\/\/dogpride.nl\/fr\/wp-json\/wp\/v2\/product_cat?post=12157"},{"taxonomy":"product_tag","embeddable":true,"href":"https:\/\/dogpride.nl\/fr\/wp-json\/wp\/v2\/product_tag?post=12157"}],"curies":[{"name":"wp","href":"https:\/\/api.w.org\/{rel}","templated":true}]}}