{"id":12147,"date":"2021-04-13T11:47:24","date_gmt":"2021-04-13T09:47:24","guid":{"rendered":"https:\/\/dogpride1.wpengine.com\/product\/canicom-gps-uitbreidingshalsband\/"},"modified":"2023-03-16T10:47:26","modified_gmt":"2023-03-16T09:47:26","slug":"canicom-gps-uitbreidingshalsband","status":"publish","type":"product","link":"https:\/\/dogpride.nl\/fr\/canicom-gps-uitbreidingshalsband\/","title":{"rendered":"Collier d&#039;extension GPS Canicom"},"content":{"rendered":"<h1>Collier d&#039;extension GPS Canicom<\/h1>\n<p>Collier d&#039;extension GPS Canicom<\/p>\n<p>Collier de remplacement pour le GPS Canicom.<\/p>\n<p><span><strong>Remarque g\u00e9n\u00e9rale sur les jouets pour chiens\u00a0:<\/strong><br \/>\nNe laissez pas votre chien et ses jouets sans surveillance. Une inspection r\u00e9guli\u00e8re des dommages est recommand\u00e9e, de m\u00eame que le remplacement des articles endommag\u00e9s. Dans le cas contraire, une blessure \u00e0 l&#039;animal ne peut \u00eatre exclue.<\/span><\/p>\n<h3>CARACT\u00c9RISTIQUES<\/h3>\n<ul>\n<li id=\"technische-daten-tab-pane\" class=\"tab-pane fade show active\" role=\"tabpanel\" aria-labelledby=\"technische-daten-tab\">\u00c9tanche (IP67)<\/li>\n<li class=\"tab-pane fade show active\" role=\"tabpanel\" aria-labelledby=\"technische-daten-tab\">Collier de remplacement<\/li>\n<li class=\"tab-pane fade show active\" role=\"tabpanel\" aria-labelledby=\"technische-daten-tab\">Antenne GPS, antenne radio - Les \u00e9lectrodes peuvent \u00eatre viss\u00e9es sur l&#039;unit\u00e9 de base si l&#039;appareil doit \u00eatre utilis\u00e9 comme entra\u00eeneur externe (inclus)<\/li>\n<li class=\"tab-pane fade show active\" role=\"tabpanel\" aria-labelledby=\"technische-daten-tab\">Fonctions d&#039;entra\u00eenement\u00a0: vibration et courant<\/li>\n<li class=\"tab-pane fade show active\" role=\"tabpanel\" aria-labelledby=\"technische-daten-tab\">Chargement via cordon d&#039;alimentation avec connexion magn\u00e9tique<\/li>\n<li class=\"tab-pane fade show active\" role=\"tabpanel\" aria-labelledby=\"technische-daten-tab\">Fonctionnement via batterie 3 400 mAh (incluse)<\/li>\n<li class=\"tab-pane fade show active\" role=\"tabpanel\" aria-labelledby=\"technische-daten-tab\">Poids (avec collier) 280 g<\/li>\n<li class=\"tab-pane fade show active\" role=\"tabpanel\" aria-labelledby=\"technische-daten-tab\">Dimensions environ 85 x 45 x 45 mm<\/li>\n<\/ul>","protected":false},"excerpt":{"rendered":"<p>Collier de remplacement pour le GPS Canicom. Antenne GPS, antenne radio- Des \u00e9lectrodes peuvent \u00eatre viss\u00e9es sur l&#039;unit\u00e9 de base si l&#039;appareil doit \u00eatre utilis\u00e9 comme entra\u00eeneur externe (inclus).<\/p>","protected":false},"featured_media":46185,"template":"","meta":[],"product_brand":[],"product_cat":[938],"product_tag":[],"class_list":{"0":"post-12147","1":"product","2":"type-product","3":"status-publish","4":"has-post-thumbnail","6":"product_cat-gps-systemen","8":"first","9":"instock","10":"taxable","11":"shipping-taxable","12":"purchasable","13":"product-type-simple"},"mb":[],"mfb_rest_fields":["title"],"_links":{"self":[{"href":"https:\/\/dogpride.nl\/fr\/wp-json\/wp\/v2\/product\/12147","targetHints":{"allow":["GET"]}}],"collection":[{"href":"https:\/\/dogpride.nl\/fr\/wp-json\/wp\/v2\/product"}],"about":[{"href":"https:\/\/dogpride.nl\/fr\/wp-json\/wp\/v2\/types\/product"}],"wp:featuredmedia":[{"embeddable":true,"href":"https:\/\/dogpride.nl\/fr\/wp-json\/wp\/v2\/media\/46185"}],"wp:attachment":[{"href":"https:\/\/dogpride.nl\/fr\/wp-json\/wp\/v2\/media?parent=12147"}],"wp:term":[{"taxonomy":"product_brand","embeddable":true,"href":"https:\/\/dogpride.nl\/fr\/wp-json\/wp\/v2\/product_brand?post=12147"},{"taxonomy":"product_cat","embeddable":true,"href":"https:\/\/dogpride.nl\/fr\/wp-json\/wp\/v2\/product_cat?post=12147"},{"taxonomy":"product_tag","embeddable":true,"href":"https:\/\/dogpride.nl\/fr\/wp-json\/wp\/v2\/product_tag?post=12147"}],"curies":[{"name":"wp","href":"https:\/\/api.w.org\/{rel}","templated":true}]}}