{"id":12146,"date":"2021-04-13T11:43:32","date_gmt":"2021-04-13T09:43:32","guid":{"rendered":"https:\/\/dogpride1.wpengine.com\/product\/canicom-gps-set-2\/"},"modified":"2023-03-16T10:51:49","modified_gmt":"2023-03-16T09:51:49","slug":"canicom-gps-set-2","status":"publish","type":"product","link":"https:\/\/dogpride.nl\/fr\/canicom-gps-set-2\/","title":{"rendered":"Ensemble GPS Canicom"},"content":{"rendered":"<h1>Ensemble GPS Canicom<\/h1>\n<p>L&#039;ensemble GPS Canicom est une alternative tr\u00e8s int\u00e9ressante aux syst\u00e8mes de suivi des chiens \u00e9tablis sur le march\u00e9.<\/p>\n<p>L&#039;ensemble GPS Canicom se compose d&#039;un collier \u00e9metteur et d&#039;un r\u00e9cepteur manuel avec afficheur. Gr\u00e2ce \u00e0 la navigation simple dans les menus, l&#039;op\u00e9ration peut \u00eatre apprise rapidement.<br \/>\nL&#039;\u00e9cran du combin\u00e9 indique la direction et la distance jusqu&#039;au chien sur une boussole.<br \/>\nL&#039;appareil portable peut \u00eatre connect\u00e9 \u00e0 un smartphone via Bluetooth. En plus de l&#039;affichage de la direction, une carte (Google Maps) peut alors \u00e9galement \u00eatre affich\u00e9e sur le smartphone.<\/p>\n<p>Le syst\u00e8me peut fonctionner sur 8 canaux diff\u00e9rents. Jusqu&#039;\u00e0 20 colliers \u00e9metteurs peuvent \u00eatre form\u00e9s par unit\u00e9 de r\u00e9ception.<br \/>\nGr\u00e2ce \u00e0 la derni\u00e8re technologie num\u00e9rique, il peut y avoir bien plus de 20 \u00e9metteurs dans une zone\/quartier. Les appareils des diff\u00e9rents ma\u00eetres-chiens ne se chevauchent pas\u00a0!<\/p>\n<p>Pour le march\u00e9 europ\u00e9en, 6 canaux dans la gamme de fr\u00e9quences 169,4 \u00e0 169,475 MHz (sans enregistrement) peuvent \u00eatre s\u00e9lectionn\u00e9s.<br \/>\nPour le march\u00e9 fran\u00e7ais, il existe deux fr\u00e9quences suppl\u00e9mentaires (155,6 et 162,25 MHz) avec une puissance d&#039;\u00e9mission plus forte, qui ne peuvent \u00eatre utilis\u00e9es que l\u00e0-bas et doivent donc \u00eatre enregistr\u00e9es.<\/p>\n<p>La port\u00e9e techniquement possible (selon le terrain) est de 15 km.<\/p>\n<h2><strong>appareil portable\u00a0:<\/strong><\/h2>\n<ul>\n<li>\u00c9tanche (IP67)<\/li>\n<li>Affichage clair et tr\u00e8s facile \u00e0 lire d&#039;environ 36 x 44 mm<\/li>\n<li>Navigation simple dans les menus avec les touches fl\u00e9ch\u00e9es<\/li>\n<li>Boussole \u00e9lectronique int\u00e9gr\u00e9e<\/li>\n<li>Permet de localiser jusqu&#039;\u00e0 20 chiens en m\u00eame temps.Pour plus de clart\u00e9, les chiens peuvent \u00eatre divis\u00e9s en diff\u00e9rents groupes<\/li>\n<li>Appareil portatif avec vibration comme retour haptique<\/li>\n<li>Interface Bluetooth pour la connexion au smartphone<\/li>\n<li>Boutons d&#039;entra\u00eenement sur l&#039;appareil portable pour activer une vibration ou une stimulation sur le collier<\/li>\n<li>L&#039;antenne est viss\u00e9e. Les antennes d&#039;autres fabricants conviendront \u00e9galement<\/li>\n<li>Chargement via cordon d&#039;alimentation avec connexion magn\u00e9tique<\/li>\n<li>Fonctionnement via deux batteries rempla\u00e7ables de 1 500 mAh (incluses)<\/li>\n<li>Langues de menu disponibles\u00a0: anglais, fran\u00e7ais, espagnol, italien, allemand<\/li>\n<li>Dimensions : environ 15 x 6 x 4,5 cm + antenne environ 34 cm<\/li>\n<li>Poids : 255g<\/li>\n<\/ul>\n<h2><strong>Collier \u00e9metteur\u00a0:<\/strong><\/h2>\n<ul>\n<li>\u00c9tanche (IP67)<\/li>\n<li>Collier interchangeable<\/li>\n<li>Antenne GPS, antenne radio<\/li>\n<li>Les \u00e9lectrodes peuvent \u00eatre viss\u00e9es sur l&#039;unit\u00e9 de base si l&#039;unit\u00e9 doit \u00eatre utilis\u00e9e comme entra\u00eeneur \u00e0 distance (inclus)<\/li>\n<li>Fonctions d&#039;entra\u00eenement : vibration et \u00e9lectricit\u00e9<\/li>\n<li>Chargement via c\u00e2ble d&#039;alimentation avec connexion magn\u00e9tique<\/li>\n<li>Fonctionnement via batterie 3 400 mAh (incluse)<\/li>\n<li>poids (avec collier) 280 g<\/li>\n<\/ul>\n<h2><strong>Application smartphone\u00a0:<\/strong><\/h2>\n<ul>\n<li>gratuit \u2013 en constante \u00e9volution<\/li>\n<li>les donn\u00e9es de Google Maps sont utilis\u00e9es<\/li>\n<li>les donn\u00e9es cartographiques sont enregistr\u00e9es automatiquement. S&#039;il n&#039;y a pas de r\u00e9seau GSM, ces cartes mises en cache sont accessibles<\/li>\n<li>n&#039;importe quel nombre de &quot;cl\u00f4tures virtuelles&quot; peut \u00eatre cr\u00e9\u00e9. Si le chien quitte la zone marqu\u00e9e, un avertissement appara\u00eetra sur le smartphone<\/li>\n<li>M\u00e9morisation des points d&#039;int\u00e9r\u00eat<\/li>\n<li>Calcul d&#039;itin\u00e9raire jusqu&#039;au chien<\/li>\n<li>Partager la position du chien avec d&#039;autres personnes<\/li>\n<li>En plus de l&#039;\u00e9cran de la boussole et de la carte, il existe un menu pour les fonctions d&#039;entra\u00eenement<\/li>\n<li>Dimensions environ 85 x 45 x 45 mm<\/li>\n<\/ul>\n<h2><strong>Contenu de la livraison\u00a0:<\/strong><\/h2>\n<ul>\n<li>combin\u00e9 avec batterie et antenne<\/li>\n<li>Unit\u00e9 de transmission avec batterie, antenne et collier<\/li>\n<li>Blocs d&#039;alimentation<\/li>\n<li>Bloc d&#039;alimentation USB<\/li>\n<li>Prise de charge magn\u00e9tique<\/li>\n<li>Contacts formations courtes et longues<\/li>\n<li>Aucune instruction imprim\u00e9e n&#039;est incluse. La version actuelle peut \u00eatre t\u00e9l\u00e9charg\u00e9e via un code QR<\/li>\n<li>Livraison dans une mallette de transport solide<\/li>\n<\/ul>\n<p>Temps de charge des batteries environ 3 heures \/ autonomie maximale environ 20 heures<\/p>","protected":false},"excerpt":{"rendered":"<p>L&#039;ensemble GPS Canicom se compose d&#039;un collier \u00e9metteur et d&#039;un r\u00e9cepteur manuel avec afficheur. Gr\u00e2ce \u00e0 la navigation simple dans les menus, l&#039;op\u00e9ration peut \u00eatre apprise rapidement.<\/p>","protected":false},"featured_media":46181,"template":"","meta":[],"product_brand":[],"product_cat":[938],"product_tag":[4150,4149,3327],"class_list":{"0":"post-12146","1":"product","2":"type-product","3":"status-publish","4":"has-post-thumbnail","6":"product_cat-gps-systemen","7":"product_tag-canicom","8":"product_tag-gps","9":"product_tag-set","11":"first","12":"instock","13":"sold-individually","14":"taxable","15":"shipping-taxable","16":"purchasable","17":"product-type-simple"},"mb":[],"mfb_rest_fields":["title"],"_links":{"self":[{"href":"https:\/\/dogpride.nl\/fr\/wp-json\/wp\/v2\/product\/12146","targetHints":{"allow":["GET"]}}],"collection":[{"href":"https:\/\/dogpride.nl\/fr\/wp-json\/wp\/v2\/product"}],"about":[{"href":"https:\/\/dogpride.nl\/fr\/wp-json\/wp\/v2\/types\/product"}],"wp:featuredmedia":[{"embeddable":true,"href":"https:\/\/dogpride.nl\/fr\/wp-json\/wp\/v2\/media\/46181"}],"wp:attachment":[{"href":"https:\/\/dogpride.nl\/fr\/wp-json\/wp\/v2\/media?parent=12146"}],"wp:term":[{"taxonomy":"product_brand","embeddable":true,"href":"https:\/\/dogpride.nl\/fr\/wp-json\/wp\/v2\/product_brand?post=12146"},{"taxonomy":"product_cat","embeddable":true,"href":"https:\/\/dogpride.nl\/fr\/wp-json\/wp\/v2\/product_cat?post=12146"},{"taxonomy":"product_tag","embeddable":true,"href":"https:\/\/dogpride.nl\/fr\/wp-json\/wp\/v2\/product_tag?post=12146"}],"curies":[{"name":"wp","href":"https:\/\/api.w.org\/{rel}","templated":true}]}}