{"id":12107,"date":"2021-04-12T11:34:40","date_gmt":"2021-04-12T09:34:40","guid":{"rendered":"https:\/\/dogpride1.wpengine.com\/product\/hst-lady-comfort-broek-2\/"},"modified":"2025-11-06T16:38:45","modified_gmt":"2025-11-06T15:38:45","slug":"hst-lady-comfort-broek-2","status":"publish","type":"product","link":"https:\/\/dogpride.nl\/fr\/hst-lady-comfort-broek-2\/","title":{"rendered":"Pantalon HST LADY CONFORT"},"content":{"rendered":"<h4>Pantalon HST LADY CONFORT<\/h4>\n<div>\n<p>Pantalon HST LADY CONFORT<\/p>\n<p>Dit is een absolute noviteit, waarmee we ons assortiment hebben verrijkt.<\/p>\n<\/div>\n<div>\n<p>De damesbroeken zijn ontworpen volgens een zeer moderne damespasvorm, met de mogelijkheid om de tailleomvang aan te passen. Ze passen perfect bij bijna elk vrouwenfiguur. Ze hebben twee originele voorzakken en een achterzak met ritssluiting.<br \/>\nDes fermetures \u00e0 glissi\u00e8re sont r\u00e9alis\u00e9es au niveau des genoux, de sorte que les genoux du pantalon soient moins sollicit\u00e9s.<br \/>\nLe mat\u00e9riau est tr\u00e8s r\u00e9sistant, mais en m\u00eame temps extr\u00eamement l\u00e9ger, \u00e9lastique et agr\u00e9ablement respirant, ce qui signifie qu&#039;il peut \u00e9galement \u00eatre port\u00e9 par temps chaud. Vous pouvez voir sur les photos qu&#039;ils vont tr\u00e8s bien.<\/p>\n<\/div>\n<div><\/div>\n<div><strong>Pantalon FEMME CONFORT<\/strong><\/div>\n<ul>\n<li>Style: Femme<\/li>\n<li>Taille : S, M, L, XL, XXL<\/li>\n<li>Couleur : noir basique<\/li>\n<\/ul>\n<p><a href=\"https:\/\/dogpride.nl\/fr\/kleding\/broeken\/hst-broeken\/\"><img loading=\"lazy\" decoding=\"async\" class=\"alignnone\" title=\"Pantalon HST LADY CONFORT\" src=\"https:\/\/dogpride.nl\/wp-content\/uploads\/vyr_405_O019_05-150x150.webp\" alt=\"HST LADY COMFORT broek\" width=\"150\" height=\"150\" \/><\/a><\/p>\n<p><a href=\"https:\/\/www.hst-eshop.cz\/\" target=\"_blank\" rel=\"noopener\"><img loading=\"lazy\" decoding=\"async\" class=\"alignnone wp-image-141846 size-medium\" src=\"https:\/\/dogpride.nl\/wp-content\/uploads\/Logo-HST-3-300x74.jpg\" alt=\"\" width=\"300\" height=\"74\" srcset=\"https:\/\/dogpride.nl\/wp-content\/uploads\/Logo-HST-3-300x74.jpg 300w, https:\/\/dogpride.nl\/wp-content\/uploads\/Logo-HST-3-1024x252.jpg 1024w, https:\/\/dogpride.nl\/wp-content\/uploads\/Logo-HST-3-768x189.jpg 768w, https:\/\/dogpride.nl\/wp-content\/uploads\/Logo-HST-3-1536x378.jpg 1536w, https:\/\/dogpride.nl\/wp-content\/uploads\/Logo-HST-3-2048x504.jpg 2048w, https:\/\/dogpride.nl\/wp-content\/uploads\/Logo-HST-3-18x4.jpg 18w, https:\/\/dogpride.nl\/wp-content\/uploads\/Logo-HST-3-250x62.jpg 250w, https:\/\/dogpride.nl\/wp-content\/uploads\/Logo-HST-3-400x98.jpg 400w\" sizes=\"auto, (max-width: 300px) 100vw, 300px\" \/><\/a><\/p>","protected":false},"excerpt":{"rendered":"<p>Le pantalon femme Lady Comfort est con\u00e7u selon une coupe f\u00e9minine tr\u00e8s moderne, avec la possibilit\u00e9 d&#039;ajuster le tour de taille. Ils s&#039;adaptent parfaitement \u00e0 presque toutes les silhouettes f\u00e9minines.<\/p>","protected":false},"featured_media":46039,"template":"","meta":[],"product_brand":[],"product_cat":[3863],"product_tag":[],"class_list":{"0":"post-12107","1":"product","2":"type-product","3":"status-publish","4":"has-post-thumbnail","6":"product_cat-hst-broeken","8":"first","9":"instock","10":"taxable","11":"shipping-taxable","12":"purchasable","13":"product-type-variable"},"mb":[],"mfb_rest_fields":["title"],"_links":{"self":[{"href":"https:\/\/dogpride.nl\/fr\/wp-json\/wp\/v2\/product\/12107","targetHints":{"allow":["GET"]}}],"collection":[{"href":"https:\/\/dogpride.nl\/fr\/wp-json\/wp\/v2\/product"}],"about":[{"href":"https:\/\/dogpride.nl\/fr\/wp-json\/wp\/v2\/types\/product"}],"wp:featuredmedia":[{"embeddable":true,"href":"https:\/\/dogpride.nl\/fr\/wp-json\/wp\/v2\/media\/46039"}],"wp:attachment":[{"href":"https:\/\/dogpride.nl\/fr\/wp-json\/wp\/v2\/media?parent=12107"}],"wp:term":[{"taxonomy":"product_brand","embeddable":true,"href":"https:\/\/dogpride.nl\/fr\/wp-json\/wp\/v2\/product_brand?post=12107"},{"taxonomy":"product_cat","embeddable":true,"href":"https:\/\/dogpride.nl\/fr\/wp-json\/wp\/v2\/product_cat?post=12107"},{"taxonomy":"product_tag","embeddable":true,"href":"https:\/\/dogpride.nl\/fr\/wp-json\/wp\/v2\/product_tag?post=12107"}],"curies":[{"name":"wp","href":"https:\/\/api.w.org\/{rel}","templated":true}]}}