{"id":12075,"date":"2021-04-09T13:58:09","date_gmt":"2021-04-09T11:58:09","guid":{"rendered":"https:\/\/dogpride1.wpengine.com\/product\/arrak-new-active-stretch-pants-men-brown-2\/"},"modified":"2026-02-19T13:14:57","modified_gmt":"2026-02-19T12:14:57","slug":"arrak-new-active-stretch-pants-men-brown-2","status":"publish","type":"product","link":"https:\/\/dogpride.nl\/fr\/arrak-new-active-stretch-pants-men-brown-2\/","title":{"rendered":"Arrak NOUVEAU Pantalon Stretch Active Homme Marron"},"content":{"rendered":"<h4>Arrak NOUVEAU Pantalon Stretch Active Homme Marron<\/h4>\n<p>Arrak NEW Active Stretch Pants Men Brown est notre pantalon le plus populaire ! Il y a des panneaux extensibles dans 4 directions sur les genoux, les plis des genoux et en bas, ce qui rend le pantalon extr\u00eamement flexible. Le pantalon est renforc\u00e9 en bas et \u00e9quip\u00e9 de extr\u00e9mit\u00e9s de jambes r\u00e9glables et d&#039;un crochet pour bottes, afin qu&#039;il s&#039;adapte parfaitement autour de la botte. Des trous d&#039;a\u00e9ration peuvent \u00eatre ouverts sur les deux cuisses avec du mesh derri\u00e8re eux pour une ventilation parfaite. Le pantalon a 5 poches. Une poche arri\u00e8re zipp\u00e9e, deux poches sur les jambes et deux poches zipp\u00e9es sur les cuisses.<\/p>\n<p>Le pantalon est parfait pour toutes sortes d&#039;activit\u00e9s de plein air.<\/p>\n<p><strong>D\u00e9tails:<\/strong><\/p>\n<ul>\n<li>65% polyester \/ 35% coton<\/li>\n<li>Trait\u00e9 DWR (hydrofuge)<\/li>\n<li>Panneaux extensibles dans les 4 sens<\/li>\n<li>Poches lat\u00e9rales ouvertes<\/li>\n<li>Poches sur les cuisses<\/li>\n<li>Une poche arri\u00e8re<\/li>\n<li>7 passants de ceinture<\/li>\n<li>Renforc\u00e9 \u00e0 l&#039;int\u00e9rieur de l&#039;extr\u00e9mit\u00e9 de la jambe<\/li>\n<li>Extr\u00e9mit\u00e9 de jambe r\u00e9glable<\/li>\n<li>Crochet de botte au bout des jambes<\/li>\n<li>Ventilation zipp\u00e9e le long des cuisses<\/li>\n<li>Lengte: Regulier-Kort-Lang<\/li>\n<\/ul>\n<p><strong>Tableau des tailles:<\/strong><\/p>\n<p><img loading=\"lazy\" decoding=\"async\" class=\"alignnone wp-image-69331 size-full\" src=\"https:\/\/www.dogpride.nl\/wp-content\/uploads\/Maattabel-AO-New-pants-men-9.jpg\" alt=\"\" width=\"644\" height=\"853\" srcset=\"https:\/\/dogpride.nl\/wp-content\/uploads\/Maattabel-AO-New-pants-men-9.jpg 644w, https:\/\/dogpride.nl\/wp-content\/uploads\/Maattabel-AO-New-pants-men-9-250x331.jpg 250w, https:\/\/dogpride.nl\/wp-content\/uploads\/Maattabel-AO-New-pants-men-9-400x530.jpg 400w, https:\/\/dogpride.nl\/wp-content\/uploads\/Maattabel-AO-New-pants-men-9-226x300.jpg 226w, https:\/\/dogpride.nl\/wp-content\/uploads\/Maattabel-AO-New-pants-men-9-200x265.jpg 200w, https:\/\/dogpride.nl\/wp-content\/uploads\/Maattabel-AO-New-pants-men-9-600x795.jpg 600w\" sizes=\"auto, (max-width: 644px) 100vw, 644px\" \/><\/p>\n<p><a href=\"https:\/\/arrakoutdoor.com\/\" target=\"_blank\" rel=\"noopener\"><img loading=\"lazy\" decoding=\"async\" class=\"alignnone wp-image-139301 size-medium\" src=\"https:\/\/dogpride.nl\/wp-content\/uploads\/Arrak-300x118.jpeg\" alt=\"Logo\" width=\"300\" height=\"118\" srcset=\"https:\/\/dogpride.nl\/wp-content\/uploads\/Arrak-300x118.jpeg 300w, https:\/\/dogpride.nl\/wp-content\/uploads\/Arrak-768x303.jpeg 768w, https:\/\/dogpride.nl\/wp-content\/uploads\/Arrak-18x7.jpeg 18w, https:\/\/dogpride.nl\/wp-content\/uploads\/Arrak-250x99.jpeg 250w, https:\/\/dogpride.nl\/wp-content\/uploads\/Arrak-400x158.jpeg 400w, https:\/\/dogpride.nl\/wp-content\/uploads\/Arrak.jpeg 916w\" sizes=\"auto, (max-width: 300px) 100vw, 300px\" \/><\/a><\/p>\n<p><a href=\"https:\/\/dogpride.nl\/fr\/kleding\/broeken\/arrak-outdoor-broeken\/?product-page=3\"><img loading=\"lazy\" decoding=\"async\" class=\"alignnone\" title=\"Arrak NOUVEAU Pantalon Stretch Active Homme Marron\" src=\"https:\/\/dogpride.nl\/wp-content\/uploads\/fq9a40482-1-150x150.jpg\" alt=\"Arrak NEW Active Stretch Pants Men Brown\" width=\"150\" height=\"150\" \/><\/a><\/p>","protected":false},"excerpt":{"rendered":"<p>Le NOUVEAU pantalon Active Stretch pour homme marron est notre pantalon le plus populaire ! Il y a des panneaux extensibles dans 4 directions sur les genoux, les plis des genoux et en bas, ce qui rend le pantalon extr\u00eamement flexible.<\/p>","protected":false},"featured_media":45977,"template":"","meta":[],"product_brand":[],"product_cat":[24458],"product_tag":[],"class_list":{"0":"post-12075","1":"product","2":"type-product","3":"status-publish","4":"has-post-thumbnail","6":"product_cat-arrak-outdoor-heren-broeken","8":"first","9":"instock","10":"taxable","11":"shipping-taxable","12":"purchasable","13":"product-type-variable"},"mb":[],"mfb_rest_fields":["title"],"_links":{"self":[{"href":"https:\/\/dogpride.nl\/fr\/wp-json\/wp\/v2\/product\/12075","targetHints":{"allow":["GET"]}}],"collection":[{"href":"https:\/\/dogpride.nl\/fr\/wp-json\/wp\/v2\/product"}],"about":[{"href":"https:\/\/dogpride.nl\/fr\/wp-json\/wp\/v2\/types\/product"}],"wp:featuredmedia":[{"embeddable":true,"href":"https:\/\/dogpride.nl\/fr\/wp-json\/wp\/v2\/media\/45977"}],"wp:attachment":[{"href":"https:\/\/dogpride.nl\/fr\/wp-json\/wp\/v2\/media?parent=12075"}],"wp:term":[{"taxonomy":"product_brand","embeddable":true,"href":"https:\/\/dogpride.nl\/fr\/wp-json\/wp\/v2\/product_brand?post=12075"},{"taxonomy":"product_cat","embeddable":true,"href":"https:\/\/dogpride.nl\/fr\/wp-json\/wp\/v2\/product_cat?post=12075"},{"taxonomy":"product_tag","embeddable":true,"href":"https:\/\/dogpride.nl\/fr\/wp-json\/wp\/v2\/product_tag?post=12075"}],"curies":[{"name":"wp","href":"https:\/\/api.w.org\/{rel}","templated":true}]}}