{"id":12060,"date":"2021-04-09T12:57:08","date_gmt":"2021-04-09T10:57:08","guid":{"rendered":"https:\/\/dogpride1.wpengine.com\/product\/arrak-hiker-fleecejacket-men-grey-2\/"},"modified":"2026-02-19T12:51:33","modified_gmt":"2026-02-19T11:51:33","slug":"arrak-hiker-fleecejacket-men-grey-2","status":"publish","type":"product","link":"https:\/\/dogpride.nl\/fr\/arrak-hiker-fleecejacket-men-grey-2\/","title":{"rendered":"Veste Polaire Arrak Hiker Homme Gris"},"content":{"rendered":"<h4>Veste Polaire Arrak Hiker Homme Gris<\/h4>\n<p>La veste Arrak Hiker Fleece Jacket Men Grey est fabriqu\u00e9e en polyester 100% avec une qualit\u00e9 polaire super douce. Polaire tr\u00e8s douce et fine qui devient facilement un favori. La veste a une poche tunnel \u00e0 l&#039;arri\u00e8re et deux grandes poches spacieuses \u00e0 l&#039;avant avec fermeture \u00e9clair.<\/p>\n<p>Molleton polyester 100%<br \/>\nsuper doux<br \/>\nAnti-boulochage \u00e0 l&#039;ext\u00e9rieur<br \/>\n2 grandes poches lat\u00e9rales \u00e0 l&#039;avant<br \/>\nPoche tunnel \u00e0 l&#039;arri\u00e8re<br \/>\nFermeture \u00e9clair \u00e0 double sens sur le devant<br \/>\nCordon de serrage au bas de la taille<\/p>\n<p><strong>Tableau des tailles:<\/strong><\/p>\n<p><img loading=\"lazy\" decoding=\"async\" class=\"alignnone wp-image-69331 size-full\" src=\"https:\/\/www.dogpride.nl\/wp-content\/uploads\/Maattabel-AO-New-pants-men-9.jpg\" alt=\"\" width=\"644\" height=\"853\" srcset=\"https:\/\/dogpride.nl\/wp-content\/uploads\/Maattabel-AO-New-pants-men-9.jpg 644w, https:\/\/dogpride.nl\/wp-content\/uploads\/Maattabel-AO-New-pants-men-9-250x331.jpg 250w, https:\/\/dogpride.nl\/wp-content\/uploads\/Maattabel-AO-New-pants-men-9-400x530.jpg 400w, https:\/\/dogpride.nl\/wp-content\/uploads\/Maattabel-AO-New-pants-men-9-226x300.jpg 226w, https:\/\/dogpride.nl\/wp-content\/uploads\/Maattabel-AO-New-pants-men-9-200x265.jpg 200w, https:\/\/dogpride.nl\/wp-content\/uploads\/Maattabel-AO-New-pants-men-9-600x795.jpg 600w\" sizes=\"auto, (max-width: 644px) 100vw, 644px\" \/><\/p>\n<p><span style=\"color: #ffffff;\"><a href=\"https:\/\/arrakoutdoor.com\/\" target=\"_blank\" rel=\"noopener\"><img loading=\"lazy\" decoding=\"async\" class=\"alignnone wp-image-139301 size-medium\" src=\"https:\/\/dogpride.nl\/wp-content\/uploads\/Arrak-300x118.jpeg\" alt=\"Logo\" width=\"300\" height=\"118\" srcset=\"https:\/\/dogpride.nl\/wp-content\/uploads\/Arrak-300x118.jpeg 300w, https:\/\/dogpride.nl\/wp-content\/uploads\/Arrak-768x303.jpeg 768w, https:\/\/dogpride.nl\/wp-content\/uploads\/Arrak-18x7.jpeg 18w, https:\/\/dogpride.nl\/wp-content\/uploads\/Arrak-250x99.jpeg 250w, https:\/\/dogpride.nl\/wp-content\/uploads\/Arrak-400x158.jpeg 400w, https:\/\/dogpride.nl\/wp-content\/uploads\/Arrak.jpeg 916w\" sizes=\"auto, (max-width: 300px) 100vw, 300px\" \/><\/a><\/span><\/p>\n<p><a href=\"https:\/\/dogpride.nl\/fr\/kleding\/jassen\/arrak-outdoor-jassen\/\"><img loading=\"lazy\" decoding=\"async\" class=\"alignnone\" title=\"Veste Polaire Arrak Hiker Homme Gris\" src=\"https:\/\/dogpride.nl\/wp-content\/uploads\/27024greysidemen1-150x150.jpg\" alt=\"Arrak Hiker Fleecejacket Men Grey\" width=\"150\" height=\"150\" \/><\/a><\/p>","protected":false},"excerpt":{"rendered":"<p>Polaire tr\u00e8s douce et fine qui devient facilement un favori. La veste a une poche tunnel \u00e0 l&#039;arri\u00e8re et deux grandes poches spacieuses \u00e0 l&#039;avant avec fermeture \u00e9clair.<\/p>","protected":false},"featured_media":45890,"template":"","meta":[],"product_brand":[],"product_cat":[24457],"product_tag":[],"class_list":{"0":"post-12060","1":"product","2":"type-product","3":"status-publish","4":"has-post-thumbnail","6":"product_cat-arrak-outdoor-heren-jassen","8":"first","9":"instock","10":"taxable","11":"shipping-taxable","12":"purchasable","13":"product-type-variable"},"mb":[],"mfb_rest_fields":["title"],"_links":{"self":[{"href":"https:\/\/dogpride.nl\/fr\/wp-json\/wp\/v2\/product\/12060","targetHints":{"allow":["GET"]}}],"collection":[{"href":"https:\/\/dogpride.nl\/fr\/wp-json\/wp\/v2\/product"}],"about":[{"href":"https:\/\/dogpride.nl\/fr\/wp-json\/wp\/v2\/types\/product"}],"wp:featuredmedia":[{"embeddable":true,"href":"https:\/\/dogpride.nl\/fr\/wp-json\/wp\/v2\/media\/45890"}],"wp:attachment":[{"href":"https:\/\/dogpride.nl\/fr\/wp-json\/wp\/v2\/media?parent=12060"}],"wp:term":[{"taxonomy":"product_brand","embeddable":true,"href":"https:\/\/dogpride.nl\/fr\/wp-json\/wp\/v2\/product_brand?post=12060"},{"taxonomy":"product_cat","embeddable":true,"href":"https:\/\/dogpride.nl\/fr\/wp-json\/wp\/v2\/product_cat?post=12060"},{"taxonomy":"product_tag","embeddable":true,"href":"https:\/\/dogpride.nl\/fr\/wp-json\/wp\/v2\/product_tag?post=12060"}],"curies":[{"name":"wp","href":"https:\/\/api.w.org\/{rel}","templated":true}]}}