{"id":12058,"date":"2021-04-09T12:05:32","date_gmt":"2021-04-09T10:05:32","guid":{"rendered":"https:\/\/dogpride1.wpengine.com\/product\/arrak-adventure-fleecejacket-men-olive-2\/"},"modified":"2026-02-19T12:51:59","modified_gmt":"2026-02-19T11:51:59","slug":"arrak-adventure-fleecejacket-olive-men-2","status":"publish","type":"product","link":"https:\/\/dogpride.nl\/fr\/arrak-adventure-fleecejacket-olive-men-2\/","title":{"rendered":"Veste Polaire Arrak Adventure Olive Homme"},"content":{"rendered":"<h4>Veste Polaire Arrak Adventure Olive Homme<\/h4>\n<p>La veste Arrak Adventure Fleece Olive Men est fabriqu\u00e9e en polaire tricot\u00e9e en polyester 100% avec un int\u00e9rieur bross\u00e9 pour une sensation plus douce. La veste a une poche tunnel \u00e0 l&#039;arri\u00e8re et deux grandes poches spacieuses \u00e0 l&#039;avant avec fermeture \u00e9clair.<br \/>\nUne veste polaire douce et douillette qui deviendra facilement votre pr\u00e9f\u00e9r\u00e9e.<\/p>\n<p>Molleton tricot\u00e9 en polyester 100%<br \/>\nInt\u00e9rieur bross\u00e9 doux<br \/>\n2 poches mains zipp\u00e9es sur le devant<br \/>\nPoche tunnel \u00e0 l&#039;arri\u00e8re avec fermeture \u00e9clair<br \/>\nCordon de serrage au bas de la taille<br \/>\nZip avant \u00e0 double sens<\/p>\n<p><strong>Tableau des tailles:<\/strong><\/p>\n<p><img loading=\"lazy\" decoding=\"async\" class=\"alignnone size-full wp-image-88038\" src=\"https:\/\/www.dogpride.nl\/wp-content\/uploads\/Maattabel-Tops-Men.jpg\" alt=\"Maattabel\" width=\"632\" height=\"678\" srcset=\"https:\/\/dogpride.nl\/wp-content\/uploads\/Maattabel-Tops-Men.jpg 632w, https:\/\/dogpride.nl\/wp-content\/uploads\/Maattabel-Tops-Men-250x268.jpg 250w, https:\/\/dogpride.nl\/wp-content\/uploads\/Maattabel-Tops-Men-400x429.jpg 400w, https:\/\/dogpride.nl\/wp-content\/uploads\/Maattabel-Tops-Men-280x300.jpg 280w, https:\/\/dogpride.nl\/wp-content\/uploads\/Maattabel-Tops-Men-200x215.jpg 200w, https:\/\/dogpride.nl\/wp-content\/uploads\/Maattabel-Tops-Men-600x644.jpg 600w\" sizes=\"auto, (max-width: 632px) 100vw, 632px\" \/><\/p>\n<p><span style=\"color: #ffffff;\"><a href=\"https:\/\/arrakoutdoor.com\/\" target=\"_blank\" rel=\"noopener\"><img loading=\"lazy\" decoding=\"async\" class=\"alignnone wp-image-139301 size-medium\" src=\"https:\/\/dogpride.nl\/wp-content\/uploads\/Arrak-300x118.jpeg\" alt=\"Logo\" width=\"300\" height=\"118\" srcset=\"https:\/\/dogpride.nl\/wp-content\/uploads\/Arrak-300x118.jpeg 300w, https:\/\/dogpride.nl\/wp-content\/uploads\/Arrak-768x303.jpeg 768w, https:\/\/dogpride.nl\/wp-content\/uploads\/Arrak-18x7.jpeg 18w, https:\/\/dogpride.nl\/wp-content\/uploads\/Arrak-250x99.jpeg 250w, https:\/\/dogpride.nl\/wp-content\/uploads\/Arrak-400x158.jpeg 400w, https:\/\/dogpride.nl\/wp-content\/uploads\/Arrak.jpeg 916w\" sizes=\"auto, (max-width: 300px) 100vw, 300px\" \/><\/a><\/span><\/p>\n<p><a href=\"https:\/\/dogpride.nl\/fr\/produit\/arrak-adventure-fleecejacket-men-black-2\/\">Ce gilet est \u00e9galement disponible en NOIR. Cliquer ici.<\/a><\/p>\n<p><a href=\"https:\/\/dogpride.nl\/fr\/kleding\/jassen\/arrak-outdoor-jassen\/\"><img loading=\"lazy\" decoding=\"async\" class=\"alignnone\" title=\"Veste Polaire Arrak Adventure Olive Homme\" src=\"https:\/\/dogpride.nl\/wp-content\/uploads\/27026_olive_side_men-150x150.jpg\" alt=\"Arrak Adventure Fleecejacket Olive Men\" width=\"150\" height=\"150\" \/><\/a><\/p>","protected":false},"excerpt":{"rendered":"<p>La veste a une poche tunnel \u00e0 l&#039;arri\u00e8re et deux grandes poches spacieuses \u00e0 l&#039;avant avec fermeture \u00e9clair. Une veste polaire douce et douillette qui deviendra facilement votre pr\u00e9f\u00e9r\u00e9e.<\/p>","protected":false},"featured_media":45880,"template":"","meta":[],"product_brand":[],"product_cat":[24457],"product_tag":[],"class_list":{"0":"post-12058","1":"product","2":"type-product","3":"status-publish","4":"has-post-thumbnail","6":"product_cat-arrak-outdoor-heren-jassen","8":"first","9":"instock","10":"taxable","11":"shipping-taxable","12":"purchasable","13":"product-type-variable"},"mb":[],"mfb_rest_fields":["title"],"_links":{"self":[{"href":"https:\/\/dogpride.nl\/fr\/wp-json\/wp\/v2\/product\/12058","targetHints":{"allow":["GET"]}}],"collection":[{"href":"https:\/\/dogpride.nl\/fr\/wp-json\/wp\/v2\/product"}],"about":[{"href":"https:\/\/dogpride.nl\/fr\/wp-json\/wp\/v2\/types\/product"}],"wp:featuredmedia":[{"embeddable":true,"href":"https:\/\/dogpride.nl\/fr\/wp-json\/wp\/v2\/media\/45880"}],"wp:attachment":[{"href":"https:\/\/dogpride.nl\/fr\/wp-json\/wp\/v2\/media?parent=12058"}],"wp:term":[{"taxonomy":"product_brand","embeddable":true,"href":"https:\/\/dogpride.nl\/fr\/wp-json\/wp\/v2\/product_brand?post=12058"},{"taxonomy":"product_cat","embeddable":true,"href":"https:\/\/dogpride.nl\/fr\/wp-json\/wp\/v2\/product_cat?post=12058"},{"taxonomy":"product_tag","embeddable":true,"href":"https:\/\/dogpride.nl\/fr\/wp-json\/wp\/v2\/product_tag?post=12058"}],"curies":[{"name":"wp","href":"https:\/\/api.w.org\/{rel}","templated":true}]}}