{"id":12056,"date":"2021-04-09T11:55:35","date_gmt":"2021-04-09T09:55:35","guid":{"rendered":"https:\/\/dogpride1.wpengine.com\/product\/arrak-hiker-fleecejacket-lady-grey-2\/"},"modified":"2025-10-30T17:50:37","modified_gmt":"2025-10-30T16:50:37","slug":"arrak-hiker-fleecejacket-lady-grey-2","status":"publish","type":"product","link":"https:\/\/dogpride.nl\/fr\/arrak-hiker-fleecejacket-lady-grey-2\/","title":{"rendered":"Veste Polaire Arrak Hiker Femme Gris"},"content":{"rendered":"<h4>Veste Polaire Arrak Hiker Femme Gris<\/h4>\n<p>La veste Arrak Hiker Fleece Jacket Lady Grey est fabriqu\u00e9e en polyester 100% avec une qualit\u00e9 polaire super douce. Polaire tr\u00e8s douce et fine qui devient facilement un favori. La veste a une poche tunnel \u00e0 l&#039;arri\u00e8re et deux grandes poches spacieuses \u00e0 l&#039;avant avec fermeture \u00e9clair.<\/p>\n<p>La polaire femme est l\u00e9g\u00e8rement cintr\u00e9e \u00e0 la taille.<\/p>\n<p>Molleton polyester 100%<br \/>\nsuper doux<br \/>\nAnti-boulochage \u00e0 l&#039;ext\u00e9rieur<br \/>\n2 grandes poches lat\u00e9rales \u00e0 l&#039;avant<br \/>\nPoche tunnel \u00e0 l&#039;arri\u00e8re<br \/>\nFermeture \u00e9clair \u00e0 double sens sur le devant<br \/>\nCordon de serrage au bas de la taille<\/p>\n<p><strong>Tableau des tailles:<\/strong><\/p>\n<p><img loading=\"lazy\" decoding=\"async\" class=\"alignnone size-full wp-image-88045\" src=\"https:\/\/www.dogpride.nl\/wp-content\/uploads\/Maattabel-Tops-lady.jpg\" alt=\"Maattabel\" width=\"632\" height=\"822\" srcset=\"https:\/\/dogpride.nl\/wp-content\/uploads\/Maattabel-Tops-lady.jpg 632w, https:\/\/dogpride.nl\/wp-content\/uploads\/Maattabel-Tops-lady-250x325.jpg 250w, https:\/\/dogpride.nl\/wp-content\/uploads\/Maattabel-Tops-lady-400x520.jpg 400w, https:\/\/dogpride.nl\/wp-content\/uploads\/Maattabel-Tops-lady-231x300.jpg 231w, https:\/\/dogpride.nl\/wp-content\/uploads\/Maattabel-Tops-lady-200x260.jpg 200w, https:\/\/dogpride.nl\/wp-content\/uploads\/Maattabel-Tops-lady-600x780.jpg 600w\" sizes=\"auto, (max-width: 632px) 100vw, 632px\" \/><\/p>\n<p><span style=\"color: #ffffff;\"><a href=\"https:\/\/arrakoutdoor.com\/\" target=\"_blank\" rel=\"noopener\"><img loading=\"lazy\" decoding=\"async\" class=\"alignnone wp-image-139301 size-medium\" src=\"https:\/\/dogpride.nl\/wp-content\/uploads\/Arrak-300x118.jpeg\" alt=\"Logo\" width=\"300\" height=\"118\" srcset=\"https:\/\/dogpride.nl\/wp-content\/uploads\/Arrak-300x118.jpeg 300w, https:\/\/dogpride.nl\/wp-content\/uploads\/Arrak-768x303.jpeg 768w, https:\/\/dogpride.nl\/wp-content\/uploads\/Arrak-18x7.jpeg 18w, https:\/\/dogpride.nl\/wp-content\/uploads\/Arrak-250x99.jpeg 250w, https:\/\/dogpride.nl\/wp-content\/uploads\/Arrak-400x158.jpeg 400w, https:\/\/dogpride.nl\/wp-content\/uploads\/Arrak.jpeg 916w\" sizes=\"auto, (max-width: 300px) 100vw, 300px\" \/><\/a><\/span><\/p>\n<p><a href=\"https:\/\/dogpride.nl\/fr\/kleding\/jassen\/arrak-outdoor-jassen\/\"><img loading=\"lazy\" decoding=\"async\" class=\"alignnone\" title=\"Veste Polaire Arrak Hiker Femme Gris\" src=\"https:\/\/dogpride.nl\/wp-content\/uploads\/27025greysidelady-150x150.jpg\" alt=\"Arrak Hiker Fleecejacket Lady Grey\" width=\"150\" height=\"150\" \/><\/a><\/p>","protected":false},"excerpt":{"rendered":"<p>Polaire tr\u00e8s douce et fine qui devient facilement un favori. La veste a une poche tunnel \u00e0 l&#039;arri\u00e8re et deux grandes poches spacieuses \u00e0 l&#039;avant avec fermeture \u00e9clair.<\/p>","protected":false},"featured_media":45872,"template":"","meta":[],"product_brand":[],"product_cat":[3853],"product_tag":[],"class_list":{"0":"post-12056","1":"product","2":"type-product","3":"status-publish","4":"has-post-thumbnail","6":"product_cat-arrak-outdoor-dames-jassen","8":"first","9":"instock","10":"taxable","11":"shipping-taxable","12":"purchasable","13":"product-type-variable"},"mb":[],"mfb_rest_fields":["title"],"_links":{"self":[{"href":"https:\/\/dogpride.nl\/fr\/wp-json\/wp\/v2\/product\/12056","targetHints":{"allow":["GET"]}}],"collection":[{"href":"https:\/\/dogpride.nl\/fr\/wp-json\/wp\/v2\/product"}],"about":[{"href":"https:\/\/dogpride.nl\/fr\/wp-json\/wp\/v2\/types\/product"}],"wp:featuredmedia":[{"embeddable":true,"href":"https:\/\/dogpride.nl\/fr\/wp-json\/wp\/v2\/media\/45872"}],"wp:attachment":[{"href":"https:\/\/dogpride.nl\/fr\/wp-json\/wp\/v2\/media?parent=12056"}],"wp:term":[{"taxonomy":"product_brand","embeddable":true,"href":"https:\/\/dogpride.nl\/fr\/wp-json\/wp\/v2\/product_brand?post=12056"},{"taxonomy":"product_cat","embeddable":true,"href":"https:\/\/dogpride.nl\/fr\/wp-json\/wp\/v2\/product_cat?post=12056"},{"taxonomy":"product_tag","embeddable":true,"href":"https:\/\/dogpride.nl\/fr\/wp-json\/wp\/v2\/product_tag?post=12056"}],"curies":[{"name":"wp","href":"https:\/\/api.w.org\/{rel}","templated":true}]}}