{"id":118822,"date":"2024-02-19T16:45:39","date_gmt":"2024-02-19T15:45:39","guid":{"rendered":"https:\/\/dogpride.nl\/?post_type=product&#038;p=118822"},"modified":"2026-03-13T09:49:46","modified_gmt":"2026-03-13T08:49:46","slug":"mooria-collar-black-intense","status":"publish","type":"product","link":"https:\/\/dogpride.nl\/fr\/mooria-collar-black-intense\/","title":{"rendered":"MOORIA Collar Black Intense"},"content":{"rendered":"<h4>MOORIA Collar Black Intense<\/h4>\n<p>MOORIA Collar Black Intense<\/p>\n<p>De MOORIA Collar Black Intense halsbanden en lijnen zijn gemaakt van functionele waterdichte stoffen. De basis is gemaakt van zwaar nylonweefsel dat bedekt is met bedrukte of monochrome softshell-stof.<br \/>\nNos colliers et laisses ont la m\u00eame fonctionnalit\u00e9 et la m\u00eame r\u00e9sistance que les produits en nylon populaires\u00a0; de plus, nous offrons une apparence attrayante gr\u00e2ce \u00e0 une large gamme de motifs, d&#039;imprim\u00e9s et de couleurs.<br \/>\nL&#039;excellente base textile n&#039;est pas le seul avantage de nos produits. Tous les autres mat\u00e9riels tels que les boucles, les anneaux et les mousquetons sont de haute qualit\u00e9 et trait\u00e9s selon des normes \u00e9lev\u00e9es.<br \/>\nNous n&#039;utilisons que du mat\u00e9riel provenant de fabricants soigneusement s\u00e9lectionn\u00e9s en Europe et aux \u00c9tats-Unis. Gr\u00e2ce \u00e0 l&#039;accent mis sur la haute qualit\u00e9 et la fonctionnalit\u00e9, nous pouvons proposer ces produits uniques, attrayants et \u00e9l\u00e9gants.<\/p>\n<p>* Une m\u00e9daille etc. peut \u00eatre attach\u00e9e au petit anneau.<\/p>\n<p>* Leverbaar met kunststof of aluminium sluiting. riemsluiting of als sliphalsband.<\/p>\n<p>*\u00a0Bijpassende lijnen leverbaar<\/p>\n<p><strong>Porte-nom\u00a0:<\/strong><\/p>\n<ul>\n<li>L&#039;ajout d&#039;un porte-nom permet de retrouver plus facilement votre chien lorsqu&#039;il s&#039;est enfui. Entrez le nom et le num\u00e9ro de t\u00e9l\u00e9phone du chien que vous voulez sur le collier exactement comme vous voulez qu&#039;ils apparaissent sur le collier - majuscules, espaces, format du num\u00e9ro de t\u00e9l\u00e9phone, etc.<\/li>\n<\/ul>\n<p><strong>Noeud papillon d\u00e9coratif :<\/strong><\/p>\n<ul>\n<li>Choisissez, si vous le souhaitez, d&#039;avoir un n\u0153ud papillon \u00e9l\u00e9gant pour le col. Le n\u0153ud papillon est sur une bande \u00e9lastique et est donc amovible. Le n\u0153ud papillon est produit dans le m\u00eame motif et la m\u00eame taille que le col.<\/li>\n<\/ul>\n<p><strong>Dimensions:<\/strong><\/p>\n<p><img loading=\"lazy\" decoding=\"async\" class=\"alignnone size-full wp-image-81263 lazyautosizes ls-is-cached lazyloaded\" src=\"https:\/\/www.dogpride.nl\/wp-content\/uploads\/mAATTABEL-mOORIA-HALSBANDEN-1.jpg\" sizes=\"auto, 816px\" srcset=\"https:\/\/www.dogpride.nl\/wp-content\/uploads\/mAATTABEL-mOORIA-HALSBANDEN-1-200x117.jpg 200w, https:\/\/www.dogpride.nl\/wp-content\/uploads\/mAATTABEL-mOORIA-HALSBANDEN-1-300x176.jpg 300w, https:\/\/www.dogpride.nl\/wp-content\/uploads\/mAATTABEL-mOORIA-HALSBANDEN-1-400x235.jpg 400w, https:\/\/www.dogpride.nl\/wp-content\/uploads\/mAATTABEL-mOORIA-HALSBANDEN-1-600x352.jpg 600w, https:\/\/www.dogpride.nl\/wp-content\/uploads\/mAATTABEL-mOORIA-HALSBANDEN-1-768x451.jpg 768w, https:\/\/www.dogpride.nl\/wp-content\/uploads\/mAATTABEL-mOORIA-HALSBANDEN-1-800x470.jpg 800w, https:\/\/www.dogpride.nl\/wp-content\/uploads\/mAATTABEL-mOORIA-HALSBANDEN-1.jpg 853w\" alt=\"Mooria Maatbabel\" width=\"853\" height=\"501\" data-orig-src=\"https:\/\/www.dogpride.nl\/wp-content\/uploads\/mAATTABEL-mOORIA-HALSBANDEN-1.jpg\" data-srcset=\"https:\/\/www.dogpride.nl\/wp-content\/uploads\/mAATTABEL-mOORIA-HALSBANDEN-1-200x117.jpg 200w, https:\/\/www.dogpride.nl\/wp-content\/uploads\/mAATTABEL-mOORIA-HALSBANDEN-1-300x176.jpg 300w, https:\/\/www.dogpride.nl\/wp-content\/uploads\/mAATTABEL-mOORIA-HALSBANDEN-1-400x235.jpg 400w, https:\/\/www.dogpride.nl\/wp-content\/uploads\/mAATTABEL-mOORIA-HALSBANDEN-1-600x352.jpg 600w, https:\/\/www.dogpride.nl\/wp-content\/uploads\/mAATTABEL-mOORIA-HALSBANDEN-1-768x451.jpg 768w, https:\/\/www.dogpride.nl\/wp-content\/uploads\/mAATTABEL-mOORIA-HALSBANDEN-1-800x470.jpg 800w, https:\/\/www.dogpride.nl\/wp-content\/uploads\/mAATTABEL-mOORIA-HALSBANDEN-1.jpg 853w\" data-sizes=\"auto\" data-orig-sizes=\"(max-width: 853px) 100vw, 853px\" \/><\/p>\n<p>Zie voor bijpassende lijn:<\/p>\n<p><a href=\"https:\/\/dogpride.nl\/fr\/mooria-hondenlijn-black-intense\/\">https:\/\/dogpride.nl\/mooria-hondenlijn-black-intense<\/a><\/p>\n<p><a href=\"https:\/\/dogpride.nl\/fr\/hondenhalsbanden\/mooria-hondenhalsbanden\/\"><img loading=\"lazy\" decoding=\"async\" class=\"alignnone\" title=\"MOORIA Collar Black Intense\" src=\"https:\/\/dogpride.nl\/wp-content\/uploads\/set1-black-intense-150x150.jpg\" alt=\"MOORIA Collar Black Intense\" width=\"150\" height=\"150\" \/><\/a><\/p>\n<p><a href=\"https:\/\/www.mooria.eu\/\" target=\"_blank\" rel=\"noopener\"><img loading=\"lazy\" decoding=\"async\" class=\"alignnone wp-image-118346 size-full\" src=\"https:\/\/dogpride.nl\/wp-content\/uploads\/Logo-MOORIA-2.png\" sizes=\"auto, (max-width: 233px) 100vw, 233px\" srcset=\"https:\/\/dogpride.nl\/wp-content\/uploads\/Logo-MOORIA-2.png 233w, https:\/\/dogpride.nl\/wp-content\/uploads\/Logo-MOORIA-2-18x4.png 18w\" alt=\"Logo Mooria\" width=\"233\" height=\"53\" \/><\/a><\/p>","protected":false},"excerpt":{"rendered":"<p>De MOORIA Collar Black Intense halsbanden en lijnen zijn gemaakt van functionele waterdichte stoffen. De basis is gemaakt van zwaar nylonweefsel dat bedekt is met bedrukte of monochrome softshell-stof.<\/p>","protected":false},"featured_media":118836,"template":"","meta":[],"product_brand":[],"product_cat":[696],"product_tag":[7115,6942,5238,3288,7116,6228,5161,4739,2969],"class_list":{"0":"post-118822","1":"product","2":"type-product","3":"status-publish","4":"has-post-thumbnail","6":"product_cat-mooria-hondenhalsbanden","7":"product_tag-black-intense","8":"product_tag-collar","9":"product_tag-halsband","10":"product_tag-honden","11":"product_tag-intens","12":"product_tag-mooria","13":"product_tag-nylon","14":"product_tag-softshell","15":"product_tag-zwart","17":"first","18":"instock","19":"taxable","20":"shipping-taxable","21":"purchasable","22":"product-type-variable"},"mb":[],"mfb_rest_fields":["title"],"_links":{"self":[{"href":"https:\/\/dogpride.nl\/fr\/wp-json\/wp\/v2\/product\/118822","targetHints":{"allow":["GET"]}}],"collection":[{"href":"https:\/\/dogpride.nl\/fr\/wp-json\/wp\/v2\/product"}],"about":[{"href":"https:\/\/dogpride.nl\/fr\/wp-json\/wp\/v2\/types\/product"}],"wp:featuredmedia":[{"embeddable":true,"href":"https:\/\/dogpride.nl\/fr\/wp-json\/wp\/v2\/media\/118836"}],"wp:attachment":[{"href":"https:\/\/dogpride.nl\/fr\/wp-json\/wp\/v2\/media?parent=118822"}],"wp:term":[{"taxonomy":"product_brand","embeddable":true,"href":"https:\/\/dogpride.nl\/fr\/wp-json\/wp\/v2\/product_brand?post=118822"},{"taxonomy":"product_cat","embeddable":true,"href":"https:\/\/dogpride.nl\/fr\/wp-json\/wp\/v2\/product_cat?post=118822"},{"taxonomy":"product_tag","embeddable":true,"href":"https:\/\/dogpride.nl\/fr\/wp-json\/wp\/v2\/product_tag?post=118822"}],"curies":[{"name":"wp","href":"https:\/\/api.w.org\/{rel}","templated":true}]}}