{"id":118814,"date":"2024-02-19T16:43:15","date_gmt":"2024-02-19T15:43:15","guid":{"rendered":"https:\/\/dogpride.nl\/?post_type=product&#038;p=118814"},"modified":"2025-11-27T12:37:16","modified_gmt":"2025-11-27T11:37:16","slug":"mooria-hondenlijn-black-intense","status":"publish","type":"product","link":"https:\/\/dogpride.nl\/fr\/mooria-hondenlijn-black-intense\/","title":{"rendered":"MOORIA hondenlijn Black Intense"},"content":{"rendered":"<h4>MOORIA hondenlijn Black Intense<\/h4>\n<p>MOORIA hondenlijn Black Intense<\/p>\n<p>De MOORIA lijnen zijn gemaakt van functionele waterdichte stoffen. De basis is gemaakt van zwaar nylonweefsel dat bedekt is met bedrukte of monochrome softshell-stof.<br \/>\nNos colliers et laisses ont la m\u00eame fonctionnalit\u00e9 et la m\u00eame r\u00e9sistance que les produits en nylon populaires\u00a0; de plus, nous offrons une apparence attrayante gr\u00e2ce \u00e0 une large gamme de motifs, d&#039;imprim\u00e9s et de couleurs.<\/p>\n<p><a href=\"https:\/\/dogpride.nl\/fr\/lijnen-en-tuigjes-voor-honden\/mooria-hondenlijnen\/\"><img loading=\"lazy\" decoding=\"async\" class=\"alignnone\" title=\"MOORIA hondenlijn Black Intense\" src=\"https:\/\/dogpride.nl\/wp-content\/uploads\/vod1-black-intense.jpg\" alt=\"MOORIA hondenlijn Black Intense\" width=\"177\" height=\"118\" \/><\/a><\/p>\n<p>Vous pouvez choisir parmi deux types de lignes, simples et doubles.<br \/>\nCertaines lignes mesurent 1,3 m\u00e8tre de long et sont \u00e9quip\u00e9es d&#039;un mousqueton. Ce sont des laisses typiques destin\u00e9es \u00e0 promener un chien.<br \/>\nLes laisses doubles mesurent 2,6 m\u00e8tres de long avec deux mousquetons con\u00e7us pour promener deux chiens ou ajuster individuellement la taille de la laisse - 135, 185 et 205 cm.<\/p>\n<h3><strong>largeurs\u00a0:<\/strong><\/h3>\n<ul>\n<li>S&gt;1.6cm<\/li>\n<li>M &gt; 2cm<\/li>\n<li>L &gt; 2,5 cm<\/li>\n<\/ul>\n<p><a href=\"https:\/\/dogpride.nl\/fr\/lijnen-en-tuigjes-voor-honden\/mooria-hondenlijnen\/\"><img loading=\"lazy\" decoding=\"async\" class=\"alignnone\" title=\"MOORIA hondenlijn Black Intense\" src=\"https:\/\/dogpride.nl\/wp-content\/uploads\/vod1-black-intense.jpg\" alt=\"MOORIA hondenlijn Black Intense\" width=\"177\" height=\"118\" \/><\/a><\/p>\n<p><strong>Zie voor bijpassende halsband:<\/strong><\/p>\n<p><a href=\"https:\/\/.nl\/mooria-collar-black-intense\/\">https:\/\/.nl\/mooria-collar-black-intense\/<\/a><\/p>\n<p><a href=\"https:\/\/www.mooria.eu\/\" target=\"_blank\" rel=\"noopener\"><img loading=\"lazy\" decoding=\"async\" class=\"alignnone wp-image-118346 size-full\" src=\"https:\/\/dogpride.nl\/wp-content\/uploads\/Logo-MOORIA-2.png\" sizes=\"auto, (max-width: 233px) 100vw, 233px\" srcset=\"https:\/\/dogpride.nl\/wp-content\/uploads\/Logo-MOORIA-2.png 233w, https:\/\/dogpride.nl\/wp-content\/uploads\/Logo-MOORIA-2-18x4.png 18w\" alt=\"Logo Mooria\" width=\"233\" height=\"53\" \/><\/a><\/p>","protected":false},"excerpt":{"rendered":"<p>De MOORIA lijnen zijn gemaakt van functionele waterdichte stoffen. De basis is gemaakt van zwaar nylonweefsel dat bedekt is met bedrukte of monochrome softshell-stof.<\/p>","protected":false},"featured_media":118821,"template":"","meta":[],"product_brand":[],"product_cat":[1911],"product_tag":[7115,5238,7116,5619,6228,5161,4739,2969],"class_list":{"0":"post-118814","1":"product","2":"type-product","3":"status-publish","4":"has-post-thumbnail","6":"product_cat-mooria-hondenlijnen","7":"product_tag-black-intense","8":"product_tag-halsband","9":"product_tag-intens","10":"product_tag-lijn","11":"product_tag-mooria","12":"product_tag-nylon","13":"product_tag-softshell","14":"product_tag-zwart","16":"first","17":"instock","18":"taxable","19":"shipping-taxable","20":"purchasable","21":"product-type-variable"},"mb":[],"mfb_rest_fields":["title"],"_links":{"self":[{"href":"https:\/\/dogpride.nl\/fr\/wp-json\/wp\/v2\/product\/118814","targetHints":{"allow":["GET"]}}],"collection":[{"href":"https:\/\/dogpride.nl\/fr\/wp-json\/wp\/v2\/product"}],"about":[{"href":"https:\/\/dogpride.nl\/fr\/wp-json\/wp\/v2\/types\/product"}],"wp:featuredmedia":[{"embeddable":true,"href":"https:\/\/dogpride.nl\/fr\/wp-json\/wp\/v2\/media\/118821"}],"wp:attachment":[{"href":"https:\/\/dogpride.nl\/fr\/wp-json\/wp\/v2\/media?parent=118814"}],"wp:term":[{"taxonomy":"product_brand","embeddable":true,"href":"https:\/\/dogpride.nl\/fr\/wp-json\/wp\/v2\/product_brand?post=118814"},{"taxonomy":"product_cat","embeddable":true,"href":"https:\/\/dogpride.nl\/fr\/wp-json\/wp\/v2\/product_cat?post=118814"},{"taxonomy":"product_tag","embeddable":true,"href":"https:\/\/dogpride.nl\/fr\/wp-json\/wp\/v2\/product_tag?post=118814"}],"curies":[{"name":"wp","href":"https:\/\/api.w.org\/{rel}","templated":true}]}}