{"id":118614,"date":"2024-02-19T15:35:24","date_gmt":"2024-02-19T14:35:24","guid":{"rendered":"https:\/\/dogpride.nl\/?post_type=product&#038;p=118614"},"modified":"2026-03-13T09:49:08","modified_gmt":"2026-03-13T08:49:08","slug":"mooria-collar-keep-calm","status":"publish","type":"product","link":"https:\/\/dogpride.nl\/fr\/mooria-collar-keep-calm\/","title":{"rendered":"MOORIA Collar Keep Calm"},"content":{"rendered":"<h4>MOORIA Collar Keep Calm<\/h4>\n<p>MOORIA Collar Keep Calm<\/p>\n<p>De MOORIA halsbanden en lijnen zijn gemaakt van functionele waterdichte stoffen. De basis is gemaakt van zwaar nylonweefsel dat bedekt is met bedrukte of monochrome softshell-stof.<br \/>\nNos colliers et laisses ont la m\u00eame fonctionnalit\u00e9 et la m\u00eame r\u00e9sistance que les produits en nylon populaires\u00a0; de plus, nous offrons une apparence attrayante gr\u00e2ce \u00e0 une large gamme de motifs, d&#039;imprim\u00e9s et de couleurs.<br \/>\nL&#039;excellente base textile n&#039;est pas le seul avantage de nos produits. Tous les autres mat\u00e9riels tels que les boucles, les anneaux et les mousquetons sont de haute qualit\u00e9 et trait\u00e9s selon des normes \u00e9lev\u00e9es.<br \/>\nNous n&#039;utilisons que du mat\u00e9riel provenant de fabricants soigneusement s\u00e9lectionn\u00e9s en Europe et aux \u00c9tats-Unis. Gr\u00e2ce \u00e0 l&#039;accent mis sur la haute qualit\u00e9 et la fonctionnalit\u00e9, nous pouvons proposer ces produits uniques, attrayants et \u00e9l\u00e9gants.<\/p>\n<p>* Une m\u00e9daille etc. peut \u00eatre attach\u00e9e au petit anneau.<\/p>\n<p>* Leverbaar met kunststof of aluminium sluiting. riemsluiting of als sliphalsband.<\/p>\n<p>*\u00a0Bijpassende lijnen leverbaar<\/p>\n<p><strong>Porte-nom\u00a0:<\/strong><\/p>\n<ul>\n<li>Door een naamtag toe te voegen wordt jouw hond makkelijker teruggevonden wanneer deze is weggelopen.<br \/>\nVul de naam van de hond en het telefoonnummer dat u op de halsband wilt hebben precies in op de manier waarop u deze op de halsband wilt weergeven \u2013 hoofdletters, spaties, telefoonnummer formaat etc.<\/li>\n<\/ul>\n<p><strong>Noeud papillon d\u00e9coratif :<\/strong><\/p>\n<ul>\n<li>Choisissez, si vous le souhaitez, d&#039;avoir un n\u0153ud papillon \u00e9l\u00e9gant pour le col. Le n\u0153ud papillon est sur une bande \u00e9lastique et est donc amovible. Le n\u0153ud papillon est produit dans le m\u00eame motif et la m\u00eame taille que le col.<\/li>\n<\/ul>\n<p><strong>Dimensions:<\/strong><\/p>\n<p><img loading=\"lazy\" decoding=\"async\" class=\"alignnone size-full wp-image-81263 lazyautosizes ls-is-cached lazyloaded\" src=\"https:\/\/www.dogpride.nl\/wp-content\/uploads\/mAATTABEL-mOORIA-HALSBANDEN-1.jpg\" sizes=\"auto, 816px\" srcset=\"https:\/\/www.dogpride.nl\/wp-content\/uploads\/mAATTABEL-mOORIA-HALSBANDEN-1-200x117.jpg 200w, https:\/\/www.dogpride.nl\/wp-content\/uploads\/mAATTABEL-mOORIA-HALSBANDEN-1-300x176.jpg 300w, https:\/\/www.dogpride.nl\/wp-content\/uploads\/mAATTABEL-mOORIA-HALSBANDEN-1-400x235.jpg 400w, https:\/\/www.dogpride.nl\/wp-content\/uploads\/mAATTABEL-mOORIA-HALSBANDEN-1-600x352.jpg 600w, https:\/\/www.dogpride.nl\/wp-content\/uploads\/mAATTABEL-mOORIA-HALSBANDEN-1-768x451.jpg 768w, https:\/\/www.dogpride.nl\/wp-content\/uploads\/mAATTABEL-mOORIA-HALSBANDEN-1-800x470.jpg 800w, https:\/\/www.dogpride.nl\/wp-content\/uploads\/mAATTABEL-mOORIA-HALSBANDEN-1.jpg 853w\" alt=\"Mooria Maatbabel\" width=\"853\" height=\"501\" data-orig-src=\"https:\/\/www.dogpride.nl\/wp-content\/uploads\/mAATTABEL-mOORIA-HALSBANDEN-1.jpg\" data-srcset=\"https:\/\/www.dogpride.nl\/wp-content\/uploads\/mAATTABEL-mOORIA-HALSBANDEN-1-200x117.jpg 200w, https:\/\/www.dogpride.nl\/wp-content\/uploads\/mAATTABEL-mOORIA-HALSBANDEN-1-300x176.jpg 300w, https:\/\/www.dogpride.nl\/wp-content\/uploads\/mAATTABEL-mOORIA-HALSBANDEN-1-400x235.jpg 400w, https:\/\/www.dogpride.nl\/wp-content\/uploads\/mAATTABEL-mOORIA-HALSBANDEN-1-600x352.jpg 600w, https:\/\/www.dogpride.nl\/wp-content\/uploads\/mAATTABEL-mOORIA-HALSBANDEN-1-768x451.jpg 768w, https:\/\/www.dogpride.nl\/wp-content\/uploads\/mAATTABEL-mOORIA-HALSBANDEN-1-800x470.jpg 800w, https:\/\/www.dogpride.nl\/wp-content\/uploads\/mAATTABEL-mOORIA-HALSBANDEN-1.jpg 853w\" data-sizes=\"auto\" data-orig-sizes=\"(max-width: 853px) 100vw, 853px\" \/><\/p>\n<p>Bijpassende lijn:<\/p>\n<p><a href=\"https:\/\/dogpride.nl\/fr\/mooria-hondenlijn-keep-calm\/\">https:\/\/dogpride.nl\/mooria-hondenlijn-keep-calm<\/a><\/p>\n<p><a href=\"https:\/\/www.mooria.eu\/\" target=\"_blank\" rel=\"noopener\"><img loading=\"lazy\" decoding=\"async\" class=\"alignnone wp-image-118346 size-full\" src=\"https:\/\/dogpride.nl\/wp-content\/uploads\/Logo-MOORIA-2.png\" sizes=\"auto, (max-width: 233px) 100vw, 233px\" srcset=\"https:\/\/dogpride.nl\/wp-content\/uploads\/Logo-MOORIA-2.png 233w, https:\/\/dogpride.nl\/wp-content\/uploads\/Logo-MOORIA-2-18x4.png 18w\" alt=\"Logo Mooria\" width=\"233\" height=\"53\" \/><\/a><\/p>\n<p><a href=\"https:\/\/dogpride.nl\/fr\/hondenhalsbanden\/mooria-hondenhalsbanden\/\"><img loading=\"lazy\" decoding=\"async\" class=\"alignnone\" title=\"MOORIA Collar Keep Calm\" src=\"https:\/\/dogpride.nl\/wp-content\/uploads\/set1-keep-calm-150x150.jpg\" alt=\"MOORIA Collar Keep Calm\" width=\"150\" height=\"150\" \/><\/a><\/p>","protected":false},"excerpt":{"rendered":"<p>De MOORIA Collar Keep Calm halsbanden en lijnen zijn gemaakt van functionele waterdichte stoffen. De basis is gemaakt van zwaar nylonweefsel dat bedekt is met bedrukte of monochrome softshell-stof.<\/p>","protected":false},"featured_media":118627,"template":"","meta":[],"product_brand":[],"product_cat":[696],"product_tag":[6942,5238,3288,7100,6228,5161,7101,4739],"class_list":{"0":"post-118614","1":"product","2":"type-product","3":"status-publish","4":"has-post-thumbnail","6":"product_cat-mooria-hondenhalsbanden","7":"product_tag-collar","8":"product_tag-halsband","9":"product_tag-honden","10":"product_tag-keep-calm","11":"product_tag-mooria","12":"product_tag-nylon","13":"product_tag-rustig","14":"product_tag-softshell","16":"first","17":"instock","18":"taxable","19":"shipping-taxable","20":"purchasable","21":"product-type-variable"},"mb":[],"mfb_rest_fields":["title"],"_links":{"self":[{"href":"https:\/\/dogpride.nl\/fr\/wp-json\/wp\/v2\/product\/118614","targetHints":{"allow":["GET"]}}],"collection":[{"href":"https:\/\/dogpride.nl\/fr\/wp-json\/wp\/v2\/product"}],"about":[{"href":"https:\/\/dogpride.nl\/fr\/wp-json\/wp\/v2\/types\/product"}],"wp:featuredmedia":[{"embeddable":true,"href":"https:\/\/dogpride.nl\/fr\/wp-json\/wp\/v2\/media\/118627"}],"wp:attachment":[{"href":"https:\/\/dogpride.nl\/fr\/wp-json\/wp\/v2\/media?parent=118614"}],"wp:term":[{"taxonomy":"product_brand","embeddable":true,"href":"https:\/\/dogpride.nl\/fr\/wp-json\/wp\/v2\/product_brand?post=118614"},{"taxonomy":"product_cat","embeddable":true,"href":"https:\/\/dogpride.nl\/fr\/wp-json\/wp\/v2\/product_cat?post=118614"},{"taxonomy":"product_tag","embeddable":true,"href":"https:\/\/dogpride.nl\/fr\/wp-json\/wp\/v2\/product_tag?post=118614"}],"curies":[{"name":"wp","href":"https:\/\/api.w.org\/{rel}","templated":true}]}}