{"id":11827,"date":"2021-03-19T15:47:23","date_gmt":"2021-03-19T14:47:23","guid":{"rendered":"https:\/\/dogpride1.wpengine.com\/product\/hst-winteroverall-in-diverse-kleuren-unisex\/"},"modified":"2025-11-06T17:07:57","modified_gmt":"2025-11-06T16:07:57","slug":"hst-winteroverall-in-diverse-kleuren-unisex","status":"publish","type":"product","link":"https:\/\/dogpride.nl\/fr\/hst-winteroverall-in-diverse-kleuren-unisex\/","title":{"rendered":"Combinaison d&#039;hiver HST en diff\u00e9rentes couleurs Unisexe"},"content":{"rendered":"<h4>Combinaison d&#039;hiver HST en diff\u00e9rentes couleurs Unisexe<\/h4>\n<p>Combinaison d&#039;hiver HST en diff\u00e9rentes couleurs Unisexe<\/p>\n<p>Combinaison d&#039;hiver HST en diff\u00e9rentes couleurs Unisexe. Combinaison d&#039;hiver tr\u00e8s pratique, qui s&#039;utilise pendant les entra\u00eenements la majeure partie de l&#039;ann\u00e9e, mais surtout par mauvais temps, o\u00f9 elle prot\u00e8ge parfaitement les v\u00eatements personnels du manieur contre la salissure. Le pantalon a des fermetures \u00e9clair du bas jusqu&#039;aux genoux, pour un enfilage et un retrait faciles, m\u00eame avec des chaussures aux pieds. La combinaison a deux poches zipp\u00e9es inf\u00e9rieures et deux sup\u00e9rieures. Il est l\u00e9g\u00e8rement d\u00e9cor\u00e9 de garnitures de couleurs facultatives sur les manches et les selles avec le logo Hubble.<\/p>\n<ul>\n<li>Mat\u00e9riel: plastique<\/li>\n<li>Couleur en combinaison avec le noir : gris, rouge, bleu, noir, vert kaki, rose clair, bleu clair, vert clair, orange<\/li>\n<li>Taille : XS, S, M, L, XL, XXL<\/li>\n<li>Conception : unisexe<\/li>\n<\/ul>\n<div>Application appropri\u00e9e: broderie<\/div>\n<div>Lors de la commande, indiquez le choix de la couleur des bras (manches et selles) et le choix de la couleur des rayures (paspule).<\/div>\n<div><strong>\u00a0<\/strong><\/div>\n<div><strong>G\u00e9n\u00e9ral<\/strong><br \/>\ncouleur: noir de base + gris, rouge, bleu, noir, vert fonc\u00e9, rose brillant, bleu brillant, vert brillant, orange brillant<br \/>\nTaille : XS, S, M, L, XL, XXL<br \/>\nType : UNISEXE<\/div>\n<div><\/div>\n<div><a href=\"https:\/\/dogpride.nl\/fr\/kleding\/broeken\/hst-broeken\/\"><img loading=\"lazy\" decoding=\"async\" class=\"alignnone\" title=\"Combinaison d&#039;hiver HST en diff\u00e9rentes couleurs Unisexe\" src=\"https:\/\/dogpride.nl\/wp-content\/uploads\/overalls-geisoleerd2-0-150x150.jpg\" alt=\"HST Winteroverall in diverse kleuren Unisex\" width=\"150\" height=\"150\" \/><\/a><\/div>\n<div><\/div>\n<div><a href=\"https:\/\/www.hst-eshop.cz\/\" target=\"_blank\" rel=\"noopener\"><img loading=\"lazy\" decoding=\"async\" class=\"alignnone wp-image-141846 size-medium\" src=\"https:\/\/dogpride.nl\/wp-content\/uploads\/Logo-HST-3-300x74.jpg\" alt=\"\" width=\"300\" height=\"74\" srcset=\"https:\/\/dogpride.nl\/wp-content\/uploads\/Logo-HST-3-300x74.jpg 300w, https:\/\/dogpride.nl\/wp-content\/uploads\/Logo-HST-3-1024x252.jpg 1024w, https:\/\/dogpride.nl\/wp-content\/uploads\/Logo-HST-3-768x189.jpg 768w, https:\/\/dogpride.nl\/wp-content\/uploads\/Logo-HST-3-1536x378.jpg 1536w, https:\/\/dogpride.nl\/wp-content\/uploads\/Logo-HST-3-2048x504.jpg 2048w, https:\/\/dogpride.nl\/wp-content\/uploads\/Logo-HST-3-18x4.jpg 18w, https:\/\/dogpride.nl\/wp-content\/uploads\/Logo-HST-3-250x62.jpg 250w, https:\/\/dogpride.nl\/wp-content\/uploads\/Logo-HST-3-400x98.jpg 400w\" sizes=\"auto, (max-width: 300px) 100vw, 300px\" \/><\/a><\/div>","protected":false},"excerpt":{"rendered":"<p>Combinaison d&#039;hiver en diff\u00e9rentes couleurs Unisexe. Combinaison d&#039;hiver tr\u00e8s pratique, qui est utilis\u00e9e pendant l&#039;entra\u00eenement presque toute l&#039;ann\u00e9e.<\/p>","protected":false},"featured_media":45242,"template":"","meta":[],"product_brand":[],"product_cat":[3863],"product_tag":[],"class_list":{"0":"post-11827","1":"product","2":"type-product","3":"status-publish","4":"has-post-thumbnail","6":"product_cat-hst-broeken","8":"first","9":"instock","10":"taxable","11":"shipping-taxable","12":"purchasable","13":"product-type-variable"},"mb":[],"mfb_rest_fields":["title"],"_links":{"self":[{"href":"https:\/\/dogpride.nl\/fr\/wp-json\/wp\/v2\/product\/11827","targetHints":{"allow":["GET"]}}],"collection":[{"href":"https:\/\/dogpride.nl\/fr\/wp-json\/wp\/v2\/product"}],"about":[{"href":"https:\/\/dogpride.nl\/fr\/wp-json\/wp\/v2\/types\/product"}],"wp:featuredmedia":[{"embeddable":true,"href":"https:\/\/dogpride.nl\/fr\/wp-json\/wp\/v2\/media\/45242"}],"wp:attachment":[{"href":"https:\/\/dogpride.nl\/fr\/wp-json\/wp\/v2\/media?parent=11827"}],"wp:term":[{"taxonomy":"product_brand","embeddable":true,"href":"https:\/\/dogpride.nl\/fr\/wp-json\/wp\/v2\/product_brand?post=11827"},{"taxonomy":"product_cat","embeddable":true,"href":"https:\/\/dogpride.nl\/fr\/wp-json\/wp\/v2\/product_cat?post=11827"},{"taxonomy":"product_tag","embeddable":true,"href":"https:\/\/dogpride.nl\/fr\/wp-json\/wp\/v2\/product_tag?post=11827"}],"curies":[{"name":"wp","href":"https:\/\/api.w.org\/{rel}","templated":true}]}}