{"id":11806,"date":"2021-03-18T16:43:28","date_gmt":"2021-03-18T15:43:28","guid":{"rendered":"https:\/\/dogpride1.wpengine.com\/product\/hst-trainingsvest-lady-trend-2\/"},"modified":"2025-11-10T11:46:56","modified_gmt":"2025-11-10T10:46:56","slug":"hst-trainingsvest-lady-trend-2","status":"publish","type":"product","link":"https:\/\/dogpride.nl\/fr\/hst-trainingsvest-lady-trend-2\/","title":{"rendered":"Gilet d&#039;entra\u00eenement HST LADY TREND"},"content":{"rendered":"<h4>Gilet d&#039;entra\u00eenement HST LADY TREND<\/h4>\n<p>Gilet d&#039;entra\u00eenement HST LADY TREND. Ce gilet est principalement con\u00e7u pour le temps d&#039;entra\u00eenement.<br \/>\nIl est \u00e9quip\u00e9 des poches dites fran\u00e7aises \u00e0 l&#039;avant et \u00e0 l&#039;arri\u00e8re, en partie basse pour faciliter le rangement et le retrait des accessoires pour l&#039;entra\u00eenement.<br \/>\nDans la partie avant, au milieu, il y a deux sacs de dressage plus classiques pour r\u00e9compenser le chien.<br \/>\nAu sommet se trouve notre syst\u00e8me de r\u00e9compense unique. Lorsqu&#039;il est port\u00e9 normalement, ce syst\u00e8me est assorti au gilet et est presque invisible.<br \/>\nLorsque vous avez besoin de r\u00e9compenser un chien, il se replie en quelques secondes, dans lequel la r\u00e9compense est cach\u00e9e. Le syst\u00e8me s&#039;ouvre d&#039;un seul coup et la r\u00e9compense tombe spontan\u00e9ment.<br \/>\nLa taille est \u00e9quip\u00e9e d&#039;un caoutchouc \u00e0 enfiler.<\/p>\n<p>Le gilet est orn\u00e9 de paspule vert fluo.<br \/>\nLe mat\u00e9riau est synth\u00e9tique m\u00e9caniquement tr\u00e8s r\u00e9sistant avec rev\u00eatement.<br \/>\nMati\u00e8re : synth\u00e9tique + doublure en coton 100%<br \/>\nConception: dames<br \/>\nCouleur noir \/ vert fluo<br \/>\nTailles : S, M, L, XL, XXL<\/p>\n<p><strong>Tableau des tailles:<\/strong><\/p>\n<p><img loading=\"lazy\" decoding=\"async\" class=\"alignnone wp-image-115230 size-large\" src=\"https:\/\/dogpride.nl\/wp-content\/uploads\/vyrp13_372Tabulka-velikosti-vestya-LADYHOOT-725x1024.gif\" alt=\"Maattabel\" width=\"725\" height=\"1024\" srcset=\"https:\/\/dogpride.nl\/wp-content\/uploads\/vyrp13_372Tabulka-velikosti-vestya-LADYHOOT-725x1024.gif 725w, https:\/\/dogpride.nl\/wp-content\/uploads\/vyrp13_372Tabulka-velikosti-vestya-LADYHOOT-250x353.gif 250w, https:\/\/dogpride.nl\/wp-content\/uploads\/vyrp13_372Tabulka-velikosti-vestya-LADYHOOT-400x565.gif 400w, https:\/\/dogpride.nl\/wp-content\/uploads\/vyrp13_372Tabulka-velikosti-vestya-LADYHOOT-212x300.gif 212w, https:\/\/dogpride.nl\/wp-content\/uploads\/vyrp13_372Tabulka-velikosti-vestya-LADYHOOT-768x1085.gif 768w, https:\/\/dogpride.nl\/wp-content\/uploads\/vyrp13_372Tabulka-velikosti-vestya-LADYHOOT-1087x1536.gif 1087w, https:\/\/dogpride.nl\/wp-content\/uploads\/vyrp13_372Tabulka-velikosti-vestya-LADYHOOT-1449x2048.gif 1449w, https:\/\/dogpride.nl\/wp-content\/uploads\/vyrp13_372Tabulka-velikosti-vestya-LADYHOOT-8x12.gif 8w\" sizes=\"auto, (max-width: 725px) 100vw, 725px\" \/><\/p>\n<p><a href=\"https:\/\/www.hst-eshop.cz\/\" target=\"_blank\" rel=\"noopener\"><img loading=\"lazy\" decoding=\"async\" class=\"alignnone wp-image-141846 size-medium\" src=\"https:\/\/dogpride.nl\/wp-content\/uploads\/Logo-HST-3-300x74.jpg\" alt=\"\" width=\"300\" height=\"74\" srcset=\"https:\/\/dogpride.nl\/wp-content\/uploads\/Logo-HST-3-300x74.jpg 300w, https:\/\/dogpride.nl\/wp-content\/uploads\/Logo-HST-3-1024x252.jpg 1024w, https:\/\/dogpride.nl\/wp-content\/uploads\/Logo-HST-3-768x189.jpg 768w, https:\/\/dogpride.nl\/wp-content\/uploads\/Logo-HST-3-1536x378.jpg 1536w, https:\/\/dogpride.nl\/wp-content\/uploads\/Logo-HST-3-2048x504.jpg 2048w, https:\/\/dogpride.nl\/wp-content\/uploads\/Logo-HST-3-18x4.jpg 18w, https:\/\/dogpride.nl\/wp-content\/uploads\/Logo-HST-3-250x62.jpg 250w, https:\/\/dogpride.nl\/wp-content\/uploads\/Logo-HST-3-400x98.jpg 400w\" sizes=\"auto, (max-width: 300px) 100vw, 300px\" \/><\/a><\/p>\n<p>&nbsp;<\/p>\n<p><a href=\"https:\/\/dogpride.nl\/fr\/kleding\/trainingsvesten\/hst-trainingsvesten\/\"><img loading=\"lazy\" decoding=\"async\" class=\"alignnone\" title=\"Gilet d&#039;entra\u00eenement HST LADY TREND\" src=\"https:\/\/dogpride.nl\/wp-content\/uploads\/vesta-lady-trend-1-150x150.jpg\" alt=\"HST trainingsvest LADY TREND\" width=\"150\" height=\"150\" \/><\/a><\/p>","protected":false},"excerpt":{"rendered":"<p>Ce gilet est \u00e9quip\u00e9 des poches dites fran\u00e7aises \u00e0 l&#039;avant et \u00e0 l&#039;arri\u00e8re. Dans la partie avant, au milieu, il y a deux sacs de dressage plus classiques pour r\u00e9compenser le chien.<\/p>","protected":false},"featured_media":45194,"template":"","meta":[],"product_brand":[],"product_cat":[3873],"product_tag":[],"class_list":{"0":"post-11806","1":"product","2":"type-product","3":"status-publish","4":"has-post-thumbnail","6":"product_cat-hst-trainingsvesten","8":"first","9":"instock","10":"taxable","11":"shipping-taxable","12":"purchasable","13":"product-type-variable"},"mb":[],"mfb_rest_fields":["title"],"_links":{"self":[{"href":"https:\/\/dogpride.nl\/fr\/wp-json\/wp\/v2\/product\/11806","targetHints":{"allow":["GET"]}}],"collection":[{"href":"https:\/\/dogpride.nl\/fr\/wp-json\/wp\/v2\/product"}],"about":[{"href":"https:\/\/dogpride.nl\/fr\/wp-json\/wp\/v2\/types\/product"}],"wp:featuredmedia":[{"embeddable":true,"href":"https:\/\/dogpride.nl\/fr\/wp-json\/wp\/v2\/media\/45194"}],"wp:attachment":[{"href":"https:\/\/dogpride.nl\/fr\/wp-json\/wp\/v2\/media?parent=11806"}],"wp:term":[{"taxonomy":"product_brand","embeddable":true,"href":"https:\/\/dogpride.nl\/fr\/wp-json\/wp\/v2\/product_brand?post=11806"},{"taxonomy":"product_cat","embeddable":true,"href":"https:\/\/dogpride.nl\/fr\/wp-json\/wp\/v2\/product_cat?post=11806"},{"taxonomy":"product_tag","embeddable":true,"href":"https:\/\/dogpride.nl\/fr\/wp-json\/wp\/v2\/product_tag?post=11806"}],"curies":[{"name":"wp","href":"https:\/\/api.w.org\/{rel}","templated":true}]}}