{"id":11805,"date":"2021-03-18T16:37:05","date_gmt":"2021-03-18T15:37:05","guid":{"rendered":"https:\/\/dogpride1.wpengine.com\/product\/hst-trainingsvest-trend-4\/"},"modified":"2025-11-10T11:48:09","modified_gmt":"2025-11-10T10:48:09","slug":"hst-trainingsvest-trend-4","status":"publish","type":"product","link":"https:\/\/dogpride.nl\/fr\/hst-trainingsvest-trend-4\/","title":{"rendered":"Gilet d&#039;entra\u00eenement HST TREND ++"},"content":{"rendered":"<h4>Gilet d&#039;entra\u00eenement HST TREND ++<\/h4>\n<p>Gilet d&#039;entra\u00eenement HST TREND ++<\/p>\n<p>Gilet d&#039;entra\u00eenement HST TREND ++. Ce gilet est principalement con\u00e7u pour le temps d&#039;entra\u00eenement.<br \/>\nIl est \u00e9quip\u00e9 de poches dites fran\u00e7aises \u00e0 l&#039;avant et \u00e0 l&#039;arri\u00e8re pour faciliter le rangement et le retrait des aides \u00e0 l&#039;entra\u00eenement.<br \/>\nDans la partie avant au milieu, il y a deux autres sacs de dressage classiques pour r\u00e9compenser le chien.<br \/>\nAu sommet se trouve notre syst\u00e8me de r\u00e9compense unique pour les appels. Lorsqu&#039;il est port\u00e9 normalement, ce syst\u00e8me est assorti au gilet et est presque invisible.<br \/>\nSi vous avez besoin de r\u00e9compenser un chien, nous le plions en quelques secondes dans une forme dans laquelle la r\u00e9compense est cach\u00e9e. Nous ouvrons ensuite le syst\u00e8me d&#039;un seul coup et la r\u00e9compense tombe d&#039;elle-m\u00eame.<br \/>\nIl y a un cordon de serrage \u00e0 la taille du gilet.<br \/>\nLa ventilation par temps chaud est assur\u00e9e par un filet sur le dos et les selles.<br \/>\nLe gilet est orn\u00e9 d&#039;un passepoil blanc entre le bas et la selle.<br \/>\nLe mat\u00e9riau est un plastique m\u00e9caniquement tr\u00e8s r\u00e9sistant avec un rev\u00eatement.<\/p>\n<div>Mati\u00e8re : plastique + doublure coton 100%<br \/>\nConception : unisexe<br \/>\nCouleur de conception noire : avec garniture blanche<\/div>\n<div>\n<ul>\n<li>Taille : S, M, L, XL, XXL<\/li>\n<\/ul>\n<\/div>\n<div><strong>Gilet \u2013 TENDANCE ++<\/strong><br \/>\nType : UNISEXE<br \/>\nCouleur : noir de base + blanc<br \/>\nTaille : S, M, L, XL, XXL<\/div>\n<div><\/div>\n<div><strong>Tableau des tailles:<\/strong><\/div>\n<div><\/div>\n<div><img loading=\"lazy\" decoding=\"async\" class=\"alignnone wp-image-70082 size-large\" src=\"https:\/\/www.dogpride.nl\/wp-content\/uploads\/Maattabel-HST-vest-725x1024.gif\" alt=\"\" width=\"725\" height=\"1024\" srcset=\"https:\/\/dogpride.nl\/wp-content\/uploads\/Maattabel-HST-vest-725x1024.gif 725w, https:\/\/dogpride.nl\/wp-content\/uploads\/Maattabel-HST-vest-250x353.gif 250w, https:\/\/dogpride.nl\/wp-content\/uploads\/Maattabel-HST-vest-400x565.gif 400w, https:\/\/dogpride.nl\/wp-content\/uploads\/Maattabel-HST-vest-212x300.gif 212w, https:\/\/dogpride.nl\/wp-content\/uploads\/Maattabel-HST-vest-768x1085.gif 768w, https:\/\/dogpride.nl\/wp-content\/uploads\/Maattabel-HST-vest-1087x1536.gif 1087w, https:\/\/dogpride.nl\/wp-content\/uploads\/Maattabel-HST-vest-1449x2048.gif 1449w, https:\/\/dogpride.nl\/wp-content\/uploads\/Maattabel-HST-vest-200x283.gif 200w, https:\/\/dogpride.nl\/wp-content\/uploads\/Maattabel-HST-vest-600x848.gif 600w, https:\/\/dogpride.nl\/wp-content\/uploads\/Maattabel-HST-vest-800x1131.gif 800w, https:\/\/dogpride.nl\/wp-content\/uploads\/Maattabel-HST-vest-1200x1696.gif 1200w\" sizes=\"auto, (max-width: 725px) 100vw, 725px\" \/><\/div>\n<div><a href=\"https:\/\/www.hst-eshop.cz\/\" target=\"_blank\" rel=\"noopener\"><img loading=\"lazy\" decoding=\"async\" class=\"alignnone wp-image-141846 size-medium\" src=\"https:\/\/dogpride.nl\/wp-content\/uploads\/Logo-HST-3-300x74.jpg\" alt=\"\" width=\"300\" height=\"74\" srcset=\"https:\/\/dogpride.nl\/wp-content\/uploads\/Logo-HST-3-300x74.jpg 300w, https:\/\/dogpride.nl\/wp-content\/uploads\/Logo-HST-3-1024x252.jpg 1024w, https:\/\/dogpride.nl\/wp-content\/uploads\/Logo-HST-3-768x189.jpg 768w, https:\/\/dogpride.nl\/wp-content\/uploads\/Logo-HST-3-1536x378.jpg 1536w, https:\/\/dogpride.nl\/wp-content\/uploads\/Logo-HST-3-2048x504.jpg 2048w, https:\/\/dogpride.nl\/wp-content\/uploads\/Logo-HST-3-18x4.jpg 18w, https:\/\/dogpride.nl\/wp-content\/uploads\/Logo-HST-3-250x62.jpg 250w, https:\/\/dogpride.nl\/wp-content\/uploads\/Logo-HST-3-400x98.jpg 400w\" sizes=\"auto, (max-width: 300px) 100vw, 300px\" \/><\/a><\/div>\n<div><a href=\"https:\/\/dogpride.nl\/fr\/kleding\/trainingsvesten\/hst-trainingsvesten\/\"><img loading=\"lazy\" decoding=\"async\" class=\"alignnone\" title=\"Gilet d&#039;entra\u00eenement HST TREND ++\" src=\"https:\/\/dogpride.nl\/wp-content\/uploads\/vesta-trend-0-1-150x150.jpg\" alt=\"HST trainingsvest TREND ++\" width=\"150\" height=\"150\" \/><\/a><\/div>","protected":false},"excerpt":{"rendered":"<p>Ce gilet poss\u00e8de des poches dites fran\u00e7aises \u00e0 l&#039;avant et \u00e0 l&#039;arri\u00e8re pour faciliter le rangement et le retrait des aides \u00e0 l&#039;entra\u00eenement.<\/p>","protected":false},"featured_media":45192,"template":"","meta":[],"product_brand":[],"product_cat":[3873],"product_tag":[],"class_list":{"0":"post-11805","1":"product","2":"type-product","3":"status-publish","4":"has-post-thumbnail","6":"product_cat-hst-trainingsvesten","8":"first","9":"instock","10":"taxable","11":"shipping-taxable","12":"purchasable","13":"product-type-variable"},"mb":[],"mfb_rest_fields":["title"],"_links":{"self":[{"href":"https:\/\/dogpride.nl\/fr\/wp-json\/wp\/v2\/product\/11805","targetHints":{"allow":["GET"]}}],"collection":[{"href":"https:\/\/dogpride.nl\/fr\/wp-json\/wp\/v2\/product"}],"about":[{"href":"https:\/\/dogpride.nl\/fr\/wp-json\/wp\/v2\/types\/product"}],"wp:featuredmedia":[{"embeddable":true,"href":"https:\/\/dogpride.nl\/fr\/wp-json\/wp\/v2\/media\/45192"}],"wp:attachment":[{"href":"https:\/\/dogpride.nl\/fr\/wp-json\/wp\/v2\/media?parent=11805"}],"wp:term":[{"taxonomy":"product_brand","embeddable":true,"href":"https:\/\/dogpride.nl\/fr\/wp-json\/wp\/v2\/product_brand?post=11805"},{"taxonomy":"product_cat","embeddable":true,"href":"https:\/\/dogpride.nl\/fr\/wp-json\/wp\/v2\/product_cat?post=11805"},{"taxonomy":"product_tag","embeddable":true,"href":"https:\/\/dogpride.nl\/fr\/wp-json\/wp\/v2\/product_tag?post=11805"}],"curies":[{"name":"wp","href":"https:\/\/api.w.org\/{rel}","templated":true}]}}