{"id":118028,"date":"2024-02-12T16:02:25","date_gmt":"2024-02-12T15:02:25","guid":{"rendered":"https:\/\/dogpride.nl\/?post_type=product&#038;p=118028"},"modified":"2025-10-27T09:56:09","modified_gmt":"2025-10-27T08:56:09","slug":"scik9-tadd-glazen-potten","status":"publish","type":"product","link":"https:\/\/dogpride.nl\/fr\/scik9-tadd-glazen-potten\/","title":{"rendered":"SciK9 TADD glazen potten"},"content":{"rendered":"<h4>SciK9 TADD glazen potten<\/h4>\n<p>SciK9 TADD glazen potten voor opslag\/verspreiding van geuren<\/p>\n<h4><span class=\"HwtZe\" lang=\"fr\"><span class=\"jCAhz ChMk0b\"><span class=\"ryNqvb\"><span class=\"\">SciK9-teams behoren tot de beste in het veld als het gaat om geur- en materiaalopslag<\/span><\/span><\/span><\/span><\/h4>\n<p><span class=\"HwtZe\" lang=\"fr\"><span class=\"jCAhz ChMk0b\"><span class=\"ryNqvb\">Ze hebben samengewerkt met het Amerikaanse ministerie van Defensie en het ministerie van Binnenlandse Veiligheid om best practices voor geuropslag te ontwikkelen om werkhonden op alle gebieden te helpen trainen.<br \/>\nGemaakt voor het Amerikaanse leger en ontworpen door hondentrainers en wetenschappers, kunnen hun revolutionaire TADD-producten uw hondentraining naar een hoger niveau tillen.<\/span><\/span><\/span><\/p>\n<h4>SciK9 TADD glazen potten zijn e<strong>en revolutie in de wereld van detectie.<\/strong><\/h4>\n<ul>\n<li><span class=\"HwtZe\" lang=\"fr\"><span class=\"jCAhz ChMk0b\"><span class=\"ryNqvb\">Met de TADD kunt u uw materialen opslaan en tegelijkertijd de niet-besmetting van uw producten met het milieu garanderen. <\/span><\/span><\/span><\/li>\n<li><span class=\"HwtZe\" lang=\"fr\"><span class=\"jCAhz ChMk0b\"><span class=\"ryNqvb\">Met de TADD kunt u dezelfde pot vervoeren en gebruiken voor training en training zonder ooit de pot te hoeven openen om het materiaal in een buis of in een opbergdoos.<\/span><\/span><\/span><\/li>\n<li><span class=\"HwtZe\" lang=\"fr\"><span class=\"jCAhz ChMk0b\"><span class=\"ryNqvb\">Ideaal voor het trainen van jonge honden.<\/span><\/span><\/span><\/li>\n<li><span class=\"HwtZe\" lang=\"fr\"><span class=\"jCAhz ChMk0b\"><span class=\"ryNqvb\">De TADD-potten kunnen in de potten van 284 ml of 630 ml worden geplaatst (beschikbaar op onze website &#8211; zie aanbevolen product hieronder) <\/span><\/span><\/span><\/li>\n<li><span class=\"HwtZe\" lang=\"fr\"><span class=\"jCAhz ChMk0b\"><span class=\"ryNqvb\">Met de TADD-pot kunt u uw impregnaties ook effectief beheren zonder dat u in contact komt met uw ondersteuning en uw materialen en vooral zonder vervuiling.<\/span><\/span><\/span><\/li>\n<\/ul>\n<p><span class=\"HwtZe\" lang=\"fr\"><span class=\"jCAhz ChMk0b\"><span class=\"ryNqvb\">Geurdetectietraining &#8211; <\/span><\/span>\u00a0<span class=\"jCAhz ChMk0b\"><span class=\"ryNqvb\">Geurdiffusiesysteem &#8211;\u00a0<\/span><\/span>\u00a0<span class=\"jCAhz ChMk0b\"><span class=\"ryNqvb\">TADD<\/span><\/span><\/span><\/p>\n<p><a href=\"https:\/\/dogpride.nl\/fr\/scik9-tadd-glazen-pot-voor-opslag-verspreiding-van-geuren\/\"><img loading=\"lazy\" decoding=\"async\" class=\"alignnone\" title=\"SciK9 TADD glazen potten\" src=\"https:\/\/dogpride.nl\/wp-content\/uploads\/TADD-glazen-pot-voor-opslag-en-verspreiding-van-geuren-SciK9.jpg\" alt=\"SciK9 TADD glazen potten\" width=\"126\" height=\"126\" \/><\/a><\/p>\n<h4><span class=\"HwtZe\" lang=\"fr\"><span class=\"jCAhz ChMk0b\"><span class=\"ryNqvb\">Wat is TADD?<\/span><\/span><\/span><\/h4>\n<p><span class=\"HwtZe\" lang=\"fr\"><span class=\"jCAhz ChMk0b\"><span class=\"ryNqvb\">Simpel gezegd is het een container die de geur van uw materiaal naar buiten laat komen, zodat de hond het kan detecteren en voorkomt dat uw materiaal wordt vervuild door de omgeving.<\/span><\/span><\/span><\/p>\n<p><span class=\"HwtZe\" lang=\"fr\"><span class=\"jCAhz ChMk0b\"><span class=\"ryNqvb\">Lees hieronder waartoe TADD in staat is en hoe dit product een revolutie teweegbrengt in de training en praktijk van geurdetectie.\u00a0<\/span><\/span><\/span><\/p>\n<p><span class=\"HwtZe\" lang=\"fr\"><span class=\"jCAhz ChMk0b\"><span class=\"ryNqvb\">SciK9, LLC heeft een uniek geurdispenserapparaat (TADD) ontwikkeld dat anders is dan elk ander apparaat voor geurafgifte en -beheersing.<br \/>\n<\/span><\/span><span class=\"jCAhz ChMk0b\"><span class=\"ryNqvb\">Wanneer u de <\/span><\/span><\/span><strong>SciK9 TADD glazen potten<\/strong> <span class=\"HwtZe\" lang=\"fr\"><span class=\"jCAhz ChMk0b\"><span class=\"ryNqvb\">aanschaft, is het essentieel dat u de instructies leest over het opladen, gebruiken en reinigen van uw TADD om ervoor te zorgen dat u de langste levensduur en de beste ervaring krijgt.<\/span><\/span><span class=\"jCAhz\"><span class=\"ryNqvb\"><br \/>\n<\/span><\/span><\/span><span class=\"HwtZe\" lang=\"fr\"><span class=\"jCAhz ChMk0b\"><span class=\"ryNqvb\">Alle componenten van TADD zijn:\u00a0<\/span><\/span><span class=\"jCAhz ChMk0b\"><span class=\"ryNqvb\">NASA-conform voor ontgassing* voor extreem lage geur, dus de enige geur waarop u uw hond traint, is die van het materiaal dat u in de pot doet.<\/span><\/span><\/span><\/p>\n<ul>\n<li><span class=\"HwtZe\" lang=\"fr\"><span class=\"jCAhz ChMk0b\"><span class=\"ryNqvb\">Inert en zeer compatibel met de meeste trainingshulpmiddelen (materialen)<\/span><\/span><\/span><\/li>\n<li><span class=\"HwtZe\" lang=\"fr\"><span class=\"jCAhz ChMk0b\"><span class=\"ryNqvb\">Robuust genoeg voor dagelijks gebruik en training <\/span><\/span><\/span><\/li>\n<li><span class=\"HwtZe\" lang=\"fr\"><span class=\"jCAhz ChMk0b\"><span class=\"ryNqvb\">Kan worden ontsmet en ontgeurd van menselijke geuren of omgevingsgeuren <\/span><\/span><\/span><\/li>\n<\/ul>\n<h4><span class=\"HwtZe\" lang=\"fr\"><span class=\"jCAhz ChMk0b\"><span class=\"ryNqvb\">Belangrijkste kenmerken\u00a0<\/span><\/span><\/span>SciK9 TADD glazen potten<span class=\"HwtZe\" lang=\"fr\"><span class=\"jCAhz ChMk0b\"><span class=\"ryNqvb\">:<\/span><\/span><\/span><\/h4>\n<ul>\n<li><span class=\"HwtZe\" lang=\"fr\"><span class=\"jCAhz ChMk0b\"><span class=\"ryNqvb\">Opslag, insluiting en geurverspreiding in \u00e9\u00e9n apparaat <\/span><\/span><\/span><\/li>\n<li><span class=\"HwtZe\" lang=\"fr\"><span class=\"jCAhz ChMk0b\"><span class=\"ryNqvb\">Controleert de vrijgave van geuren zonder dat materiaal uit de pot kan ontsnappen<\/span><\/span><\/span><\/li>\n<li><span class=\"HwtZe\" lang=\"fr\"><span class=\"jCAhz ChMk0b\"><span class=\"ryNqvb\">3 componenten voor de TADD-afdichting en containerdeksel<\/span><\/span><\/span><\/li>\n<li><span class=\"HwtZe\" lang=\"fr\"><span class=\"jCAhz ChMk0b\"><span class=\"ryNqvb\">Chemisch bestendige afdichting<\/span><\/span><\/span><\/li>\n<li><span class=\"HwtZe\" lang=\"fr\"><span class=\"jCAhz ChMk0b\"><span class=\"ryNqvb\">Hydrofoob membraan en oleofoob<\/span><\/span><\/span><\/li>\n<li><span class=\"HwtZe\" lang=\"fr\"><span class=\"jCAhz ChMk0b\"><span class=\"ryNqvb\">Op maat gemaakte polypropyleen membraanhouder met veiligheidsrooster om lekke banden te voorkomen <\/span><\/span><\/span><\/li>\n<li><span class=\"HwtZe\" lang=\"fr\"><span class=\"jCAhz ChMk0b\"><span class=\"ryNqvb\">Houdt veilig vloeistoffen, oli\u00ebn, vaste stoffen, kleine deeltjes, inclusief zelfs de moeilijkste oplossingen voor gevaarlijke materialen <\/span><\/span><\/span><\/li>\n<li><span class=\"HwtZe\" lang=\"fr\"><span class=\"jCAhz ChMk0b\"><span class=\"ryNqvb\">Vermindert kruisbesmetting<\/span><\/span><\/span><\/li>\n<li>Verlengt de houdbaarheid van trainingshulpmiddelen<\/li>\n<\/ul>\n<p><span class=\"jCAhz ChMk0b\"><span class=\"ryNqvb\">Behoudt de geurintegriteit en voorkomt het morsen van contaminatie<\/span><\/span><span class=\"jCAhz ChMk0b\"><span class=\"ryNqvb\">&#8211; Het enige geurafgiftesysteem op de markt dat na gebruik kan worden gereinigd zonder het materiaal in gevaar te brengen<\/span><\/span><span class=\"jCAhz ChMk0b\"><span class=\"ryNqvb\">&#8211;<br \/>\n<\/span><\/span><span class=\"jCAhz ChMk0b\"><span class=\"ryNqvb\">U kunt de\u00a0<\/span><\/span>SciK9 TADD glazen potten\u00a0<span class=\"jCAhz ChMk0b\"><span class=\"ryNqvb\">begraven in zand, aarde en stapels puin (mogelijkheid om het diffusierooster te beschermen met een optioneel beschermend gaasmembraan)<\/span><\/span><span class=\"jCAhz ChMk0b\"><span class=\"ryNqvb\">&#8211; Onderdompelen in meren, rivieren en toilettanks (tot 274 cm diep, zonder compromissen)<br \/>\n<\/span><\/span><span class=\"jCAhz ChMk0b\"><span class=\"ryNqvb\">Gemakkelijk te verbergen in voertuigen, magazijnen, bagage, vracht, gebouwen, open ruimtes en medische omgevingen.<br \/>\n<\/span><\/span><span class=\"jCAhz ChMk0b\"><span class=\"ryNqvb\">Con\u00e7u et fabriqu\u00e9 aux \u00c9tats-Unis.<\/span><\/span><\/p>\n<p><span class=\"jCAhz ChMk0b\"><span class=\"ryNqvb\"><strong>LET OP<\/strong>: TADD&#8217;s zijn bedoeld om \u00e9\u00e9n keer te worden opgeladen, voor de levensduur van het materiaal!\u00a0<\/span><\/span><span class=\"jCAhz ChMk0b\"><span class=\"ryNqvb\">Zodra de TADD-membraanhouder (met daarin het geurdoorlatende membraan en de afdichting) op de pot is geschroefd, wordt aanbevolen om de TADD niet meer te openen of te sluiten om de vervuiling te beperken.\u00a0<\/span><\/span><span class=\"jCAhz ChMk0b\"><span class=\"ryNqvb\">De enige aanbevolen actie is om tijdens de trainings- en onderzoeksfasen met de hond de witte dop los te draaien, zodat de geur vrijkomt.<\/span><\/span><span class=\"jCAhz\"><span class=\"ryNqvb\"><br \/>\n<\/span><\/span><span class=\"jCAhz ChMk0b\"><span class=\"ryNqvb\">Als u het zwarte TADD-membraan moet losschroeven, is het raadzaam om tijdens de hersluitingsfase de plaatsing van de pakking en het filter zorgvuldig te controleren om de integriteit van het materiaal te garanderen.<\/span><\/span><\/p>\n<p><span class=\"jCAhz ChMk0b\"><span class=\"ryNqvb\">Ook is het aan te raden de TADD stevig op de pot te schroeven.<br \/>\n<\/span><\/span><span class=\"jCAhz\"><span class=\"ryNqvb\">Hergebruik van een TADD wordt niet aanbevolen.<\/span><\/span><\/p>\n<p><img loading=\"lazy\" decoding=\"async\" class=\"alignnone\" title=\"SciK9 TADD glazen potten\" src=\"https:\/\/dogpride.nl\/wp-content\/uploads\/TADD-glazen-pot-voor-opslag-en-verspreiding-van-geuren-SciK9.jpg\" alt=\"SciK9 TADD glazen potten\" width=\"128\" height=\"128\" \/><\/p>\n<h4><span class=\"jCAhz ChMk0b\"><span class=\"ryNqvb\"><strong>Hoe u de\u00a0<\/strong><\/span><\/span>SciK9 TADD glazen potten\u00a0<span class=\"jCAhz ChMk0b\"><span class=\"ryNqvb\"><strong>vult<\/strong>:<\/span><\/span><\/h4>\n<p><span class=\"jCAhz ChMk0b\"><span class=\"ryNqvb\">Tijdens elk onderdeel van het proces wordt aanbevolen om nitrilvrije handschoenen te gebruiken (zie de handschoenen die wij op de markt brengen en gevalideerd door Cynodex), waardoor onnodige verplaatsing van menselijke geur wordt voorkomen.<br \/>\n<\/span><\/span><span class=\"jCAhz ChMk0b\"><span class=\"ryNqvb\">Haal de glazen pot TADD uit de verpakking\u00a0<\/span><\/span><span class=\"jCAhz ChMk0b\"><span class=\"ryNqvb\">&#8211; Verwijder het blauwe tussenlaagpapier dat zich\u00a0<\/span><\/span><span class=\"jCAhz ChMk0b\"><span class=\"ryNqvb\">tussen de membraanconstructie (zwarte deksel) en de glazen pot bevindt en gooi deze weg\u00a0<\/span><\/span><span class=\"jCAhz ChMk0b\"><span class=\"ryNqvb\">&#8211; Vul de glazen pot met uw materiaal.<\/span><\/span><\/p>\n<p><span class=\"jCAhz ChMk0b\"><span class=\"ryNqvb\">Vul de pot NIET met meer dan 50% vloeistoffen of 75% vaste stof. <\/span><\/span><span class=\"jCAhz ChMk0b\"><span class=\"ryNqvb\">Sluit de TADD-pot met het membraansamenstel (zwart deksel)\u00a0<\/span><\/span><span class=\"jCAhz ChMk0b\"><span class=\"ryNqvb\">&#8211; Schroef de bovenkant vast (wit deksel)<br \/>\n<\/span><\/span><span class=\"jCAhz ChMk0b\"><span class=\"ryNqvb\">Opmerking: Laad of bewaar de TADD op geen enkele manier en zorg ervoor dat de inhoud voortdurend in contact is met het membraan, aangezien dit zal de levensduur van uw TADD verkorten.\u00a0<\/span><\/span><\/p>\n<h4><span class=\"jCAhz ChMk0b\"><span class=\"ryNqvb\"><strong>Hoe u de\u00a0<\/strong><\/span><\/span>SciK9 TADD glazen potten\u00a0<span class=\"jCAhz ChMk0b\"><span class=\"ryNqvb\"><strong>gebruikt<\/strong><\/span><\/span><span class=\"jCAhz ChMk0b\"><span class=\"ryNqvb\">:<\/span><\/span><\/h4>\n<p><span class=\"jCAhz ChMk0b\"><span class=\"ryNqvb\">Inspecteer de TADD&#8217;s visueel voor en na gebruik op tekenen van schade of slijtage <\/span><\/span><span class=\"jCAhz ChMk0b\"><span class=\"ryNqvb\">&#8211;\u00a0\u00a0<\/span><\/span><span class=\"jCAhz ChMk0b\"><span class=\"ryNqvb\">Verwijder het afsluitdeksel (witte deksel) en zorg ervoor dat u de membraanconstructie (zwarte deksel) stevig vasthoudt, aangezien het membraandeksel moet blijven zitten verzegeld aan de glazen pot\u00a0<\/span><\/span><span class=\"jCAhz ChMk0b\"><span class=\"ryNqvb\">&#8211;\u00a0\u00a0<\/span><\/span><span class=\"jCAhz ChMk0b\"><span class=\"ryNqvb\">Zodra de bovenkant van de insluiting is verwijderd, komt het membraanmontagerooster bloot te liggen, waardoor de geur van de TADD vrijkomt.<\/span><\/span><\/p>\n<p><span class=\"jCAhz ChMk0b\"><span class=\"ryNqvb\">*Alle materialen voldoen aan de test van NASA Low Outgassing (ASTM E595).\u00a0<\/span><\/span><span class=\"jCAhz ChMk0b\"><span class=\"ryNqvb\">De test is ontwikkeld door NASA om materialen met een lage uitgassing te screenen voor gebruik in ruimtevaartuigen.<br \/>\nDe test bepaalt de vluchtige inhoud van materiaalmonsters die in een verwarmde vacu\u00fcmkamer worden geplaatst.<\/span><\/span><\/p>\n<p><span class=\"jCAhz ChMk0b\"><span class=\"ryNqvb\">Als de verzamelde vluchtige condenseerbare materialen (CVCM) &lt; 0,1% zijn en de totale verloren massa (TML) &lt; 1% is, voldoet het materiaal aan de NASA-criteria voor lage ontgassing.<br \/>\n<\/span><\/span><span class=\"jCAhz ChMk0b\"><span class=\"ryNqvb\"><span class=\"VIpgJd-yAWNEb-VIpgJd-fmcmS-sn54Q\">Getest en goedgekeurd door de Amerikaanse overheid en talrijke overheden en internationale hondeneenheden.\u00a0<\/span><\/span><\/span><\/p>\n<h4>De SciK9 TADD glazen potten zijn leverbaar in de maten:<\/h4>\n<ul>\n<li>Maat 1: \u00a059 ml \/ 2 oz<\/li>\n<li>Maat 2: 118 ml \/ 4 oz<\/li>\n<li>Maat 3: 236 ml \/ 8 oz<\/li>\n<li>Maat 4: 354 ml \/ 12 oz<\/li>\n<\/ul>\n<p><a href=\"https:\/\/www.scik9.com\/\" target=\"_blank\" rel=\"noopener\"><img loading=\"lazy\" decoding=\"async\" class=\"alignnone wp-image-139119 size-thumbnail\" title=\"SciK9 TADD glazen potten\" src=\"https:\/\/dogpride.nl\/wp-content\/uploads\/SciK9_com-150x150.jpg\" alt=\"SciK9 TADD glazen potten\" width=\"150\" height=\"150\" srcset=\"https:\/\/dogpride.nl\/wp-content\/uploads\/SciK9_com-150x150.jpg 150w, https:\/\/dogpride.nl\/wp-content\/uploads\/SciK9_com-13x12.jpg 13w, https:\/\/dogpride.nl\/wp-content\/uploads\/SciK9_com-100x100.jpg 100w\" sizes=\"auto, (max-width: 150px) 100vw, 150px\" \/><\/a><\/p>\n<p><span style=\"color: #ffffff;\">SciK9 TADD glazen potten<\/span><\/p>","protected":false},"excerpt":{"rendered":"<p><span class=\"HwtZe\" lang=\"fr\"><span class=\"jCAhz ChMk0b\"><span class=\"ryNqvb\"><strong>SciK9 TADD glazen potten.<\/strong> Gemaakt voor het Amerikaanse leger en ontworpen door hondentrainers en wetenschappers, kunnen hun revolutionaire TADD-producten uw hondentraining naar een hoger niveau tillen.<\/span><\/span><\/span><\/p>","protected":false},"featured_media":118029,"template":"","meta":[],"product_brand":[],"product_cat":[2835],"product_tag":[7027,7024,7025,7012,7016,7026],"class_list":{"0":"post-118028","1":"product","2":"type-product","3":"status-publish","4":"has-post-thumbnail","6":"product_cat-detectie-gebruiksvoorwerpen","7":"product_tag-geuren","8":"product_tag-glazen-pot","9":"product_tag-opslag","10":"product_tag-scik9","11":"product_tag-tadd","12":"product_tag-verspreiding","14":"first","15":"instock","16":"taxable","17":"shipping-taxable","18":"purchasable","19":"product-type-variable"},"mb":[],"mfb_rest_fields":["title"],"_links":{"self":[{"href":"https:\/\/dogpride.nl\/fr\/wp-json\/wp\/v2\/product\/118028","targetHints":{"allow":["GET"]}}],"collection":[{"href":"https:\/\/dogpride.nl\/fr\/wp-json\/wp\/v2\/product"}],"about":[{"href":"https:\/\/dogpride.nl\/fr\/wp-json\/wp\/v2\/types\/product"}],"wp:featuredmedia":[{"embeddable":true,"href":"https:\/\/dogpride.nl\/fr\/wp-json\/wp\/v2\/media\/118029"}],"wp:attachment":[{"href":"https:\/\/dogpride.nl\/fr\/wp-json\/wp\/v2\/media?parent=118028"}],"wp:term":[{"taxonomy":"product_brand","embeddable":true,"href":"https:\/\/dogpride.nl\/fr\/wp-json\/wp\/v2\/product_brand?post=118028"},{"taxonomy":"product_cat","embeddable":true,"href":"https:\/\/dogpride.nl\/fr\/wp-json\/wp\/v2\/product_cat?post=118028"},{"taxonomy":"product_tag","embeddable":true,"href":"https:\/\/dogpride.nl\/fr\/wp-json\/wp\/v2\/product_tag?post=118028"}],"curies":[{"name":"wp","href":"https:\/\/api.w.org\/{rel}","templated":true}]}}