{"id":11794,"date":"2021-03-16T12:45:22","date_gmt":"2021-03-16T11:45:22","guid":{"rendered":"https:\/\/dogpride1.wpengine.com\/product\/hst-unisex-korte-hondensportbroek-absolute-2\/"},"modified":"2025-11-06T17:06:37","modified_gmt":"2025-11-06T16:06:37","slug":"hst-unisex-korte-hondensportbroek-absolute-2","status":"publish","type":"product","link":"https:\/\/dogpride.nl\/fr\/hst-unisex-korte-hondensportbroek-absolute-2\/","title":{"rendered":"HST Pantalon de sport pour chien court unisexe ABSOLUTE"},"content":{"rendered":"<h4>HST Pantalon de sport pour chien court unisexe ABSOLUTE<\/h4>\n<p>HST Pantalon de sport pour chien court unisexe ABSOLUTE<\/p>\n<p>Short avec passepoil color\u00e9 sur les jambes.<br \/>\nLe mat\u00e9riau est une membrane fonctionnelle sans doublure.<br \/>\nPoches avec fermeture \u00e9clair couverte.<br \/>\nMat\u00e9riel: Membrane<br \/>\nConception: Conception de couleur unisexe<br \/>\nen combinaison avec le noir : gris<br \/>\nTaille : S, M, L, XL, XXL<\/p>\n<p><strong>Pantalon \u2013 ABSOLU<\/strong><br \/>\nType : UNISEXE<br \/>\nTaille : S, M, L, XL, XXL<br \/>\nCouleur : gris noir basique<\/p>\n<p><strong>Tableau des tailles:<\/strong><\/p>\n<p><img loading=\"lazy\" decoding=\"async\" class=\"alignnone wp-image-69410 size-large\" src=\"https:\/\/www.dogpride.nl\/wp-content\/uploads\/Maattabel-UNI-broek-725x1024.gif\" alt=\"Maattabel\" width=\"725\" height=\"1024\" srcset=\"https:\/\/dogpride.nl\/wp-content\/uploads\/Maattabel-UNI-broek-725x1024.gif 725w, https:\/\/dogpride.nl\/wp-content\/uploads\/Maattabel-UNI-broek-250x353.gif 250w, https:\/\/dogpride.nl\/wp-content\/uploads\/Maattabel-UNI-broek-400x565.gif 400w, https:\/\/dogpride.nl\/wp-content\/uploads\/Maattabel-UNI-broek-212x300.gif 212w, https:\/\/dogpride.nl\/wp-content\/uploads\/Maattabel-UNI-broek-768x1085.gif 768w, https:\/\/dogpride.nl\/wp-content\/uploads\/Maattabel-UNI-broek-1087x1536.gif 1087w, https:\/\/dogpride.nl\/wp-content\/uploads\/Maattabel-UNI-broek-1449x2048.gif 1449w, https:\/\/dogpride.nl\/wp-content\/uploads\/Maattabel-UNI-broek-200x283.gif 200w, https:\/\/dogpride.nl\/wp-content\/uploads\/Maattabel-UNI-broek-600x848.gif 600w, https:\/\/dogpride.nl\/wp-content\/uploads\/Maattabel-UNI-broek-800x1131.gif 800w, https:\/\/dogpride.nl\/wp-content\/uploads\/Maattabel-UNI-broek-1200x1696.gif 1200w\" sizes=\"auto, (max-width: 725px) 100vw, 725px\" \/><\/p>\n<p><a href=\"https:\/\/www.hst-eshop.cz\/\" target=\"_blank\" rel=\"noopener\"><img loading=\"lazy\" decoding=\"async\" class=\"alignnone wp-image-141846 size-medium\" src=\"https:\/\/dogpride.nl\/wp-content\/uploads\/Logo-HST-3-300x74.jpg\" alt=\"\" width=\"300\" height=\"74\" srcset=\"https:\/\/dogpride.nl\/wp-content\/uploads\/Logo-HST-3-300x74.jpg 300w, https:\/\/dogpride.nl\/wp-content\/uploads\/Logo-HST-3-1024x252.jpg 1024w, https:\/\/dogpride.nl\/wp-content\/uploads\/Logo-HST-3-768x189.jpg 768w, https:\/\/dogpride.nl\/wp-content\/uploads\/Logo-HST-3-1536x378.jpg 1536w, https:\/\/dogpride.nl\/wp-content\/uploads\/Logo-HST-3-2048x504.jpg 2048w, https:\/\/dogpride.nl\/wp-content\/uploads\/Logo-HST-3-18x4.jpg 18w, https:\/\/dogpride.nl\/wp-content\/uploads\/Logo-HST-3-250x62.jpg 250w, https:\/\/dogpride.nl\/wp-content\/uploads\/Logo-HST-3-400x98.jpg 400w\" sizes=\"auto, (max-width: 300px) 100vw, 300px\" \/><\/a><\/p>\n<p>&nbsp;<\/p>\n<p><a href=\"https:\/\/dogpride.nl\/fr\/kleding\/broeken\/hst-broeken\/\"><img loading=\"lazy\" decoding=\"async\" class=\"alignnone\" title=\"HST Pantalon de sport pour chien court unisexe ABSOLUTE\" src=\"https:\/\/dogpride.nl\/wp-content\/uploads\/absolute-korte-broek.jpg\" alt=\"HST Unisex korte Hondensportbroek ABSOLUTE\" width=\"169\" height=\"215\" \/><\/a><\/p>","protected":false},"excerpt":{"rendered":"<p>Pantalon de sport pour chien court unisexe ABSOLUTE. Short avec passepoil color\u00e9 sur les jambes. Le mat\u00e9riau est une membrane fonctionnelle sans doublure. Poches avec fermeture \u00e9clair couverte.<\/p>","protected":false},"featured_media":45168,"template":"","meta":[],"product_brand":[],"product_cat":[3863],"product_tag":[],"class_list":{"0":"post-11794","1":"product","2":"type-product","3":"status-publish","4":"has-post-thumbnail","6":"product_cat-hst-broeken","8":"first","9":"instock","10":"taxable","11":"shipping-taxable","12":"purchasable","13":"product-type-variable"},"mb":[],"mfb_rest_fields":["title"],"_links":{"self":[{"href":"https:\/\/dogpride.nl\/fr\/wp-json\/wp\/v2\/product\/11794","targetHints":{"allow":["GET"]}}],"collection":[{"href":"https:\/\/dogpride.nl\/fr\/wp-json\/wp\/v2\/product"}],"about":[{"href":"https:\/\/dogpride.nl\/fr\/wp-json\/wp\/v2\/types\/product"}],"wp:featuredmedia":[{"embeddable":true,"href":"https:\/\/dogpride.nl\/fr\/wp-json\/wp\/v2\/media\/45168"}],"wp:attachment":[{"href":"https:\/\/dogpride.nl\/fr\/wp-json\/wp\/v2\/media?parent=11794"}],"wp:term":[{"taxonomy":"product_brand","embeddable":true,"href":"https:\/\/dogpride.nl\/fr\/wp-json\/wp\/v2\/product_brand?post=11794"},{"taxonomy":"product_cat","embeddable":true,"href":"https:\/\/dogpride.nl\/fr\/wp-json\/wp\/v2\/product_cat?post=11794"},{"taxonomy":"product_tag","embeddable":true,"href":"https:\/\/dogpride.nl\/fr\/wp-json\/wp\/v2\/product_tag?post=11794"}],"curies":[{"name":"wp","href":"https:\/\/api.w.org\/{rel}","templated":true}]}}