{"id":11793,"date":"2021-03-16T12:38:44","date_gmt":"2021-03-16T11:38:44","guid":{"rendered":"https:\/\/dogpride1.wpengine.com\/product\/hst-unisex-hondensportbroek-absolute-2\/"},"modified":"2025-11-06T17:07:15","modified_gmt":"2025-11-06T16:07:15","slug":"hst-unisex-hondensportbroek-absolute-2","status":"publish","type":"product","link":"https:\/\/dogpride.nl\/fr\/hst-unisex-hondensportbroek-absolute-2\/","title":{"rendered":"HST Pantalon de sport pour chien unisexe ABSOLUTE"},"content":{"rendered":"<h4>HST Pantalon de sport pour chien unisexe ABSOLUTE<\/h4>\n<p>HST Pantalon de sport pour chien unisexe ABSOLUTE. Le pantalon est fait pour la veste du m\u00eame nom.<\/p>\n<div>\n<p>La coupe multiple du pantalon avec une bordure color\u00e9e sur le devant du pantalon assure un ajustement confortable.<br \/>\nLe mat\u00e9riau est une membrane fonctionnelle sans doublure.<br \/>\n2 x poches avec fermeture \u00e9clair couverte.<br \/>\nDans la partie inf\u00e9rieure du pantalon, il y a un talon compens\u00e9 color\u00e9 avec un motif, qui peut \u00eatre ferm\u00e9 avec une fermeture \u00e9clair et lorsque la fermeture \u00e9clair est ferm\u00e9e, le pantalon devient nettement plus \u00e9troit.<br \/>\nMat\u00e9riel: Membrane<br \/>\nConception: Conception de couleur unisexe<br \/>\nen combinaison avec le noir : rose, bleu, gris<br \/>\nTaille : S, M, L, XL, XXL<\/p>\n<\/div>\n<div><strong>Pantalon \u2013 ABSOLU<\/strong><br \/>\nType : UNISEXE<br \/>\nTaille : S, M, L, XL, XXL<br \/>\nCouleur : noir basique + rose, bleu, gris<\/div>\n<div><\/div>\n<div><strong>Tableau des tailles:<\/strong><\/div>\n<div><\/div>\n<div><img loading=\"lazy\" decoding=\"async\" class=\"alignnone wp-image-69410 size-large\" src=\"https:\/\/www.dogpride.nl\/wp-content\/uploads\/Maattabel-UNI-broek-725x1024.gif\" alt=\"\" width=\"725\" height=\"1024\" srcset=\"https:\/\/dogpride.nl\/wp-content\/uploads\/Maattabel-UNI-broek-725x1024.gif 725w, https:\/\/dogpride.nl\/wp-content\/uploads\/Maattabel-UNI-broek-250x353.gif 250w, https:\/\/dogpride.nl\/wp-content\/uploads\/Maattabel-UNI-broek-400x565.gif 400w, https:\/\/dogpride.nl\/wp-content\/uploads\/Maattabel-UNI-broek-212x300.gif 212w, https:\/\/dogpride.nl\/wp-content\/uploads\/Maattabel-UNI-broek-768x1085.gif 768w, https:\/\/dogpride.nl\/wp-content\/uploads\/Maattabel-UNI-broek-1087x1536.gif 1087w, https:\/\/dogpride.nl\/wp-content\/uploads\/Maattabel-UNI-broek-1449x2048.gif 1449w, https:\/\/dogpride.nl\/wp-content\/uploads\/Maattabel-UNI-broek-200x283.gif 200w, https:\/\/dogpride.nl\/wp-content\/uploads\/Maattabel-UNI-broek-600x848.gif 600w, https:\/\/dogpride.nl\/wp-content\/uploads\/Maattabel-UNI-broek-800x1131.gif 800w, https:\/\/dogpride.nl\/wp-content\/uploads\/Maattabel-UNI-broek-1200x1696.gif 1200w\" sizes=\"auto, (max-width: 725px) 100vw, 725px\" \/><\/div>\n<div><a href=\"https:\/\/www.hst-eshop.cz\/\" target=\"_blank\" rel=\"noopener\"><img loading=\"lazy\" decoding=\"async\" class=\"alignnone wp-image-141846 size-medium\" src=\"https:\/\/dogpride.nl\/wp-content\/uploads\/Logo-HST-3-300x74.jpg\" alt=\"\" width=\"300\" height=\"74\" srcset=\"https:\/\/dogpride.nl\/wp-content\/uploads\/Logo-HST-3-300x74.jpg 300w, https:\/\/dogpride.nl\/wp-content\/uploads\/Logo-HST-3-1024x252.jpg 1024w, https:\/\/dogpride.nl\/wp-content\/uploads\/Logo-HST-3-768x189.jpg 768w, https:\/\/dogpride.nl\/wp-content\/uploads\/Logo-HST-3-1536x378.jpg 1536w, https:\/\/dogpride.nl\/wp-content\/uploads\/Logo-HST-3-2048x504.jpg 2048w, https:\/\/dogpride.nl\/wp-content\/uploads\/Logo-HST-3-18x4.jpg 18w, https:\/\/dogpride.nl\/wp-content\/uploads\/Logo-HST-3-250x62.jpg 250w, https:\/\/dogpride.nl\/wp-content\/uploads\/Logo-HST-3-400x98.jpg 400w\" sizes=\"auto, (max-width: 300px) 100vw, 300px\" \/><\/a><\/div>\n<div><a href=\"https:\/\/dogpride.nl\/fr\/kleding\/broeken\/hst-broeken\/\"><img loading=\"lazy\" decoding=\"async\" class=\"alignnone\" title=\"HST Pantalon de sport pour chien unisexe ABSOLUTE\" src=\"https:\/\/dogpride.nl\/wp-content\/uploads\/absolute-broek2-150x150.jpg\" alt=\"HST Unisex Hondensportbroek ABSOLUTE\" width=\"150\" height=\"150\" \/><\/a><\/div>","protected":false},"excerpt":{"rendered":"<p>Pantalon de sport pour chien ABSOLUTE de HST. La coupe du pantalon avec une bordure color\u00e9e sur le devant du pantalon assure un ajustement confortable.<\/p>","protected":false},"featured_media":45164,"template":"","meta":[],"product_brand":[],"product_cat":[3863],"product_tag":[],"class_list":{"0":"post-11793","1":"product","2":"type-product","3":"status-publish","4":"has-post-thumbnail","6":"product_cat-hst-broeken","8":"first","9":"instock","10":"taxable","11":"shipping-taxable","12":"purchasable","13":"product-type-variable"},"mb":[],"mfb_rest_fields":["title"],"_links":{"self":[{"href":"https:\/\/dogpride.nl\/fr\/wp-json\/wp\/v2\/product\/11793","targetHints":{"allow":["GET"]}}],"collection":[{"href":"https:\/\/dogpride.nl\/fr\/wp-json\/wp\/v2\/product"}],"about":[{"href":"https:\/\/dogpride.nl\/fr\/wp-json\/wp\/v2\/types\/product"}],"wp:featuredmedia":[{"embeddable":true,"href":"https:\/\/dogpride.nl\/fr\/wp-json\/wp\/v2\/media\/45164"}],"wp:attachment":[{"href":"https:\/\/dogpride.nl\/fr\/wp-json\/wp\/v2\/media?parent=11793"}],"wp:term":[{"taxonomy":"product_brand","embeddable":true,"href":"https:\/\/dogpride.nl\/fr\/wp-json\/wp\/v2\/product_brand?post=11793"},{"taxonomy":"product_cat","embeddable":true,"href":"https:\/\/dogpride.nl\/fr\/wp-json\/wp\/v2\/product_cat?post=11793"},{"taxonomy":"product_tag","embeddable":true,"href":"https:\/\/dogpride.nl\/fr\/wp-json\/wp\/v2\/product_tag?post=11793"}],"curies":[{"name":"wp","href":"https:\/\/api.w.org\/{rel}","templated":true}]}}