{"id":11783,"date":"2021-03-02T16:48:27","date_gmt":"2021-03-02T15:48:27","guid":{"rendered":"https:\/\/dogpride1.wpengine.com\/product\/baak-dog-walker-hoge-winterschoenen-rocky\/"},"modified":"2025-11-17T15:28:26","modified_gmt":"2025-11-17T14:28:26","slug":"baak-dog-walker-hoge-winterschoenen-rocky","status":"publish","type":"product","link":"https:\/\/dogpride.nl\/fr\/baak-dog-walker-hoge-winterschoenen-rocky\/","title":{"rendered":"BAAK Dog Walker\u00ae bottes d&#039;hiver hautes ROCKY"},"content":{"rendered":"<h4>BAAK Dog Walker\u00ae bottes d&#039;hiver hautes ROCKY<\/h4>\n<p>BAAK Dog Walker\u00ae bottes d&#039;hiver hautes ROCKY<\/p>\n<p>Cette chaussure Dogwalker rembourr\u00e9e est une chaussure id\u00e9ale pour les sports canins en hiver. Id\u00e9al pour une adh\u00e9rence antid\u00e9rapante sur le p\u00e2turage, en particulier pour l&#039;agilit\u00e9, mais aussi pour les hommes d&#039;attaque et les ma\u00eetres-chiens.<\/p>\n<p>Les propri\u00e9taires de chiens savent \u00e0 quel point de bonnes chaussures sont importantes pour marcher, se promener dans la nature et pendant les sports canins.<br \/>\nL&#039;adh\u00e9rence gr\u00e2ce aux semelles \u00e0 profil antid\u00e9rapant, un bon ajustement, un amorti optimal et un confort de port maximal sont les caract\u00e9ristiques des chaussures Dog Walker\u00ae. BAAK Dog Walker\u00ae \u2013 des chaussures robustes pour tous ceux qui aiment intensifier leur marche.<\/p>\n<p>La chaussure multifonctionnelle pour promener le chien. Avec une tige en cuir nubuck de haute qualit\u00e9, facile d&#039;entretien. 100% imperm\u00e9able, coupe-vent et respirant gr\u00e2ce \u00e0 la membrane originale Sympatex\u00ae.<br \/>\nDeze heerlijk warme BAAK Dog Walker\u00ae hoge winterschoenen ROCKY zorgen dankzij de speciaal ontwikkelde trekking-loopzool van slijtvast rubber voor een veilig gevoel, ook op een moeilijkere ondergrond.<br \/>\nLe rembourrage couvrant toute la surface et la semelle int\u00e9rieure climatique de forme anatomique rendent ces chaussures tr\u00e8s confortables. Les articulations et la colonne vert\u00e9brale sont \u00e9pargn\u00e9es. Les chaussures Rocky sont \u00e9galement id\u00e9ales pour les longues distances.<\/p>\n<ul>\n<li>Tailles : 36-47<\/li>\n<\/ul>\n<h5>Description du produit<\/h5>\n<p>BAAK Dog Walker\u00ae chaussures d&#039;hiver hautes ROCKY PU \/ Vibram<\/p>\n<ul>\n<li>Bottes d&#039;hiver confortables, bottes d&#039;hiver DogWalker \u00e0 doublure chaude.<\/li>\n<li>Tige haute en cuir graiss\u00e9 de haute qualit\u00e9, hydrophobe et facile d&#039;entretien pour une protection extr\u00eame contre l&#039;humidit\u00e9 et le froid.<\/li>\n<li>100% imperm\u00e9able, coupe-vent et respirant gr\u00e2ce \u00e0 la membrane Sympatex.<\/li>\n<li>Protection contre le froid gr\u00e2ce \u00e0 la doublure int\u00e9grale avec doublure douce en agneau tiss\u00e9.<\/li>\n<li>Bonne isolation contre le froid au sol gr\u00e2ce \u00e0 la semelle interm\u00e9diaire en PU et \u00e0 la semelle int\u00e9rieure chaude en feutre.<\/li>\n<li>Semelle de trekking sp\u00e9cialement d\u00e9velopp\u00e9e en caoutchouc Vibram r\u00e9sistant \u00e0 l&#039;usure pour une grande r\u00e9sistance au glissement et une adh\u00e9rence ferme par tous les temps, sur tous les terrains.<\/li>\n<li>Amorti sur toute la surface gr\u00e2ce \u00e0 la semelle intercalaire en mousse d&#039;air pour soulager le stress sur les articulations et la colonne vert\u00e9brale.<\/li>\n<li>Marche confortable et soulagement du tendon d&#039;Achille gr\u00e2ce \u00e0 la courbure rembourr\u00e9e du talon.<\/li>\n<li>Boucles de lacets fluides pour un la\u00e7age facile combin\u00e9s avec des crochets pour un ajustement parfait et une stabilisation de la cheville.<\/li>\n<li>Extr\u00eamement l\u00e9ger.<\/li>\n<\/ul>\n<p><strong>Nous attirons votre attention sur le fait que lors du retour des chaussures 20%, les frais de manutention et de stockage seront d\u00e9duits.<\/strong><\/p>\n<p><a href=\"https:\/\/dogpride.nl\/fr\/kleding\/schoenen-laarzen\/baak-dog-walker-schoenen\/\"><img loading=\"lazy\" decoding=\"async\" class=\"alignnone\" title=\"BAAK Dog Walker\u00ae bottes d&#039;hiver hautes ROCKY\" src=\"https:\/\/dogpride.nl\/wp-content\/uploads\/BAAK-Dog-Walker%C2%AE-hoge-winterschoenen-ROCKY-2-150x150.webp\" alt=\"BAAK Dog Walker\u00ae hoge winterschoenen ROCKY\" width=\"150\" height=\"150\" \/><\/a><\/p>\n<p><a href=\"https:\/\/baak.de\/\" target=\"_blank\" rel=\"noopener\"><img loading=\"lazy\" decoding=\"async\" class=\"alignnone wp-image-70452 size-medium\" src=\"https:\/\/dogpride.nl\/wp-content\/uploads\/logo-1-300x81.png\" alt=\"\" width=\"300\" height=\"81\" srcset=\"https:\/\/dogpride.nl\/wp-content\/uploads\/logo-1-300x81.png 300w, https:\/\/dogpride.nl\/wp-content\/uploads\/logo-1-250x68.png 250w, https:\/\/dogpride.nl\/wp-content\/uploads\/logo-1-400x108.png 400w, https:\/\/dogpride.nl\/wp-content\/uploads\/logo-1-200x54.png 200w, https:\/\/dogpride.nl\/wp-content\/uploads\/logo-1.png 500w\" sizes=\"auto, (max-width: 300px) 100vw, 300px\" \/><\/a><\/p>","protected":false},"excerpt":{"rendered":"<p>Bottes d&#039;hiver hautes BAAK Dog Walker\u00ae ROCKY. Cette chaussure Dogwalker rembourr\u00e9e est une chaussure id\u00e9ale pour les sports canins en hiver.<\/p>","protected":false},"featured_media":136325,"template":"","meta":[],"product_brand":[],"product_cat":[3937],"product_tag":[],"class_list":{"0":"post-11783","1":"product","2":"type-product","3":"status-publish","4":"has-post-thumbnail","6":"product_cat-baak-dog-walker-schoenen","8":"first","9":"instock","10":"taxable","11":"shipping-taxable","12":"purchasable","13":"product-type-variable"},"mb":[],"mfb_rest_fields":["title"],"_links":{"self":[{"href":"https:\/\/dogpride.nl\/fr\/wp-json\/wp\/v2\/product\/11783","targetHints":{"allow":["GET"]}}],"collection":[{"href":"https:\/\/dogpride.nl\/fr\/wp-json\/wp\/v2\/product"}],"about":[{"href":"https:\/\/dogpride.nl\/fr\/wp-json\/wp\/v2\/types\/product"}],"wp:featuredmedia":[{"embeddable":true,"href":"https:\/\/dogpride.nl\/fr\/wp-json\/wp\/v2\/media\/136325"}],"wp:attachment":[{"href":"https:\/\/dogpride.nl\/fr\/wp-json\/wp\/v2\/media?parent=11783"}],"wp:term":[{"taxonomy":"product_brand","embeddable":true,"href":"https:\/\/dogpride.nl\/fr\/wp-json\/wp\/v2\/product_brand?post=11783"},{"taxonomy":"product_cat","embeddable":true,"href":"https:\/\/dogpride.nl\/fr\/wp-json\/wp\/v2\/product_cat?post=11783"},{"taxonomy":"product_tag","embeddable":true,"href":"https:\/\/dogpride.nl\/fr\/wp-json\/wp\/v2\/product_tag?post=11783"}],"curies":[{"name":"wp","href":"https:\/\/api.w.org\/{rel}","templated":true}]}}