{"id":11781,"date":"2021-03-02T16:35:47","date_gmt":"2021-03-02T15:35:47","guid":{"rendered":"https:\/\/dogpride1.wpengine.com\/product\/baak-dog-walker-half-hoge-schoenen-lines\/"},"modified":"2025-11-17T15:28:44","modified_gmt":"2025-11-17T14:28:44","slug":"baak-dog-walker-half-hoge-schoenen-lines","status":"publish","type":"product","link":"https:\/\/dogpride.nl\/fr\/baak-dog-walker-half-hoge-schoenen-lines\/","title":{"rendered":"BAAK Dog Walker Half hoge schoenen LINES"},"content":{"rendered":"<h4>BAAK Dog Walker Half hoge schoenen LINES<\/h4>\n<p>BAAK Dog Walker Half hoge schoenen LINES<\/p>\n<p>Cette chaussure Dogwalker est une chaussure id\u00e9ale pour les sports canins. Id\u00e9al pour une adh\u00e9rence antid\u00e9rapante sur le p\u00e2turage, en particulier pour l&#039;agilit\u00e9, mais aussi pour les hommes d&#039;attaque et les ma\u00eetres-chiens.<\/p>\n<p>Les propri\u00e9taires de chiens savent \u00e0 quel point de bonnes chaussures sont importantes pour marcher, se promener dans la nature et pendant les sports canins.<br \/>\nGrip door zolen met antislip-profiel, een goede pasvorm, optimale demping en een maximum aan draagcomfort zijn kenmerken van BAAK Dog Walker Half hoge schoenen LINES<br \/>\nBAAK Dog Walker\u00ae \u2013 des chaussures robustes pour tous ceux qui aiment intensifier leur marche.<\/p>\n<p>La chaussure multifonctionnelle pour promener le chien. Avec une tige en cuir nubuck de haute qualit\u00e9, facile d&#039;entretien. 100% imperm\u00e9able, coupe-vent et respirant gr\u00e2ce \u00e0 la membrane originale Sympatex\u00ae.<br \/>\nGr\u00e2ce \u00e0 la semelle ext\u00e9rieure sp\u00e9cialement d\u00e9velopp\u00e9e pour le trekking en caoutchouc r\u00e9sistant \u00e0 l&#039;usure, ces chaussures merveilleusement chaudes procurent une sensation de s\u00e9curit\u00e9, m\u00eame sur des surfaces plus difficiles.<br \/>\nLe rembourrage couvrant toute la surface et la semelle int\u00e9rieure climatique de forme anatomique rendent ces chaussures tr\u00e8s confortables. Les articulations et la colonne vert\u00e9brale sont \u00e9pargn\u00e9es. Les chaussures Lines sont \u00e9galement id\u00e9ales pour les longues distances.<\/p>\n<h5>Tailles : 36-47<\/h5>\n<p>Informations sur le produit \u00ab Baak 1027 Lines DogWalker\u00ae cuir lisse<br \/>\nBAAK Dog Walker\u00ae Chaussures mi-hautes LIGNES PU \/ Vibram<\/p>\n<ul>\n<li>Bottes DogWalker\u00ae robustes et n\u00e9cessitant peu d&#039;entretien<\/li>\n<li>Tige et languette en cuir graiss\u00e9 doux, de haute qualit\u00e9, hydrophobe et facile d&#039;entretien<\/li>\n<li>100% imperm\u00e9able coupe-vent et respirant gr\u00e2ce \u00e0 Sympatexmembrane\u00ae<\/li>\n<li>semelle de trekking autonettoyante sp\u00e9cialement d\u00e9velopp\u00e9e en caoutchouc Vibram r\u00e9sistant \u00e0 l&#039;usure avec profil de semelle antid\u00e9rapant et antid\u00e9rapant<\/li>\n<li>syst\u00e8me de soutien pour une stabilisation sp\u00e9ciale de la cheville et du talon et un soulagement du tendon d&#039;Achille<\/li>\n<li>Amorti sur toute la surface de la semelle intercalaire en polyur\u00e9thane expans\u00e9 pour soulager le stress sur les articulations et la colonne vert\u00e9brale<\/li>\n<li>Semelle int\u00e9rieure climatique de forme anatomique<\/li>\n<li>lumi\u00e8re<\/li>\n<\/ul>\n<p><strong>Nous attirons votre attention sur le fait que lors du retour des chaussures 20%, les frais de manutention et de stockage seront d\u00e9duits.<\/strong><\/p>\n<p><a href=\"https:\/\/baak.de\/\" target=\"_blank\" rel=\"noopener\"><img loading=\"lazy\" decoding=\"async\" class=\"alignnone wp-image-70452 size-medium\" src=\"https:\/\/dogpride.nl\/wp-content\/uploads\/logo-1-300x81.png\" alt=\"\" width=\"300\" height=\"81\" srcset=\"https:\/\/dogpride.nl\/wp-content\/uploads\/logo-1-300x81.png 300w, https:\/\/dogpride.nl\/wp-content\/uploads\/logo-1-250x68.png 250w, https:\/\/dogpride.nl\/wp-content\/uploads\/logo-1-400x108.png 400w, https:\/\/dogpride.nl\/wp-content\/uploads\/logo-1-200x54.png 200w, https:\/\/dogpride.nl\/wp-content\/uploads\/logo-1.png 500w\" sizes=\"auto, (max-width: 300px) 100vw, 300px\" \/><\/a><\/p>\n<p><a href=\"https:\/\/dogpride.nl\/fr\/kleding\/schoenen-laarzen\/baak-dog-walker\/\"><img loading=\"lazy\" decoding=\"async\" class=\"alignnone\" title=\"BAAK Dog Walker Half hoge schoenen LINES\" src=\"https:\/\/dogpride.nl\/wp-content\/uploads\/Lines1-150x150.jpg\" alt=\"BAAK Dog Walker Half hoge schoenen LINES\" width=\"150\" height=\"150\" \/><\/a><a href=\"https:\/\/baak.de\/\" target=\"_blank\" rel=\"noopener\"><img loading=\"lazy\" decoding=\"async\" class=\"alignnone\" src=\"https:\/\/dogpride.nl\/wp-content\/uploads\/Lines2-150x150.jpg\" alt=\"\" width=\"150\" height=\"150\" \/><\/a><\/p>","protected":false},"excerpt":{"rendered":"<p>Cette chaussure Dogwalker est une chaussure id\u00e9ale pour les sports canins. Id\u00e9al pour une adh\u00e9rence antid\u00e9rapante sur le p\u00e2turage, en particulier pour l&#039;agilit\u00e9, mais aussi pour les hommes d&#039;attaque et les ma\u00eetres-chiens.<\/p>","protected":false},"featured_media":138055,"template":"","meta":[],"product_brand":[],"product_cat":[3937],"product_tag":[],"class_list":{"0":"post-11781","1":"product","2":"type-product","3":"status-publish","4":"has-post-thumbnail","6":"product_cat-baak-dog-walker-schoenen","8":"first","9":"instock","10":"taxable","11":"shipping-taxable","12":"purchasable","13":"product-type-variable"},"mb":[],"mfb_rest_fields":["title"],"_links":{"self":[{"href":"https:\/\/dogpride.nl\/fr\/wp-json\/wp\/v2\/product\/11781","targetHints":{"allow":["GET"]}}],"collection":[{"href":"https:\/\/dogpride.nl\/fr\/wp-json\/wp\/v2\/product"}],"about":[{"href":"https:\/\/dogpride.nl\/fr\/wp-json\/wp\/v2\/types\/product"}],"wp:featuredmedia":[{"embeddable":true,"href":"https:\/\/dogpride.nl\/fr\/wp-json\/wp\/v2\/media\/138055"}],"wp:attachment":[{"href":"https:\/\/dogpride.nl\/fr\/wp-json\/wp\/v2\/media?parent=11781"}],"wp:term":[{"taxonomy":"product_brand","embeddable":true,"href":"https:\/\/dogpride.nl\/fr\/wp-json\/wp\/v2\/product_brand?post=11781"},{"taxonomy":"product_cat","embeddable":true,"href":"https:\/\/dogpride.nl\/fr\/wp-json\/wp\/v2\/product_cat?post=11781"},{"taxonomy":"product_tag","embeddable":true,"href":"https:\/\/dogpride.nl\/fr\/wp-json\/wp\/v2\/product_tag?post=11781"}],"curies":[{"name":"wp","href":"https:\/\/api.w.org\/{rel}","templated":true}]}}