{"id":11780,"date":"2021-03-02T16:26:54","date_gmt":"2021-03-02T15:26:54","guid":{"rendered":"https:\/\/dogpride1.wpengine.com\/product\/baak-dog-walker-half-hoge-schoenen-lucky-2\/"},"modified":"2025-11-17T15:28:59","modified_gmt":"2025-11-17T14:28:59","slug":"baak-dog-walker-half-hoge-schoenen-lucky-2","status":"publish","type":"product","link":"https:\/\/dogpride.nl\/fr\/baak-dog-walker-half-hoge-schoenen-lucky-2\/","title":{"rendered":"BAAK Dog Walker Half hoge schoenen LUCKY"},"content":{"rendered":"<h4>BAAK Dog Walker Half hoge schoenen LUCKY<\/h4>\n<p>BAAK Dog Walker Half hoge schoenen LUCKY<\/p>\n<p>Cette chaussure Dogwalker est une chaussure id\u00e9ale pour les sports canins. Id\u00e9al pour une adh\u00e9rence antid\u00e9rapante sur le p\u00e2turage, en particulier pour l&#039;agilit\u00e9, mais aussi pour les hommes d&#039;attaque et les ma\u00eetres-chiens.<\/p>\n<p>Les propri\u00e9taires de chiens savent \u00e0 quel point de bonnes chaussures sont importantes pour marcher, se promener dans la nature et pendant les sports canins.<br \/>\nL&#039;adh\u00e9rence gr\u00e2ce aux semelles \u00e0 profil antid\u00e9rapant, un bon ajustement, un amorti optimal et un confort de port maximal sont les caract\u00e9ristiques des chaussures Dog Walker\u00ae.<br \/>\nBAAK Dog Walker Half hoge schoenen LUCKY &#8211; robuuste schoenen voor iedereen die het uitlaatrondje graag intensiever maakt.<\/p>\n<p>La chaussure multifonctionnelle pour promener le chien. Avec une tige en cuir nubuck de haute qualit\u00e9, facile d&#039;entretien. 100% imperm\u00e9able, coupe-vent et respirant gr\u00e2ce \u00e0 la membrane originale Sympatex\u00ae.<br \/>\nGr\u00e2ce \u00e0 la semelle ext\u00e9rieure sp\u00e9cialement d\u00e9velopp\u00e9e pour le trekking en caoutchouc r\u00e9sistant \u00e0 l&#039;usure, ces chaussures merveilleusement chaudes procurent une sensation de s\u00e9curit\u00e9, m\u00eame sur des surfaces plus difficiles.<br \/>\nL&#039;amorti sur toute la surface et la semelle int\u00e9rieure climatique de forme anatomique rendent ces chaussures tr\u00e8s confortables.<br \/>\nLes articulations et la colonne vert\u00e9brale sont \u00e9pargn\u00e9es. Les chaussures Lucky sont \u00e9galement id\u00e9ales pour les longues distances.<\/p>\n<h5>Tailles : 36-47<\/h5>\n<p>Informations sur le produit &quot;Bateau Baak 1021 Lucky DogWalker\u00ae&quot;<br \/>\nBAAK Dog Walker\u00ae Bottes mi-hautes LUCKY PU \/ Nitrile<\/p>\n<ul>\n<li>Botte DogWalker\u00ae l\u00e9g\u00e8re et confortable<\/li>\n<li>Tige en cuir nubuck de haute qualit\u00e9 et facile d&#039;entretien<\/li>\n<li>Extr\u00e9mit\u00e9 de tige rembourr\u00e9e douce<\/li>\n<li>Visi\u00e8re ferm\u00e9e et doubl\u00e9e en Cordura\u00ae<\/li>\n<li>100 % imperm\u00e9able, coupe-vent et respirant gr\u00e2ce \u00e0 la membrane Sympatex \u00ae<\/li>\n<li>Semelle de trekking autonettoyante sp\u00e9cialement d\u00e9velopp\u00e9e en caoutchouc r\u00e9sistant \u00e0 l&#039;usure avec profil de semelle antid\u00e9rapant et antid\u00e9rapant<\/li>\n<li>Amorti sur toute la surface fourni par la semelle intercalaire en polyur\u00e9thane expans\u00e9 pour soulager le stress sur les articulations et la colonne vert\u00e9brale<\/li>\n<li>Construction sp\u00e9ciale pour stabiliser la cheville et le talon et soulager le tendon d&#039;Achille<\/li>\n<li>Semelle int\u00e9rieure climatique de forme anatomique<\/li>\n<li>lumi\u00e8re<\/li>\n<\/ul>\n<p><strong>Nous attirons votre attention sur le fait que lors du retour des chaussures 20%, les frais de manutention et de stockage seront d\u00e9duits.<\/strong><\/p>\n<p><a href=\"https:\/\/baak.de\/\" target=\"_blank\" rel=\"noopener\"><img loading=\"lazy\" decoding=\"async\" class=\"alignnone wp-image-70452 size-medium\" src=\"https:\/\/dogpride.nl\/wp-content\/uploads\/logo-1-300x81.png\" alt=\"\" width=\"300\" height=\"81\" srcset=\"https:\/\/dogpride.nl\/wp-content\/uploads\/logo-1-300x81.png 300w, https:\/\/dogpride.nl\/wp-content\/uploads\/logo-1-250x68.png 250w, https:\/\/dogpride.nl\/wp-content\/uploads\/logo-1-400x108.png 400w, https:\/\/dogpride.nl\/wp-content\/uploads\/logo-1-200x54.png 200w, https:\/\/dogpride.nl\/wp-content\/uploads\/logo-1.png 500w\" sizes=\"auto, (max-width: 300px) 100vw, 300px\" \/><\/a><\/p>\n<p><a href=\"https:\/\/dogpride.nl\/fr\/kleding\/schoenen-laarzen\/baak-dog-walker\/\"><img loading=\"lazy\" decoding=\"async\" class=\"alignnone\" title=\"BAAK Dog Walker Half hoge schoenen LUCKY\" src=\"https:\/\/dogpride.nl\/wp-content\/uploads\/BAAK-Dog-Walker%C2%AE-Half-hoge-schoenen-LUCKY-1-150x150.webp\" alt=\"BAAK Dog Walker Half hoge schoenen LUCKY\" width=\"150\" height=\"150\" \/><\/a><a href=\"https:\/\/baak.de\/\" target=\"_blank\" rel=\"noopener\"><img loading=\"lazy\" decoding=\"async\" class=\"alignnone\" title=\"BAAK Dog Walker Half hoge schoenen LUCKY\" src=\"https:\/\/dogpride.nl\/wp-content\/uploads\/BAAK-Dog-Walker%C2%AE-Half-hoge-schoenen-LUCKY-1-150x150.webp\" alt=\"BAAK Dog Walker Half hoge schoenen LUCKY\" width=\"150\" height=\"150\" \/><\/a><\/p>\n<p>&nbsp;<\/p>","protected":false},"excerpt":{"rendered":"<p>Cette chaussure Dogwalker est une chaussure id\u00e9ale pour les sports canins. Id\u00e9al pour une adh\u00e9rence antid\u00e9rapante sur le p\u00e2turage, en particulier pour l&#039;agilit\u00e9, mais aussi pour les hommes d&#039;attaque et les ma\u00eetres-chiens.<\/p>","protected":false},"featured_media":136323,"template":"","meta":[],"product_brand":[],"product_cat":[3937],"product_tag":[],"class_list":{"0":"post-11780","1":"product","2":"type-product","3":"status-publish","4":"has-post-thumbnail","6":"product_cat-baak-dog-walker-schoenen","8":"first","9":"instock","10":"taxable","11":"shipping-taxable","12":"purchasable","13":"product-type-variable"},"mb":[],"mfb_rest_fields":["title"],"_links":{"self":[{"href":"https:\/\/dogpride.nl\/fr\/wp-json\/wp\/v2\/product\/11780","targetHints":{"allow":["GET"]}}],"collection":[{"href":"https:\/\/dogpride.nl\/fr\/wp-json\/wp\/v2\/product"}],"about":[{"href":"https:\/\/dogpride.nl\/fr\/wp-json\/wp\/v2\/types\/product"}],"wp:featuredmedia":[{"embeddable":true,"href":"https:\/\/dogpride.nl\/fr\/wp-json\/wp\/v2\/media\/136323"}],"wp:attachment":[{"href":"https:\/\/dogpride.nl\/fr\/wp-json\/wp\/v2\/media?parent=11780"}],"wp:term":[{"taxonomy":"product_brand","embeddable":true,"href":"https:\/\/dogpride.nl\/fr\/wp-json\/wp\/v2\/product_brand?post=11780"},{"taxonomy":"product_cat","embeddable":true,"href":"https:\/\/dogpride.nl\/fr\/wp-json\/wp\/v2\/product_cat?post=11780"},{"taxonomy":"product_tag","embeddable":true,"href":"https:\/\/dogpride.nl\/fr\/wp-json\/wp\/v2\/product_tag?post=11780"}],"curies":[{"name":"wp","href":"https:\/\/api.w.org\/{rel}","templated":true}]}}