{"id":11779,"date":"2021-03-02T15:46:02","date_gmt":"2021-03-02T14:46:02","guid":{"rendered":"https:\/\/dogpride1.wpengine.com\/product\/baak-dog-walker-schoenen-boomer-2\/"},"modified":"2025-11-17T15:29:25","modified_gmt":"2025-11-17T14:29:25","slug":"baak-dog-walker-schoenen-boomer-2","status":"publish","type":"product","link":"https:\/\/dogpride.nl\/fr\/baak-dog-walker-schoenen-boomer-2\/","title":{"rendered":"Chaussures BAAK Dog Walker\u00ae BOOMER"},"content":{"rendered":"<h4>Chaussures BAAK Dog Walker\u00ae BOOMER<\/h4>\n<p>Chaussures BAAK Dog Walker\u00ae BOOMER<\/p>\n<p>Non garanti. Convient pour de nombreux travaux de marche et debout, Semelle ext\u00e9rieure en caoutchouc PU \/ Vibram r\u00e9sistante \u00e0 la chaleur 300C + nez d&#039;usure, Tige : cuir nubuck pleine fleur avec doublure int\u00e9rieure en membrane,<br \/>\nConfort : semelle int\u00e9rieure de forme anatomique, tige et languette d&#039;eau rembourr\u00e9es, faible transfert de chaleur et de froid.<\/p>\n<p>Les propri\u00e9taires de chiens savent \u00e0 quel point de bonnes chaussures sont importantes pour marcher, se promener dans la nature et pendant les sports canins.<br \/>\nL&#039;adh\u00e9rence gr\u00e2ce aux semelles \u00e0 profil antid\u00e9rapant, un bon ajustement, un amorti optimal et un confort de port maximal sont les caract\u00e9ristiques des chaussures Dog Walker\u00ae.<br \/>\nBAAK Dog Walker\u00ae \u2013 des chaussures robustes pour tous ceux qui aiment intensifier leur marche.<\/p>\n<p>La chaussure multifonctionnelle pour promener le chien. Avec une tige en cuir nubuck de haute qualit\u00e9, facile d&#039;entretien. 100% imperm\u00e9able, coupe-vent et respirant gr\u00e2ce \u00e0 la membrane originale Sympatex\u00ae.<br \/>\nDeze heerlijk warme BAAK Dog Walker\u00ae schoenen BOOMER zorgen dankzij de speciaal ontwikkelde trekking-loopzool van slijtvast rubber voor een veilig gevoel, ook op een moeilijkere ondergrond.<br \/>\nLe rembourrage couvrant toute la surface et la semelle int\u00e9rieure climatique de forme anatomique rendent ces chaussures tr\u00e8s confortables. Les articulations et la colonne vert\u00e9brale sont \u00e9pargn\u00e9es. Les chaussures Boomer sont \u00e9galement id\u00e9ales pour les longues distances.<\/p>\n<ul>\n<li>Tailles : 36-47<\/li>\n<\/ul>\n<p><strong>Nous attirons votre attention sur le fait que lors du retour des chaussures 20%, les frais de manutention et de stockage seront d\u00e9duits.<\/strong><\/p>\n<p><a href=\"https:\/\/baak.de\/\" target=\"_blank\" rel=\"noopener\"><img loading=\"lazy\" decoding=\"async\" class=\"alignnone wp-image-70452 size-medium\" src=\"https:\/\/dogpride.nl\/wp-content\/uploads\/logo-1-300x81.png\" alt=\"\" width=\"300\" height=\"81\" srcset=\"https:\/\/dogpride.nl\/wp-content\/uploads\/logo-1-300x81.png 300w, https:\/\/dogpride.nl\/wp-content\/uploads\/logo-1-250x68.png 250w, https:\/\/dogpride.nl\/wp-content\/uploads\/logo-1-400x108.png 400w, https:\/\/dogpride.nl\/wp-content\/uploads\/logo-1-200x54.png 200w, https:\/\/dogpride.nl\/wp-content\/uploads\/logo-1.png 500w\" sizes=\"auto, (max-width: 300px) 100vw, 300px\" \/><\/a><\/p>\n<p><a href=\"https:\/\/dogpride.nl\/fr\/kleding\/schoenen-laarzen\/baak-dog-walker-schoenen\/\"><img loading=\"lazy\" decoding=\"async\" class=\"alignnone\" title=\"Chaussures BAAK Dog Walker\u00ae BOOMER\" src=\"https:\/\/dogpride.nl\/wp-content\/uploads\/BAAK-Dog-Walker%C2%AE-schoenen-BOOMER-1-150x150.webp\" alt=\"BAAK Dog Walker\u00ae schoenen BOOMER\" width=\"150\" height=\"150\" \/><\/a><\/p>","protected":false},"excerpt":{"rendered":"<p>Les propri\u00e9taires de chiens savent \u00e0 quel point de bonnes chaussures sont importantes pour marcher, marcher dans la nature et pratiquer des sports canins. L&#039;adh\u00e9rence gr\u00e2ce aux semelles \u00e0 profil antid\u00e9rapant, un bon ajustement, un amorti optimal et un confort de port maximal sont les caract\u00e9ristiques des chaussures Dog Walker\u00ae<\/p>","protected":false},"featured_media":22570,"template":"","meta":[],"product_brand":[],"product_cat":[3937],"product_tag":[],"class_list":{"0":"post-11779","1":"product","2":"type-product","3":"status-publish","4":"has-post-thumbnail","6":"product_cat-baak-dog-walker-schoenen","8":"first","9":"instock","10":"taxable","11":"shipping-taxable","12":"purchasable","13":"product-type-variable"},"mb":[],"mfb_rest_fields":["title"],"_links":{"self":[{"href":"https:\/\/dogpride.nl\/fr\/wp-json\/wp\/v2\/product\/11779","targetHints":{"allow":["GET"]}}],"collection":[{"href":"https:\/\/dogpride.nl\/fr\/wp-json\/wp\/v2\/product"}],"about":[{"href":"https:\/\/dogpride.nl\/fr\/wp-json\/wp\/v2\/types\/product"}],"wp:featuredmedia":[{"embeddable":true,"href":"https:\/\/dogpride.nl\/fr\/wp-json\/wp\/v2\/media\/22570"}],"wp:attachment":[{"href":"https:\/\/dogpride.nl\/fr\/wp-json\/wp\/v2\/media?parent=11779"}],"wp:term":[{"taxonomy":"product_brand","embeddable":true,"href":"https:\/\/dogpride.nl\/fr\/wp-json\/wp\/v2\/product_brand?post=11779"},{"taxonomy":"product_cat","embeddable":true,"href":"https:\/\/dogpride.nl\/fr\/wp-json\/wp\/v2\/product_cat?post=11779"},{"taxonomy":"product_tag","embeddable":true,"href":"https:\/\/dogpride.nl\/fr\/wp-json\/wp\/v2\/product_tag?post=11779"}],"curies":[{"name":"wp","href":"https:\/\/api.w.org\/{rel}","templated":true}]}}