{"id":11778,"date":"2021-03-02T15:31:54","date_gmt":"2021-03-02T14:31:54","guid":{"rendered":"https:\/\/dogpride1.wpengine.com\/product\/baak-dog-walker-schoenen-bobby-2\/"},"modified":"2025-11-17T15:29:51","modified_gmt":"2025-11-17T14:29:51","slug":"baak-dog-walker-schoenen-bobby-2","status":"publish","type":"product","link":"https:\/\/dogpride.nl\/fr\/baak-dog-walker-schoenen-bobby-2\/","title":{"rendered":"Chaussures BAAK Dog Walker\u00ae BOBBY"},"content":{"rendered":"<h4>Chaussures BAAK Dog Walker\u00ae BOBBY<\/h4>\n<p>Chaussures BAAK Dog Walker\u00ae BOBBY<\/p>\n<p>Cette chaussure Dogwalker est une chaussure id\u00e9ale pour les sports canins. Id\u00e9al pour une adh\u00e9rence antid\u00e9rapante sur le p\u00e2turage, en particulier pour l&#039;agilit\u00e9, mais aussi pour les hommes d&#039;attaque et les ma\u00eetres-chiens.<\/p>\n<p>Les propri\u00e9taires de chiens savent \u00e0 quel point de bonnes chaussures sont importantes pour marcher, se promener dans la nature et pendant les sports canins. L&#039;adh\u00e9rence gr\u00e2ce aux semelles \u00e0 profil antid\u00e9rapant, un bon ajustement, un amorti optimal et un confort de port maximal sont les caract\u00e9ristiques des chaussures Dog Walker\u00ae. BAAK Dog Walker\u00ae \u2013 des chaussures robustes pour tous ceux qui aiment intensifier leur marche.<\/p>\n<p>De multifunctionele schoen voor het uitlaten van de hond. Met een schacht van gemakkelijk te onderhouden, hoogwaardig nubuckleer. 100% waterdicht, winddicht en ademend door de originele Sympatex\u00ae-membraan. Deze heerlijk warme BAAK Dog Walker\u00ae schoenen BOBBY zorgen dankzij de speciaal ontwikkelde trekking-loopzool van slijtvast rubber voor een veilig gevoel, ook op een moeilijkere ondergrond. De het gehele oppervlak bedekkende demping en het anatomisch gevormde klimaatvoetbed maken deze schoenen zeer comfortabel. De gewrichten en ruggengraat worden ontzien. Ook voor lange afstanden zijn de schoenen Bobby ideaal.<\/p>\n<ul>\n<li>Tailles : 36-47<\/li>\n<\/ul>\n<p><strong>Nous attirons votre attention sur le fait que lors du retour des chaussures 20%, les frais de manutention et de stockage seront d\u00e9duits.<\/strong><\/p>\n<p><a href=\"https:\/\/baak.de\/\" target=\"_blank\" rel=\"noopener\"><img loading=\"lazy\" decoding=\"async\" class=\"alignnone wp-image-70452 size-medium\" src=\"https:\/\/dogpride.nl\/wp-content\/uploads\/logo-1-300x81.png\" alt=\"\" width=\"300\" height=\"81\" srcset=\"https:\/\/dogpride.nl\/wp-content\/uploads\/logo-1-300x81.png 300w, https:\/\/dogpride.nl\/wp-content\/uploads\/logo-1-250x68.png 250w, https:\/\/dogpride.nl\/wp-content\/uploads\/logo-1-400x108.png 400w, https:\/\/dogpride.nl\/wp-content\/uploads\/logo-1-200x54.png 200w, https:\/\/dogpride.nl\/wp-content\/uploads\/logo-1.png 500w\" sizes=\"auto, (max-width: 300px) 100vw, 300px\" \/><\/a><\/p>\n<p><a href=\"https:\/\/dogpride.nl\/fr\/kleding\/schoenen-laarzen\/baak-dog-walker-schoenen\/\"><img loading=\"lazy\" decoding=\"async\" class=\"alignnone\" title=\"Chaussures BAAK Dog Walker\u00ae BOBBY\" src=\"https:\/\/dogpride.nl\/wp-content\/uploads\/BAAK-Dog-Walker%C2%AE-schoenen-BOBBY-1-150x150.webp\" alt=\"BAAK Dog Walker\u00ae schoenen BOBBY\" width=\"150\" height=\"150\" \/><\/a><\/p>","protected":false},"excerpt":{"rendered":"<p>Cette chaussure Dogwalker est une chaussure id\u00e9ale pour les sports canins. Id\u00e9al pour une adh\u00e9rence antid\u00e9rapante sur le p\u00e2turage, en particulier pour l&#039;agilit\u00e9, mais aussi pour les hommes d&#039;attaque et les ma\u00eetres-chiens.<\/p>","protected":false},"featured_media":136335,"template":"","meta":[],"product_brand":[],"product_cat":[3937],"product_tag":[],"class_list":{"0":"post-11778","1":"product","2":"type-product","3":"status-publish","4":"has-post-thumbnail","6":"product_cat-baak-dog-walker-schoenen","8":"first","9":"instock","10":"taxable","11":"shipping-taxable","12":"purchasable","13":"product-type-variable"},"mb":[],"mfb_rest_fields":["title"],"_links":{"self":[{"href":"https:\/\/dogpride.nl\/fr\/wp-json\/wp\/v2\/product\/11778","targetHints":{"allow":["GET"]}}],"collection":[{"href":"https:\/\/dogpride.nl\/fr\/wp-json\/wp\/v2\/product"}],"about":[{"href":"https:\/\/dogpride.nl\/fr\/wp-json\/wp\/v2\/types\/product"}],"wp:featuredmedia":[{"embeddable":true,"href":"https:\/\/dogpride.nl\/fr\/wp-json\/wp\/v2\/media\/136335"}],"wp:attachment":[{"href":"https:\/\/dogpride.nl\/fr\/wp-json\/wp\/v2\/media?parent=11778"}],"wp:term":[{"taxonomy":"product_brand","embeddable":true,"href":"https:\/\/dogpride.nl\/fr\/wp-json\/wp\/v2\/product_brand?post=11778"},{"taxonomy":"product_cat","embeddable":true,"href":"https:\/\/dogpride.nl\/fr\/wp-json\/wp\/v2\/product_cat?post=11778"},{"taxonomy":"product_tag","embeddable":true,"href":"https:\/\/dogpride.nl\/fr\/wp-json\/wp\/v2\/product_tag?post=11778"}],"curies":[{"name":"wp","href":"https:\/\/api.w.org\/{rel}","templated":true}]}}