{"id":117763,"date":"2024-02-06T14:16:42","date_gmt":"2024-02-06T13:16:42","guid":{"rendered":"https:\/\/dogpride.nl\/?post_type=product&#038;p=117763"},"modified":"2026-03-19T13:11:41","modified_gmt":"2026-03-19T12:11:41","slug":"garmin-alpha-50-met-t5-mini-halsband","status":"publish","type":"product","link":"https:\/\/dogpride.nl\/fr\/garmin-alpha-50-met-t5-mini-halsband\/","title":{"rendered":"GARMIN Alpha 50 met T5 MINI-halsband"},"content":{"rendered":"<h1>GARMIN Alpha 50 met T5 MINI-halsband<\/h1>\n<p>GARMIN Alpha 50 met T5 MINI-halsband<\/p>\n<div id=\"\" class=\"\">\n<div id=\"CatDescribe\">\n<p><span><span class=\"\">Alpha 50: de nieuwe generatie jachthondenvolgapparatuur.<\/span><\/span><\/p>\n<p><span>De Garmin Alpha\u00ae 50 kan tot 20 honden volgen binnen een straal van 6,5 km met een T 5 Mini halsband. Het is ook compatibel met T5-halsbanden, TT15-halsbanden en TT15 Mini.\u00a0De trainingsfunctie van de laatste twee is echter niet beschikbaar.<\/span><\/p>\n<p><span>Een 1:100.000 TOPO-kaart van Europa is vooraf geladen in de Alpha\u00ae 50 met een gratis jaarabonnement op BirdsEye-satellietbeelden.<\/span><\/p>\n<p><span>Door elke 2,5 seconde een bijgewerkte locatie kunt u de bewegingen van uw honden sneller volgen terwijl ze op jacht zijn.<\/span><\/p>\n<p><span><span class=\"\">Het ontvangen van GPS\/GLONASS-signalen zorgt voor een effici\u00ebntere satellietvolging in steile gebieden.<\/span><\/span><\/p>\n<p><span><span class=\"\">De Alpha 50 heeft een dubbel voedingssysteem.<\/span><\/span><\/p>\n<p><span>Geavanceerde beveiligingsfuncties zoals bewakingszones en noodmodus zijn beschikbaar.<\/span><\/p>\n<p><span>\u201cHunt metrics\u201d analyseren de jachtgewoonten en het gedrag van uw honden en stellen u in staat de afgelegde afstand, de gemiddelde snelheid, enz. te visualiseren.<\/span><\/p>\n<p><span>De Alpha 50 is zeer eenvoudig te gebruiken dankzij het toetsenbord, hij heeft een helder 2,6 inch kleurenscherm en een optioneel oplaadbaar batterijpakket.<\/span><\/p>\n<p><span>Het kan worden gebruikt met andere Alpha 50- en Alpha 100-apparaten voor het gelijktijdig volgen van meerdere halsbanden.\u00a0Houd er rekening mee dat zodra halsbanden zijn geconfigureerd om Alpha Series-apparaten te ondersteunen, ze niet tegelijkertijd kunnen worden gevolgd door een Astro 320-apparaat.<\/span><\/p>\n<h3><span>Meer kaarten en meer details<\/span><\/h3>\n<p><span>Naast de vooraf geladen kaarten kunt u TOPO- of BirdsEye Select-kaarten laden (afzonderlijk verkrijgbaar ) en BirdsEye-satellietbeelden (gratis abonnement van 1 jaar inbegrepen) met behulp van de microSD-kaartsleuf.<\/span><\/p>\n<p><span>U kunt ook kiezen voor City Navigator\u00ae NT-kaartgegevens, die u gedetailleerde stembegeleiding bieden.\u00a0Dankzij het interne geheugen van 8 GB kunt u kaarten rechtstreeks naar het apparaat downloaden.<\/span><\/p>\n<h3><span>\u201cJachtstatistieken\u201d<\/span><\/h3>\n<p><span>Door gebruik te maken van de T 5, T 5 Mini, TT 15, TT 15 Mini en DC 50 halsbanden van Garmin heeft u realtime toegang tot de positie van uw honden, evenals de route die ze hebben afgelegd. In de hondenvolgmodus geeft een elektronisch kompas de richting aan waarin de geselecteerde hond zich bevindt.<\/span><\/p>\n<p><span>Dankzij \u201cHunt metrics\u201d kunt u de gewoonten en het gedrag van uw hond volgen.\u00a0U kunt de tijd, de afgelegde afstand, de gemiddelde snelheid enz. weten.\u00a0De Alpha 50 registreert ook het aantal keren dat uw hond tijdens uw jachttocht wordt \u201cgestopt\u201d en \u201conder een boom wacht\u201d.<\/span><\/p>\n<p><span>Draadloos delen<\/span><\/p>\n<p><span>De Garmin Alpha 50 biedt talloze draadloze verbindingsopties waarmee gegevens kunnen worden overgedragen naar andere compatibele Garmin-apparaten.<\/span><\/p>\n<p><span>De Garmin DriveTrack\u2122 70LM GPS kan de locatie van uw hond ontvangen en weergeven op de scrollende kaart (met TOPO-weergaven of satellietbeelden) en geeft zo snel en gemakkelijk mogelijk een routebeschrijving naar de locatie van uw hond.<\/span><\/p>\n<p><span>f\u0113nix\u00ae 3 GPS-horloges kunnen ook positie- en richtingsinformatie van uw honden ontvangen (kompas en afstand) en deze rechtstreeks op uw pols weergeven.<\/span><\/p>\n<p><span>Prooi-waypoint<\/span><\/p>\n<p><span>Nadat je het wild hebt gevangen, markeer je de exacte locatie van de vangst met Alpha&#8217;s Covey Counter\u2122, een speciaal waypoint-markeringshulpmiddel dat de exacte locatie, het tijdstip en de hoogte aangeeft waarop je hebt gevangen en je prooi hebt gevonden, evenals het aantal dieren dat in die tijd is gedood. plaats.\u00a0Met uw Alpha kunt u ook andere bijzondere tussenpunten opslaan, zoals uw voertuig of accommodatie, zodat u daar aan het einde van uw jachtreis gemakkelijk naar terug kunt keren.\u00a0De Alpha 50 biedt ook speciale pictogrammen voor waypoints, die voedselpunten, neergestreken jaloezie\u00ebn en andere belangrijke punten voor de jacht vertegenwoordigen.<\/span><\/p>\n<p><span>Robuust, waterbestendig en duurzaam<\/span><\/p>\n<p><span>Net als alle outdoorproducten van Garmin is de Alpha 50 ontworpen om effici\u00ebnt, gebruiksvriendelijk, betrouwbaar en sterk genoeg te zijn om alle klappen, schokken en schokken te weerstaan \u200b\u200bdie doorgaans worden veroorzaakt door buitenactiviteiten.\u00a0Dit apparaat voldoet aan de waterdichte IPX7-norm en kan worden gevoed door standaard AA-batterijen of een (optioneel) NiMH-batterijpakket met een lange levensduur dat rechtstreeks in het apparaat kan worden opgeladen.\u00a0Bovendien, als u uw Alpha 50 ooit kwijtraakt of laat vallen, kunt u hem gemakkelijk herkennen dankzij de feloranje kleur.<\/span><\/p>\n<p><span>Dezelfde zorg voor robuustheid beheerste het ontwerp en de productie van de Garmin T5 Mini-halsbanden, zodat ze de extreme omstandigheden van de jacht konden doorstaan.\u00a0De VHF-antennes, waarmee de halsbanden via radiofrequentie kunnen communiceren met de Alpha 50-basis, zijn gemaakt van gevlochten staal om een \u200b\u200bbetrouwbare werking mogelijk te maken, zelfs als de begroeiing dichter wordt.<\/span><\/p>\n<p><span>S\u00e9curit\u00e9 renforc\u00e9e<\/span><\/p>\n<p><span>Het instellen van bewakingszones tijdens de jacht kan ervoor zorgen dat honden geen gevaarlijke gebieden zoals wegen of kliffen naderen.\u00a0U kunt no-go-zones cre\u00ebren en waarschuwingen instellen die worden geactiveerd wanneer de hond deze nadert.\u00a0Als de hond de weg nadert, kunt u op afstand de LED-indicatielampjes op de halsband T 5\/T 5 Mini TT 15\/TT 15 Mini activeren en zo de zichtbaarheid van de hond verbeteren.\u00a0Ook kun je de halsband in de noodmodus zetten, zodat de updatefrequentie lager is als de batterij onder de 25% zakt.\u00a0Dit geeft u 12 uur extra batterijduur van de halsband om te zoeken naar een verloren hond.\u00a0In geval van gevaar kunt u een noodwaarschuwing naar alle aangesloten Alpha&#8217;s sturen, waarbij u uw locatie aangeeft, en andere leden van uw groep vertellen zich onmiddellijk bij u aan te sluiten.<\/span><\/p>\n<p><span>Transformeer uw computer in een hondenvolgbasis<\/span><\/p>\n<p><span>Installeer BaseStation-software op uw laptop om er een controlecentrum van te maken en meerdere honden te volgen (uitgerust met T 5, T 5 Mini, TT 15, TT 15 mini en DC 502 halsbanden).\u00a0Het weergeven van realtime GPS-informatie op een computerscherm is een ideaal hulpmiddel voor het volgen van honden.\u00a0Met GPS\/GLONASS-signalen kunt u uw honden blijven volgen, zelfs als internet en mobiele telefoondiensten niet beschikbaar zijn.<\/span><\/p>\n<p><span>Plan uw jacht<\/span><\/p>\n<p><span>Plan uw jachtreizen vooraf met behulp van de BaseCamp\u2122-software, waarmee u uw kaarten, waypoints, routes en tracks kunt bekijken en voorbereiden om uw kansen om iets te vangen te vergroten.\u00a0Met deze gratis reisplanningssoftware kun je zelfs Garmin Adventures maken die je kunt delen met vrienden, familie en andere hondenbezitters.\u00a0BaseCamp geeft 2D- of 3D-topografische kaartgegevens weer op uw computerscherm, inclusief contourlijnen en hoogteprofielen.\u00a0Hiermee kunt u ook een grote hoeveelheid satellietbeelden naar uw toestel overbrengen wanneer u deze koppelt aan het gratis 1-jarige abonnement van uw Alpha op BirdsEye-satellietbeelden.<\/span><\/p>\n<p><span><span class=\"VIpgJd-yAWNEb-VIpgJd-fmcmS-sn54Q\">Dans la boite<\/span><\/span><br \/>\n<span><span class=\"VIpgJd-yAWNEb-VIpgJd-fmcmS-sn54Q\">Alpha 50 + T 5 Minihalsband<\/span><\/span><\/p>\n<p><span><span class=\"VIpgJd-yAWNEb-VIpgJd-fmcmS-sn54Q\">Alpha 50<\/span><\/span><br \/>\n<span><span class=\"VIpgJd-yAWNEb-VIpgJd-fmcmS-sn54Q\">T 5 Minihalsband met oplaadbare lithium-ionbatterij en oranje bandje<\/span><\/span><br \/>\n<span><span class=\"VIpgJd-yAWNEb-VIpgJd-fmcmS-sn54Q\">Eenjarig abonnement op BirdsEye-satellietbeelden<\/span><\/span><br \/>\n<span><span class=\"VIpgJd-yAWNEb-VIpgJd-fmcmS-sn54Q\">Standaard 5-inch antenne (voor Alpha)<\/span><\/span><br \/>\n<span><span class=\"VIpgJd-yAWNEb-VIpgJd-fmcmS-sn54Q\">Binnenbereikantenne vergroot bereik van 33 cm (voor Alpha)<\/span><\/span><br \/>\n<span><span class=\"VIpgJd-yAWNEb-VIpgJd-fmcmS-sn54Q\">Standaardantenne van 47 cm (voor T 5)<\/span><\/span><br \/>\n<span><span class=\"VIpgJd-yAWNEb-VIpgJd-fmcmS-sn54Q\">Antenne met groter bereik van 57 cm (voor T 5)<\/span><\/span><br \/>\n<span><span class=\"VIpgJd-yAWNEb-VIpgJd-fmcmS-sn54Q\">Netadapter<\/span><\/span><br \/>\n<span><span class=\"VIpgJd-yAWNEb-VIpgJd-fmcmS-sn54Q\">Kabel voor sigarettenaansteker<\/span><\/span><br \/>\n<span><span class=\"VIpgJd-yAWNEb-VIpgJd-fmcmS-sn54Q\">Oplaadclip (voor T 5)<\/span><\/span><br \/>\n<span><span class=\"VIpgJd-yAWNEb-VIpgJd-fmcmS-sn54Q\">cable USB<\/span><\/span><br \/>\n<span><span class=\"VIpgJd-yAWNEb-VIpgJd-fmcmS-sn54Q\">Riemclip<\/span><\/span><br \/>\n<span><span class=\"VIpgJd-yAWNEb-VIpgJd-fmcmS-sn54Q\">Documentatie<\/span><\/span><\/p>\n<p><strong><span style=\"color: #ff0000;\">LET OP: DIT IS EEN FRANSE SET!!<\/span><\/strong><\/p>\n<\/div>\n<\/div>\n<div><\/div>","protected":false},"excerpt":{"rendered":"<p>De Garmin Alpha\u00ae 50 kan tot 20 honden volgen binnen een straal van 6,5 km met een T 5 Mini halsband. Het is ook compatibel met T5-halsbanden, TT15-halsbanden en TT15 Mini.\u00a0De trainingsfunctie van de laatste twee is echter niet beschikbaar.<\/p>","protected":false},"featured_media":117764,"template":"","meta":[],"product_brand":[],"product_cat":[938],"product_tag":[6910,6336,4147,4149,5238,3075,6906],"class_list":{"0":"post-117763","1":"product","2":"type-product","3":"status-publish","4":"has-post-thumbnail","6":"product_cat-gps-systemen","7":"product_tag-6910","8":"product_tag-alpha","9":"product_tag-garmin","10":"product_tag-gps","11":"product_tag-halsband","12":"product_tag-mini","13":"product_tag-t5","15":"first","16":"instock","17":"taxable","18":"shipping-taxable","19":"purchasable","20":"product-type-simple"},"mb":[],"mfb_rest_fields":["title"],"_links":{"self":[{"href":"https:\/\/dogpride.nl\/fr\/wp-json\/wp\/v2\/product\/117763","targetHints":{"allow":["GET"]}}],"collection":[{"href":"https:\/\/dogpride.nl\/fr\/wp-json\/wp\/v2\/product"}],"about":[{"href":"https:\/\/dogpride.nl\/fr\/wp-json\/wp\/v2\/types\/product"}],"wp:featuredmedia":[{"embeddable":true,"href":"https:\/\/dogpride.nl\/fr\/wp-json\/wp\/v2\/media\/117764"}],"wp:attachment":[{"href":"https:\/\/dogpride.nl\/fr\/wp-json\/wp\/v2\/media?parent=117763"}],"wp:term":[{"taxonomy":"product_brand","embeddable":true,"href":"https:\/\/dogpride.nl\/fr\/wp-json\/wp\/v2\/product_brand?post=117763"},{"taxonomy":"product_cat","embeddable":true,"href":"https:\/\/dogpride.nl\/fr\/wp-json\/wp\/v2\/product_cat?post=117763"},{"taxonomy":"product_tag","embeddable":true,"href":"https:\/\/dogpride.nl\/fr\/wp-json\/wp\/v2\/product_tag?post=117763"}],"curies":[{"name":"wp","href":"https:\/\/api.w.org\/{rel}","templated":true}]}}