{"id":11774,"date":"2021-02-22T15:48:29","date_gmt":"2021-02-22T14:48:29","guid":{"rendered":"https:\/\/dogpride1.wpengine.com\/product\/doggo-outdoorschoen-asta-waterproof-2\/"},"modified":"2025-11-17T15:47:41","modified_gmt":"2025-11-17T14:47:41","slug":"doggo-outdoorschoen-asta-waterproof-2","status":"publish","type":"product","link":"https:\/\/dogpride.nl\/fr\/doggo-outdoorschoen-asta-waterproof-2\/","title":{"rendered":"DOGGO Chaussure outdoor Asta Imperm\u00e9able"},"content":{"rendered":"<h4>DOGGO Chaussure outdoor Asta Imperm\u00e9able<\/h4>\n<p>DOGGO Chaussure outdoor Asta Imperm\u00e9able<\/p>\n<p>Informations sur le produit \u00ab\u00a0Asta, semelle Vibram, imperm\u00e9able\u00a0\u00bb,<\/p>\n<ul>\n<li>Mod\u00e8le DOGGO Chaussure Outdoor Asta Waterproof<\/li>\n<li>Mat\u00e9riau sup\u00e9rieur : cuir huil\u00e9 et graiss\u00e9<\/li>\n<li>Membrane : DOGGO Tex<\/li>\n<li>Fonction : imperm\u00e9able, respirant, nous garantissons l&#039;imperm\u00e9abilit\u00e9 m\u00eame sur la prairie humide<\/li>\n<li>Mat\u00e9riau int\u00e9rieur : polyester (maille)<\/li>\n<li>Semelle int\u00e9rieure : polyur\u00e9thane, amovible, pr\u00e9form\u00e9e, rembourr\u00e9e<\/li>\n<li>Semelle ext\u00e9rieure : Vibram, r\u00e9sistant \u00e0 l&#039;abrasion, profil ext\u00e9rieur<\/li>\n<li>Ajustement : 1:1<\/li>\n<li>Extras : syst\u00e8me de la\u00e7age rapide avec \u0153illets stables, nez et talon renforc\u00e9s,<\/li>\n<li>poids : 440 grammes<\/li>\n<\/ul>\n<p>Couleurs disponibles : Noir\/Orange et Marron\/Bleu<\/p>\n<h5>Fabriqu\u00e9 en Europe :)<\/h5>\n<p>La nouvelle chaussure d&#039;ext\u00e9rieur de DOGGO est fabriqu\u00e9e uniquement avec des mat\u00e9riaux europ\u00e9ens. Cela garantit un tr\u00e8s bon ajustement gr\u00e2ce \u00e0 la forme europ\u00e9enne de haute qualit\u00e9 et exempte de substances nocives.<br \/>\nLe m\u00e9lange de mat\u00e9riaux de haute qualit\u00e9 combine la combinaison d&#039;un savoir-faire solide et des derni\u00e8res technologies. Cette chaussure de randonn\u00e9e est diff\u00e9rente : elle est agr\u00e9ablement douce au pied et convainc par son confort de port et de marche \u00e9lev\u00e9.<br \/>\nLe mat\u00e9riau sup\u00e9rieur robuste, en cuir \u00e9pais, rend la botte durable, adapt\u00e9e \u00e0 un usage quotidien et \u00e0 une utilisation hors route.<br \/>\nLa membrane int\u00e9gr\u00e9e assure des pieds secs \u00e0 une temp\u00e9rature agr\u00e9able les jours de pluie et sur les prairies humides.<br \/>\nLe profil d&#039;adh\u00e9rence de la semelle ext\u00e9rieure Vibram innovante, avec une semelle intercalaire en PU de forme ergonomique, offre une r\u00e9sistance \u00e9lev\u00e9e au glissement et une bonne conductivit\u00e9 au sol.<\/p>\n<p><strong>Le stock de chaussures fluctue. Il est possible que votre pointure ne soit pas (imm\u00e9diatement) disponible. Dans ce cas, nous ferons bien s\u00fbr de notre mieux pour trouver une solution appropri\u00e9e.<\/strong><\/p>\n<p>&nbsp;<\/p>\n<p>&nbsp;<\/p>\n<p><a href=\"https:\/\/doggo.kaufen\/\" target=\"_blank\" rel=\"noopener\"><img loading=\"lazy\" decoding=\"async\" class=\"alignnone wp-image-94814 size-full\" src=\"https:\/\/dogpride.nl\/wp-content\/uploads\/LOGO-Doggo-3.jpg\" alt=\"Logo DOGGO\" width=\"278\" height=\"97\" srcset=\"https:\/\/dogpride.nl\/wp-content\/uploads\/LOGO-Doggo-3.jpg 278w, https:\/\/dogpride.nl\/wp-content\/uploads\/LOGO-Doggo-3-250x87.jpg 250w, https:\/\/dogpride.nl\/wp-content\/uploads\/LOGO-Doggo-3-200x70.jpg 200w\" sizes=\"auto, (max-width: 278px) 100vw, 278px\" \/><\/a><\/p>\n<p><a href=\"https:\/\/dogpride.nl\/fr\/kleding\/schoenen-laarzen\/doggo-schoenen\/\"><img loading=\"lazy\" decoding=\"async\" class=\"alignnone\" title=\"DOGGO Chaussure outdoor Asta Imperm\u00e9able\" src=\"https:\/\/dogpride.nl\/wp-content\/uploads\/image_DO-2017022-37_1-1-150x150.jpg\" alt=\"DOGGO Outdoorschoen Asta Waterproof\" width=\"150\" height=\"150\" \/><\/a><\/p>","protected":false},"excerpt":{"rendered":"<p>La nouvelle chaussure d&#039;ext\u00e9rieur de DOGGO est fabriqu\u00e9e uniquement avec des mat\u00e9riaux europ\u00e9ens. Cela garantit un tr\u00e8s bon ajustement gr\u00e2ce \u00e0 la forme europ\u00e9enne de haute qualit\u00e9 et exempte de substances nocives.<\/p>","protected":false},"featured_media":45112,"template":"","meta":[],"product_brand":[],"product_cat":[3938],"product_tag":[4120,4116,4119,4121],"class_list":{"0":"post-11774","1":"product","2":"type-product","3":"status-publish","4":"has-post-thumbnail","6":"product_cat-doggo-schoenen","7":"product_tag-asta","8":"product_tag-doggo","9":"product_tag-outdoorschoen","10":"product_tag-waterproof","12":"first","13":"instock","14":"taxable","15":"shipping-taxable","16":"purchasable","17":"product-type-variable"},"mb":[],"mfb_rest_fields":["title"],"_links":{"self":[{"href":"https:\/\/dogpride.nl\/fr\/wp-json\/wp\/v2\/product\/11774","targetHints":{"allow":["GET"]}}],"collection":[{"href":"https:\/\/dogpride.nl\/fr\/wp-json\/wp\/v2\/product"}],"about":[{"href":"https:\/\/dogpride.nl\/fr\/wp-json\/wp\/v2\/types\/product"}],"wp:featuredmedia":[{"embeddable":true,"href":"https:\/\/dogpride.nl\/fr\/wp-json\/wp\/v2\/media\/45112"}],"wp:attachment":[{"href":"https:\/\/dogpride.nl\/fr\/wp-json\/wp\/v2\/media?parent=11774"}],"wp:term":[{"taxonomy":"product_brand","embeddable":true,"href":"https:\/\/dogpride.nl\/fr\/wp-json\/wp\/v2\/product_brand?post=11774"},{"taxonomy":"product_cat","embeddable":true,"href":"https:\/\/dogpride.nl\/fr\/wp-json\/wp\/v2\/product_cat?post=11774"},{"taxonomy":"product_tag","embeddable":true,"href":"https:\/\/dogpride.nl\/fr\/wp-json\/wp\/v2\/product_tag?post=11774"}],"curies":[{"name":"wp","href":"https:\/\/api.w.org\/{rel}","templated":true}]}}