{"id":11772,"date":"2021-02-22T15:32:16","date_gmt":"2021-02-22T14:32:16","guid":{"rendered":"https:\/\/dogpride1.wpengine.com\/product\/doggo-outdoorschoen-boje-waterproof-2\/"},"modified":"2025-11-17T15:51:53","modified_gmt":"2025-11-17T14:51:53","slug":"doggo-outdoorschoen-boje-waterproof-2","status":"publish","type":"product","link":"https:\/\/dogpride.nl\/fr\/doggo-outdoorschoen-boje-waterproof-2\/","title":{"rendered":"DOGGO Chaussure d&#039;ext\u00e9rieur Boje Imperm\u00e9able"},"content":{"rendered":"<h4>DOGGO Chaussure d&#039;ext\u00e9rieur Boje Imperm\u00e9able<\/h4>\n<p>DOGGO Chaussure d&#039;ext\u00e9rieur Boje Imperm\u00e9able<\/p>\n<p>Informations sur le produit DOGGO Chaussure outdoor Boje Waterproof<\/p>\n<ul>\n<li>Dessus : su\u00e8de imperm\u00e9able<\/li>\n<li>Membrane : DOGGO Tex<\/li>\n<li>Couleur : marron\/noir<\/li>\n<li>Fonction : imperm\u00e9able, respirant, nous garantissons l&#039;imperm\u00e9abilit\u00e9 m\u00eame sur la prairie humide<\/li>\n<li>Mat\u00e9riau int\u00e9rieur : polyester (maille)<\/li>\n<li>Semelle int\u00e9rieure : polyur\u00e9thane, amovible, pr\u00e9form\u00e9e, amortissante<\/li>\n<li>semelle ext\u00e9rieure : profil ext\u00e9rieur r\u00e9sistant \u00e0 l&#039;abrasion<\/li>\n<li>la semelle interm\u00e9diaire en PU garantit un amorti tr\u00e8s long pour le pied<\/li>\n<li>ajustement\u00a0: 1:1<\/li>\n<li>Extras : syst\u00e8me de la\u00e7age rapide avec \u0153illets stables, embout renforc\u00e9 avec capuche et contrefort de talon,<\/li>\n<\/ul>\n<p><a href=\"https:\/\/dogpride.nl\/fr\/kleding\/schoenen-laarzen\/doggo-schoenen\/\"><img loading=\"lazy\" decoding=\"async\" class=\"alignnone\" title=\"DOGGO Chaussure d&#039;ext\u00e9rieur Boje Imperm\u00e9able\" src=\"https:\/\/dogpride.nl\/wp-content\/uploads\/image_DO-2017021-37_3-150x150.jpg\" alt=\"DOGGO Outdoorschoen Boje Waterproof\" width=\"150\" height=\"150\" \/><\/a><\/p>\n<p>poids : 480 grammes, tr\u00e8s l\u00e9ger et super confortable pour les longues promenades du chien<\/p>\n<p>De DOGGO Outdoorschoen Boje Waterproof\u00a0 worden alleen gemaakt met Europese materialen. Dit garandeert een zeer goede pasvorm door de Europese leest van hoge kwaliteit en vrij van schadelijke stoffen.<br \/>\nLe m\u00e9lange de mat\u00e9riaux de haute qualit\u00e9 combine la combinaison d&#039;un savoir-faire solide et des derni\u00e8res technologies.<br \/>\nCette chaussure de marche a \u00e9t\u00e9 sp\u00e9cialement d\u00e9velopp\u00e9e pour les propri\u00e9taires de chiens, est agr\u00e9ablement douce au pied et convainc par son confort de port et de marche \u00e9lev\u00e9. Le mat\u00e9riau sup\u00e9rieur en daim robuste donne \u00e0 la botte un super LOOK en combinaison avec une fonctionnalit\u00e9 maximale.<br \/>\nLa membrane int\u00e9gr\u00e9e assure des pieds agr\u00e9ables, \u00e0 temp\u00e9rature contr\u00f4l\u00e9e et secs les jours de pluie et sur les prairies humides. Le profil d&#039;adh\u00e9rence de la semelle ext\u00e9rieure, avec une semelle intercalaire en PU de forme ergonomique qui garantit un amorti optimal pendant une dur\u00e9e extr\u00eamement longue, offre un haut niveau d&#039;adh\u00e9rence.<\/p>\n<p><strong>Le stock de chaussures fluctue. Il est possible que votre pointure ne soit pas (imm\u00e9diatement) disponible. Dans ce cas, nous ferons bien s\u00fbr de notre mieux pour trouver une solution appropri\u00e9e.<\/strong><\/p>\n<p><a href=\"https:\/\/doggo.kaufen\/\" target=\"_blank\" rel=\"noopener\"><img loading=\"lazy\" decoding=\"async\" class=\"alignnone wp-image-94814 size-full\" src=\"https:\/\/dogpride.nl\/wp-content\/uploads\/LOGO-Doggo-3.jpg\" alt=\"Logo DOGGO\" width=\"278\" height=\"97\" srcset=\"https:\/\/dogpride.nl\/wp-content\/uploads\/LOGO-Doggo-3.jpg 278w, https:\/\/dogpride.nl\/wp-content\/uploads\/LOGO-Doggo-3-250x87.jpg 250w, https:\/\/dogpride.nl\/wp-content\/uploads\/LOGO-Doggo-3-200x70.jpg 200w\" sizes=\"auto, (max-width: 278px) 100vw, 278px\" \/><\/a><\/p>\n<p><a href=\"https:\/\/dogpride.nl\/fr\/kleding\/schoenen-laarzen\/doggo-schoenen\/\"><img loading=\"lazy\" decoding=\"async\" class=\"alignnone\" title=\"DOGGO Chaussure d&#039;ext\u00e9rieur Boje Imperm\u00e9able\" src=\"https:\/\/dogpride.nl\/wp-content\/uploads\/image_DO-2017021-37_3-150x150.jpg\" alt=\"DOGGO Outdoorschoen Boje Waterproof\" width=\"150\" height=\"150\" \/><\/a><\/p>","protected":false},"excerpt":{"rendered":"<p>DOGGO Chaussure d&#039;ext\u00e9rieur Boje imperm\u00e9able. Les nouvelles chaussures d&#039;ext\u00e9rieur DOGGO sont fabriqu\u00e9es uniquement avec des mat\u00e9riaux europ\u00e9ens.<\/p>","protected":false},"featured_media":45104,"template":"","meta":[],"product_brand":[],"product_cat":[3938],"product_tag":[4124,4116,4119,4121],"class_list":{"0":"post-11772","1":"product","2":"type-product","3":"status-publish","4":"has-post-thumbnail","6":"product_cat-doggo-schoenen","7":"product_tag-boje","8":"product_tag-doggo","9":"product_tag-outdoorschoen","10":"product_tag-waterproof","12":"first","13":"instock","14":"taxable","15":"shipping-taxable","16":"purchasable","17":"product-type-variable"},"mb":[],"mfb_rest_fields":["title"],"_links":{"self":[{"href":"https:\/\/dogpride.nl\/fr\/wp-json\/wp\/v2\/product\/11772","targetHints":{"allow":["GET"]}}],"collection":[{"href":"https:\/\/dogpride.nl\/fr\/wp-json\/wp\/v2\/product"}],"about":[{"href":"https:\/\/dogpride.nl\/fr\/wp-json\/wp\/v2\/types\/product"}],"wp:featuredmedia":[{"embeddable":true,"href":"https:\/\/dogpride.nl\/fr\/wp-json\/wp\/v2\/media\/45104"}],"wp:attachment":[{"href":"https:\/\/dogpride.nl\/fr\/wp-json\/wp\/v2\/media?parent=11772"}],"wp:term":[{"taxonomy":"product_brand","embeddable":true,"href":"https:\/\/dogpride.nl\/fr\/wp-json\/wp\/v2\/product_brand?post=11772"},{"taxonomy":"product_cat","embeddable":true,"href":"https:\/\/dogpride.nl\/fr\/wp-json\/wp\/v2\/product_cat?post=11772"},{"taxonomy":"product_tag","embeddable":true,"href":"https:\/\/dogpride.nl\/fr\/wp-json\/wp\/v2\/product_tag?post=11772"}],"curies":[{"name":"wp","href":"https:\/\/api.w.org\/{rel}","templated":true}]}}