{"id":11771,"date":"2021-02-22T15:22:03","date_gmt":"2021-02-22T14:22:03","guid":{"rendered":"https:\/\/dogpride1.wpengine.com\/product\/doggo-warmgevoerde-laars-tossie-2\/"},"modified":"2025-11-17T15:54:28","modified_gmt":"2025-11-17T14:54:28","slug":"doggo-warmgevoerde-laars-tossie-2","status":"publish","type":"product","link":"https:\/\/dogpride.nl\/fr\/doggo-warmgevoerde-laars-tossie-2\/","title":{"rendered":"DOGGO Botte doubl\u00e9e chaude Tossie"},"content":{"rendered":"<h4>DOGGO Botte doubl\u00e9e chaude Tossie<\/h4>\n<p>DOGGO Botte doubl\u00e9e chaude Tossie<\/p>\n<p>Informations sur le produit &quot;Tossie Winter Warm Lined&quot;<\/p>\n<ul>\n<li>Tossie Winter Bross\u00e9 Avec Doublure Chaude Sup\u00e9rieure<\/li>\n<li>mat\u00e9riau PVC<\/li>\n<li>Hauteur:. 21 cm avec doublure, sans 17 cm<\/li>\n<li>Doublure : La doublure synth\u00e9tique chaude, amovible, lavable \u00e0 30 degr\u00e9s<\/li>\n<li>Fonction : \u00e9tanche, antid\u00e9rapant<\/li>\n<li>semelle ext\u00e9rieure<\/li>\n<li>Renforcement des bords et de la capuche, bord de la tige cousu<\/li>\n<li>Ajustement optimal<\/li>\n<li>Maten: 36-43<\/li>\n<\/ul>\n<p><a href=\"https:\/\/dogpride.nl\/fr\/kleding\/schoenen-laarzen\/doggo-schoenen\/\"><img loading=\"lazy\" decoding=\"async\" class=\"alignnone\" title=\"DOGGO Botte doubl\u00e9e chaude Tossie\" src=\"https:\/\/dogpride.nl\/wp-content\/uploads\/imagedo-2029001-361-1-150x150.png\" alt=\"DOGGO Warmgevoerde laars Tossie\" width=\"150\" height=\"150\" \/><\/a><\/p>\n<p>Kleuren: Bruin of Zwart<\/p>\n<p><span style=\"color: #ff0000;\"><strong>La chaussure est 1 taille plus petite en raison de la doublure chaude.<br \/>\nASTUCE ASTUCE ASTUCE : Enfilez d&#039;abord le chausson chaud puis enfilez vos bottes.<\/strong><\/span><\/p>\n<p>Bottes en PVC pour femmes \u00e0 la mode de DOGGO avec doublure chaude. Id\u00e9al pour les femmes avec des mollets un peu &quot;plus forts&quot;, car la tige ne mesure que 17 cm de haut.<br \/>\nLa coupe qui a fait ses preuves depuis des ann\u00e9es garantit une course confortable. La semelle ext\u00e9rieure adh\u00e9rente et antid\u00e9rapante vous soutient lorsque vous marchez sous la pluie ou dans la prairie humide.<br \/>\nLa surface bross\u00e9e (aspect cuir) fait de cette chaussure un v\u00e9ritable accroche-regard. La doublure chaude de Tossie Winter garantit des pieds au chaud m\u00eame les jours les plus froids.<\/p>\n<p><strong>Le stock de chaussures fluctue. Il est possible que votre pointure ne soit pas (imm\u00e9diatement) disponible. Dans ce cas, nous ferons bien s\u00fbr de notre mieux pour trouver une solution appropri\u00e9e.<\/strong><\/p>\n<p><a href=\"https:\/\/doggo.kaufen\/\" target=\"_blank\" rel=\"noopener\"><img loading=\"lazy\" decoding=\"async\" class=\"alignnone wp-image-94814 size-full\" src=\"https:\/\/dogpride.nl\/wp-content\/uploads\/LOGO-Doggo-3.jpg\" alt=\"Logo DOGGO\" width=\"278\" height=\"97\" srcset=\"https:\/\/dogpride.nl\/wp-content\/uploads\/LOGO-Doggo-3.jpg 278w, https:\/\/dogpride.nl\/wp-content\/uploads\/LOGO-Doggo-3-250x87.jpg 250w, https:\/\/dogpride.nl\/wp-content\/uploads\/LOGO-Doggo-3-200x70.jpg 200w\" sizes=\"auto, (max-width: 278px) 100vw, 278px\" \/><\/a><\/p>\n<p><a href=\"https:\/\/dogpride.nl\/fr\/kleding\/schoenen-laarzen\/doggo-schoenen\/\"><img loading=\"lazy\" decoding=\"async\" class=\"alignnone\" title=\"DOGGO Botte doubl\u00e9e chaude Tossie\" src=\"https:\/\/dogpride.nl\/wp-content\/uploads\/imagedo-2029001-361-1-150x150.png\" alt=\"DOGGO Warmgevoerde laars Tossie\" width=\"150\" height=\"150\" \/><\/a><\/p>","protected":false},"excerpt":{"rendered":"<p>Bottes en PVC pour femmes \u00e0 la mode de DOGGO avec doublure chaude. Id\u00e9al pour les femmes avec des mollets un peu &quot;plus forts&quot;, car la tige ne mesure que 17 cm de haut. La coupe qui a fait ses preuves depuis des ann\u00e9es garantit une course confortable.<\/p>","protected":false},"featured_media":45101,"template":"","meta":[],"product_brand":[],"product_cat":[3938],"product_tag":[4116,4125,4126],"class_list":{"0":"post-11771","1":"product","2":"type-product","3":"status-publish","4":"has-post-thumbnail","6":"product_cat-doggo-schoenen","7":"product_tag-doggo","8":"product_tag-tossie","9":"product_tag-winterlaars","11":"first","12":"instock","13":"taxable","14":"shipping-taxable","15":"purchasable","16":"product-type-variable"},"mb":[],"mfb_rest_fields":["title"],"_links":{"self":[{"href":"https:\/\/dogpride.nl\/fr\/wp-json\/wp\/v2\/product\/11771","targetHints":{"allow":["GET"]}}],"collection":[{"href":"https:\/\/dogpride.nl\/fr\/wp-json\/wp\/v2\/product"}],"about":[{"href":"https:\/\/dogpride.nl\/fr\/wp-json\/wp\/v2\/types\/product"}],"wp:featuredmedia":[{"embeddable":true,"href":"https:\/\/dogpride.nl\/fr\/wp-json\/wp\/v2\/media\/45101"}],"wp:attachment":[{"href":"https:\/\/dogpride.nl\/fr\/wp-json\/wp\/v2\/media?parent=11771"}],"wp:term":[{"taxonomy":"product_brand","embeddable":true,"href":"https:\/\/dogpride.nl\/fr\/wp-json\/wp\/v2\/product_brand?post=11771"},{"taxonomy":"product_cat","embeddable":true,"href":"https:\/\/dogpride.nl\/fr\/wp-json\/wp\/v2\/product_cat?post=11771"},{"taxonomy":"product_tag","embeddable":true,"href":"https:\/\/dogpride.nl\/fr\/wp-json\/wp\/v2\/product_tag?post=11771"}],"curies":[{"name":"wp","href":"https:\/\/api.w.org\/{rel}","templated":true}]}}