{"id":11769,"date":"2021-02-22T14:56:31","date_gmt":"2021-02-22T13:56:31","guid":{"rendered":"https:\/\/dogpride1.wpengine.com\/product\/doggo-bella-dameslaarzen-halve-hoogte-2\/"},"modified":"2025-11-30T12:25:57","modified_gmt":"2025-11-30T11:25:57","slug":"doggo-bella-halfhoge-dameslaarzen-2","status":"publish","type":"product","link":"https:\/\/dogpride.nl\/fr\/doggo-bella-halfhoge-dameslaarzen-2\/","title":{"rendered":"DOGGO Bella Bottines femme mi-hautes"},"content":{"rendered":"<h4>DOGGO Bella Bottines femme mi-hautes<\/h4>\n<p>DOGGO Bella Bottines femme mi-hautes<\/p>\n<p><strong>Informations sur le produit \u00ab Bella \u00bb<\/strong><\/p>\n<ul>\n<li>Mat\u00e9riau sup\u00e9rieur en plastique aspect brosse<\/li>\n<li>Le mat\u00e9riau ressemble \u00e0 du cuir nubuck huil\u00e9 ou graiss\u00e9<\/li>\n<li>Hauteur : 17cm<\/li>\n<li>largeur de tige Taille 37 = 24 cm<\/li>\n<li>hauteur de la tige = 14,5 cm<\/li>\n<li>Hauteur du talon = 2,5 cm<\/li>\n<li>Doublure : synth\u00e9tique<\/li>\n<li>fonction : \u00e9tanche,<\/li>\n<li>semelle ext\u00e9rieure adh\u00e9rente avec<\/li>\n<li>bord de tige cousu<\/li>\n<li>ajustement optimal<\/li>\n<li>Fourchette de taille 36-42<\/li>\n<li>Couleur : marron, bleu, gris<\/li>\n<\/ul>\n<p>Botte mi-haute DOGGO tendance pour femme dans un look bross\u00e9 raffin\u00e9, application de cuir, une boucle sur le bord sup\u00e9rieur du talon \u00e0 l&#039;arri\u00e8re et un bord de tige cousu. Semelle ext\u00e9rieure et talon de couleur assortie, antid\u00e9rapants. La coupe qui a fait ses preuves depuis des ann\u00e9es garantit une course confortable. La semelle ext\u00e9rieure antid\u00e9rapante et antid\u00e9rapante vous soutient lors de la marche sous la pluie ou sur la prairie humide. Un article &quot;MUST HAVE&quot; pour le marcheur \u00e0 la mode.<\/p>\n<p><strong>Le stock de chaussures fluctue. Il est possible que votre pointure ne soit pas (imm\u00e9diatement) disponible. Dans ce cas, nous ferons bien s\u00fbr de notre mieux pour trouver une solution appropri\u00e9e.<\/strong><\/p>\n<p><img loading=\"lazy\" decoding=\"async\" class=\"alignnone size-full wp-image-70460\" src=\"https:\/\/www.dogpride.nl\/wp-content\/uploads\/LOGO-Doggo-1.jpg\" alt=\"\" width=\"278\" height=\"97\" srcset=\"https:\/\/dogpride.nl\/wp-content\/uploads\/LOGO-Doggo-1.jpg 278w, https:\/\/dogpride.nl\/wp-content\/uploads\/LOGO-Doggo-1-250x87.jpg 250w, https:\/\/dogpride.nl\/wp-content\/uploads\/LOGO-Doggo-1-200x70.jpg 200w\" sizes=\"auto, (max-width: 278px) 100vw, 278px\" \/><\/p>\n<p><a href=\"https:\/\/dogpride.nl\/fr\/kleding\/schoenen-laarzen\/doggo-schoenen\/\"><img loading=\"lazy\" decoding=\"async\" class=\"alignnone\" title=\"DOGGO Bella Bottines femme mi-hautes\" src=\"https:\/\/dogpride.nl\/wp-content\/uploads\/imagedo-2019003-361-1.jpg\" alt=\"DOGGO Bella Halfhoge dameslaarzen\" width=\"142\" height=\"97\" \/><\/a><a href=\"https:\/\/doggo.kaufen\/ueber-uns\" target=\"_blank\" rel=\"noopener\"><img loading=\"lazy\" decoding=\"async\" class=\"alignnone\" src=\"https:\/\/dogpride.nl\/wp-content\/uploads\/imagedo-2019003-361-1.jpg\" alt=\"\" width=\"142\" height=\"97\" \/><\/a><\/p>","protected":false},"excerpt":{"rendered":"<p>Botte mi-haute DOGGO tendance pour femme dans un look bross\u00e9 raffin\u00e9, application en cuir, aucune aide pour fournir une assistance, sur le bord sup\u00e9rieur du talon \u00e0 l&#039;arri\u00e8re et un bord de tige cousu. Semelle ext\u00e9rieure et talon de couleur assortie, antid\u00e9rapants.<\/p>","protected":false},"featured_media":45096,"template":"","meta":[],"product_brand":[],"product_cat":[3938],"product_tag":[4130,4129,4116,4128],"class_list":{"0":"post-11769","1":"product","2":"type-product","3":"status-publish","4":"has-post-thumbnail","6":"product_cat-doggo-schoenen","7":"product_tag-bella","8":"product_tag-dameslaars","9":"product_tag-doggo","10":"product_tag-halfhoge","12":"first","13":"instock","14":"taxable","15":"shipping-taxable","16":"purchasable","17":"product-type-variable"},"mb":[],"mfb_rest_fields":["title"],"_links":{"self":[{"href":"https:\/\/dogpride.nl\/fr\/wp-json\/wp\/v2\/product\/11769","targetHints":{"allow":["GET"]}}],"collection":[{"href":"https:\/\/dogpride.nl\/fr\/wp-json\/wp\/v2\/product"}],"about":[{"href":"https:\/\/dogpride.nl\/fr\/wp-json\/wp\/v2\/types\/product"}],"wp:featuredmedia":[{"embeddable":true,"href":"https:\/\/dogpride.nl\/fr\/wp-json\/wp\/v2\/media\/45096"}],"wp:attachment":[{"href":"https:\/\/dogpride.nl\/fr\/wp-json\/wp\/v2\/media?parent=11769"}],"wp:term":[{"taxonomy":"product_brand","embeddable":true,"href":"https:\/\/dogpride.nl\/fr\/wp-json\/wp\/v2\/product_brand?post=11769"},{"taxonomy":"product_cat","embeddable":true,"href":"https:\/\/dogpride.nl\/fr\/wp-json\/wp\/v2\/product_cat?post=11769"},{"taxonomy":"product_tag","embeddable":true,"href":"https:\/\/dogpride.nl\/fr\/wp-json\/wp\/v2\/product_tag?post=11769"}],"curies":[{"name":"wp","href":"https:\/\/api.w.org\/{rel}","templated":true}]}}