{"id":11767,"date":"2021-02-19T17:22:41","date_gmt":"2021-02-19T16:22:41","guid":{"rendered":"https:\/\/dogpride1.wpengine.com\/product\/doggo-lotte-winterlaars-bruin-2\/"},"modified":"2025-11-30T12:23:36","modified_gmt":"2025-11-30T11:23:36","slug":"doggo-lotte-winterlaars-bruin-2","status":"publish","type":"product","link":"https:\/\/dogpride.nl\/fr\/doggo-lotte-winterlaars-bruin-2\/","title":{"rendered":"DOGGO Lotte Bottes d&#039;hiver Marron"},"content":{"rendered":"<h4>DOGGO Lotte Bottes d&#039;hiver Marron<\/h4>\n<p>Informations sur le produit &quot;Lotte Winter&quot;<\/p>\n<ul>\n<li>DOGGO Lotte Bottes d&#039;hiver Marron<\/li>\n<li>Mat\u00e9riau sup\u00e9rieur bross\u00e9<\/li>\n<li>PVC<\/li>\n<li>Hauteur : 25cm<\/li>\n<li>Doublure : Doublure synth\u00e9tique chaude, amovible, lavable \u00e0 30 degr\u00e9s<\/li>\n<li>Fonction : semelle ext\u00e9rieure antid\u00e9rapante imperm\u00e9able.<\/li>\n<li>Renfort bord et capot<\/li>\n<li>Bord de tige cousu<\/li>\n<li>Ajustement optimal<\/li>\n<li>Tailles : 36-42<\/li>\n<\/ul>\n<p><a href=\"https:\/\/dogpride.nl\/fr\/kleding\/schoenen-laarzen\/doggo-schoenen\/\"><img loading=\"lazy\" decoding=\"async\" class=\"alignnone\" title=\"DOGGO Lotte Bottes d&#039;hiver Marron\" src=\"https:\/\/dogpride.nl\/wp-content\/uploads\/imagedo-2017009-361-1.jpg\" alt=\"DOGGO Lotte Winterlaars Bruin\" width=\"120\" height=\"123\" \/><\/a><\/p>\n<p>Botte pour femme DOGGO \u00e0 la mode en PVC, hauteur 3\/4, avec semelle ext\u00e9rieure de couleur assortie et boucle d\u00e9corative sur le c\u00f4t\u00e9. La coupe qui a fait ses preuves depuis des ann\u00e9es garantit une course confortable. La semelle ext\u00e9rieure adh\u00e9rente et antid\u00e9rapante vous soutient lorsque vous marchez sous la pluie ou dans la prairie humide. La surface bross\u00e9e (aspect cuir) fait de cette chaussure un v\u00e9ritable accroche-regard. La doublure chaude de Lotte Winter garantit des pieds au chaud m\u00eame les jours les plus froids.\u00a0<strong>La chaussure est 1 taille plus petite en raison de la doublure chaude.<\/strong><\/p>\n<p><strong>Le stock de chaussures fluctue. Il est possible que votre pointure ne soit pas (imm\u00e9diatement) disponible. Dans ce cas, nous ferons bien s\u00fbr de notre mieux pour trouver une solution appropri\u00e9e.<\/strong><\/p>\n<p><a href=\"https:\/\/doggo.kaufen\/\" target=\"_blank\" rel=\"noopener\"><img loading=\"lazy\" decoding=\"async\" class=\"alignnone wp-image-70460 size-full\" src=\"https:\/\/dogpride.nl\/wp-content\/uploads\/LOGO-Doggo-1.jpg\" alt=\"\" width=\"278\" height=\"97\" srcset=\"https:\/\/dogpride.nl\/wp-content\/uploads\/LOGO-Doggo-1.jpg 278w, https:\/\/dogpride.nl\/wp-content\/uploads\/LOGO-Doggo-1-250x87.jpg 250w, https:\/\/dogpride.nl\/wp-content\/uploads\/LOGO-Doggo-1-200x70.jpg 200w\" sizes=\"auto, (max-width: 278px) 100vw, 278px\" \/><\/a><\/p>\n<p><a href=\"https:\/\/dogpride.nl\/fr\/kleding\/schoenen-laarzen\/doggo-schoenen\/\"><img loading=\"lazy\" decoding=\"async\" class=\"alignnone\" title=\"DOGGO Lotte Bottes d&#039;hiver Marron\" src=\"https:\/\/dogpride.nl\/wp-content\/uploads\/imagedo-2017009-361-1.jpg\" alt=\"DOGGO Lotte Winterlaars Bruin\" width=\"279\" height=\"287\" \/><\/a><\/p>","protected":false},"excerpt":{"rendered":"<p>Botte pour femme DOGGO \u00e0 la mode en PVC, hauteur 3\/4, avec semelle ext\u00e9rieure de couleur assortie et boucle d\u00e9corative sur le c\u00f4t\u00e9. La coupe qui a fait ses preuves depuis des ann\u00e9es garantit une course confortable.<\/p>","protected":false},"featured_media":45086,"template":"","meta":[],"product_brand":[],"product_cat":[3938],"product_tag":[4116,15873,4131,4126],"class_list":{"0":"post-11767","1":"product","2":"type-product","3":"status-publish","4":"has-post-thumbnail","6":"product_cat-doggo-schoenen","7":"product_tag-doggo","8":"product_tag-gevoerd","9":"product_tag-lotte","10":"product_tag-winterlaars","12":"first","13":"instock","14":"taxable","15":"shipping-taxable","16":"purchasable","17":"product-type-variable"},"mb":[],"mfb_rest_fields":["title"],"_links":{"self":[{"href":"https:\/\/dogpride.nl\/fr\/wp-json\/wp\/v2\/product\/11767","targetHints":{"allow":["GET"]}}],"collection":[{"href":"https:\/\/dogpride.nl\/fr\/wp-json\/wp\/v2\/product"}],"about":[{"href":"https:\/\/dogpride.nl\/fr\/wp-json\/wp\/v2\/types\/product"}],"wp:featuredmedia":[{"embeddable":true,"href":"https:\/\/dogpride.nl\/fr\/wp-json\/wp\/v2\/media\/45086"}],"wp:attachment":[{"href":"https:\/\/dogpride.nl\/fr\/wp-json\/wp\/v2\/media?parent=11767"}],"wp:term":[{"taxonomy":"product_brand","embeddable":true,"href":"https:\/\/dogpride.nl\/fr\/wp-json\/wp\/v2\/product_brand?post=11767"},{"taxonomy":"product_cat","embeddable":true,"href":"https:\/\/dogpride.nl\/fr\/wp-json\/wp\/v2\/product_cat?post=11767"},{"taxonomy":"product_tag","embeddable":true,"href":"https:\/\/dogpride.nl\/fr\/wp-json\/wp\/v2\/product_tag?post=11767"}],"curies":[{"name":"wp","href":"https:\/\/api.w.org\/{rel}","templated":true}]}}