{"id":11750,"date":"2021-02-11T17:43:02","date_gmt":"2021-02-11T16:43:02","guid":{"rendered":"https:\/\/dogpride1.wpengine.com\/product\/demanet-beenbeschermer-2\/"},"modified":"2025-12-19T08:51:14","modified_gmt":"2025-12-19T07:51:14","slug":"demanet-beenbeschermer-2","status":"publish","type":"product","link":"https:\/\/dogpride.nl\/fr\/demanet-beenbeschermer-2\/","title":{"rendered":"Prot\u00e8ge-jambes Demanet"},"content":{"rendered":"<h4><span style=\"font-size: 10pt;\">Prot\u00e8ge-jambes Demanet<\/span><\/h4>\n<p>Avec ce prot\u00e8ge-jambes, il est possible de prot\u00e9ger la jambe du pantalon et de donner plus de durabilit\u00e9 au pantalon.<br \/>\nFermeture velcro pour le donner au chien en r\u00e9compense.<br \/>\nIl est vendu \u00e0 la pi\u00e8ce.<br \/>\nCouleur : tissu demanet de diff\u00e9rentes couleurs.<\/p>\n<p><a href=\"https:\/\/dogpride.nl\/fr\/bijtpakken\/demanet-bijtpakken\/?product-page=1\"><img loading=\"lazy\" decoding=\"async\" class=\"alignnone\" title=\"Prot\u00e8ge-jambes Demanet\" src=\"https:\/\/dogpride.nl\/wp-content\/uploads\/fp-fourreaux-jambe-2-1-1-150x150.jpg\" alt=\"Demanet Beenbeschermer\" width=\"150\" height=\"150\" \/><\/a><\/p>\n<p>Fabriqu\u00e9 en Europe.<\/p>\n<h4 data-start=\"300\" data-end=\"379\">Demanet Beenbeschermer \u2013 Professionele Bescherming en Spaans Vakmanschap<\/h4>\n<p data-start=\"381\" data-end=\"710\">Le <strong data-start=\"384\" data-end=\"410\">Prot\u00e8ge-jambes Demanet<\/strong> is ontwikkeld voor hondentrainers en pakwerkers die maximale <strong data-start=\"472\" data-end=\"516\">veiligheid, comfort en bewegingsvrijheid<\/strong> eisen tijdens hun training.<br data-start=\"544\" data-end=\"547\" \/>Handgemaakt in <strong data-start=\"562\" data-end=\"572\">Spanje<\/strong> met de kenmerkende precisie van Demanet, biedt deze beenbeschermer optimale bescherming zonder dat het ten koste gaat van wendbaarheid.<\/p>\n<p data-start=\"712\" data-end=\"1025\">Le <strong data-start=\"715\" data-end=\"741\">Prot\u00e8ge-jambes Demanet<\/strong> is speciaal ontworpen voor gebruik in disciplines zoals <strong data-start=\"798\" data-end=\"816\">KNPV, IGP, IPO<\/strong> et <strong data-start=\"820\" data-end=\"859\">professionele hondensporttrainingen<\/strong>. Dankzij de stevige constructie en strategisch geplaatste verstevigingen ben je beschermd tegen beten en schokken, terwijl je toch soepel kunt bewegen en reageren.<\/p>\n<hr data-start=\"1027\" data-end=\"1030\" \/>\n<h3 data-start=\"1032\" data-end=\"1070\">Gemaakt voor Intensieve Training<\/h3>\n<p data-start=\"1072\" data-end=\"1446\">Elke <strong data-start=\"1077\" data-end=\"1103\">Prot\u00e8ge-jambes Demanet<\/strong> wordt vervaardigd uit <strong data-start=\"1126\" data-end=\"1165\">hoogwaardige, slijtvaste materialen<\/strong> die bestand zijn tegen krachtig gebruik. De buitenlaag is duurzaam en scheurbestendig, terwijl de binnenvoering zorgt voor comfort en ventilatie.<br data-start=\"1311\" data-end=\"1314\" \/>De ergonomische vorm volgt de natuurlijke beweging van het been, zodat je snel kunt draaien, stappen of sprinten zonder beperking.<\/p>\n<p data-start=\"1448\" data-end=\"1755\">De verstelbare sluitingen en stevige banden zorgen ervoor dat de beschermer goed blijft zitten \u2013 zelfs tijdens intensieve bijttrainingen. Of je nu met jonge honden werkt of met volledig opgeleide diensthonden, deze beenbescherming biedt een betrouwbare balans tussen <strong data-start=\"1715\" data-end=\"1752\">veiligheid, comfort en prestaties<\/strong>.<\/p>\n<hr data-start=\"1757\" data-end=\"1760\" \/>\n<h3 data-start=\"1762\" data-end=\"1803\">Betrouwbare Keuze van Professionals<\/h3>\n<p data-start=\"1805\" data-end=\"2078\">Demanet staat wereldwijd bekend om zijn <strong data-start=\"1845\" data-end=\"1899\">kwaliteit, duurzaamheid en handgemaakt vakmanschap<\/strong>. De <strong data-start=\"1904\" data-end=\"1930\">Prot\u00e8ge-jambes Demanet<\/strong> vormt daarop geen uitzondering. Trainers en pakwerkers vertrouwen op dit merk vanwege de constante bescherming en het professionele draagcomfort.<\/p>\n<p data-start=\"2080\" data-end=\"2330\">De beschermer is verkrijgbaar in verschillende maten en kleuren en sluit perfect aan bij andere <strong data-start=\"2176\" data-end=\"2198\">Demanet-uitrusting<\/strong>, zoals bijtpakken en mouwen. Dit maakt het de ideale aanvulling voor iedere hondensportprofessional die veiligheid serieus neemt.<\/p>\n<p><a href=\"https:\/\/www.demanet-international.com\/\" target=\"_blank\" rel=\"noopener\"><img loading=\"lazy\" decoding=\"async\" class=\"alignnone wp-image-71387 size-full\" src=\"https:\/\/dogpride.nl\/wp-content\/uploads\/Logo-Demanet-1.png\" alt=\"\" width=\"227\" height=\"72\" srcset=\"https:\/\/dogpride.nl\/wp-content\/uploads\/Logo-Demanet-1.png 227w, https:\/\/dogpride.nl\/wp-content\/uploads\/Logo-Demanet-1-200x63.png 200w\" sizes=\"auto, (max-width: 227px) 100vw, 227px\" \/><\/a><\/p>\n<p><a href=\"https:\/\/dogpride.nl\/fr\/bijtpakken\/demanet-bijtpakken\/?product-page=1\"><img loading=\"lazy\" decoding=\"async\" class=\"alignnone\" title=\"Prot\u00e8ge-jambes Demanet\" src=\"https:\/\/dogpride.nl\/wp-content\/uploads\/fp-fourreaux-jambe-2-1-1-150x150.jpg\" alt=\"Demanet Beenbeschermer\" width=\"150\" height=\"150\" \/><\/a><\/p>","protected":false},"excerpt":{"rendered":"<p>Prot\u00e8ge-jambes Demanet. Avec ce prot\u00e8ge-jambes, il est possible de prot\u00e9ger la jambe du pantalon.<\/p>","protected":false},"featured_media":45035,"template":"","meta":[],"product_brand":[],"product_cat":[1448,2878],"product_tag":[11158,11161,11157,11160,11159,11079,9519,11162],"class_list":{"0":"post-11750","1":"product","2":"type-product","3":"status-publish","4":"has-post-thumbnail","6":"product_cat-demanet-bijtpakken","7":"product_cat-demanet-costumes-cynotechnische-eenheden","8":"product_tag-beenbeschermer-hondensport","9":"product_tag-bijttraining-beenbescherming","10":"product_tag-demanet-beenbeschermer","11":"product_tag-demanet-bescherming","12":"product_tag-demanet-pakwerk","13":"product_tag-demanet-spanje","14":"product_tag-hondensport-uitrusting","15":"product_tag-professionele-beenbeschermer","17":"first","18":"instock","19":"taxable","20":"shipping-taxable","21":"purchasable","22":"product-type-variable"},"mb":[],"mfb_rest_fields":["title"],"_links":{"self":[{"href":"https:\/\/dogpride.nl\/fr\/wp-json\/wp\/v2\/product\/11750","targetHints":{"allow":["GET"]}}],"collection":[{"href":"https:\/\/dogpride.nl\/fr\/wp-json\/wp\/v2\/product"}],"about":[{"href":"https:\/\/dogpride.nl\/fr\/wp-json\/wp\/v2\/types\/product"}],"wp:featuredmedia":[{"embeddable":true,"href":"https:\/\/dogpride.nl\/fr\/wp-json\/wp\/v2\/media\/45035"}],"wp:attachment":[{"href":"https:\/\/dogpride.nl\/fr\/wp-json\/wp\/v2\/media?parent=11750"}],"wp:term":[{"taxonomy":"product_brand","embeddable":true,"href":"https:\/\/dogpride.nl\/fr\/wp-json\/wp\/v2\/product_brand?post=11750"},{"taxonomy":"product_cat","embeddable":true,"href":"https:\/\/dogpride.nl\/fr\/wp-json\/wp\/v2\/product_cat?post=11750"},{"taxonomy":"product_tag","embeddable":true,"href":"https:\/\/dogpride.nl\/fr\/wp-json\/wp\/v2\/product_tag?post=11750"}],"curies":[{"name":"wp","href":"https:\/\/api.w.org\/{rel}","templated":true}]}}