{"id":11742,"date":"2021-02-11T16:23:57","date_gmt":"2021-02-11T15:23:57","guid":{"rendered":"https:\/\/dogpride1.wpengine.com\/product\/demanet-trainersvest-unisex\/"},"modified":"2025-10-29T11:10:56","modified_gmt":"2025-10-29T10:10:56","slug":"demanet-trainersvest-unisex","status":"publish","type":"product","link":"https:\/\/dogpride.nl\/fr\/demanet-trainersvest-unisex\/","title":{"rendered":"Demanet Veste de sport unisexe"},"content":{"rendered":"<h4><span style=\"font-size: 10pt;\">Demanet Veste de sport unisexe<\/span><\/h4>\n<p><span style=\"font-size: 10pt;\">Demanet Veste de sport unisexe<\/span><\/p>\n<p>Gilet d&#039;entra\u00eenement. Id\u00e9al pour le dressage de chiens. Poches multiples.<\/p>\n<p>Pratique, l\u00e9ger et durable, avec de multiples poches fonctionnelles \u00e0 l&#039;avant et \u00e0 l&#039;arri\u00e8re pour ranger les accessoires pour r\u00e9compenser votre chien pendant l&#039;entra\u00eenement. Poche arri\u00e8re. Antistatique, excellente r\u00e9sistance, imperm\u00e9able, respirabilit\u00e9 maximale, prot\u00e8ge du vent et des rayures.<\/p>\n<p>Gilet noir avec des d\u00e9tails en bleu\/rouge\/blanc\/anis\/rose et gris.<\/p>\n<p>Taille du XS au 3XL. Autres dimensions sur demande. Cr\u00e9ation de concepts en Europe.<\/p>\n<p>Photo non contractuelle des gilets manieur (exemple : couleur des boucles). Les gilets de manutention sont sujets \u00e0 changement pour une qualit\u00e9 continue.<\/p>\n<h4 data-start=\"348\" data-end=\"450\">Demanet Trainersvest Unisex \u2013 Functioneel, Duurzaam en Ontworpen voor de Serieuze Hondentrainer<\/h4>\n<p data-start=\"452\" data-end=\"813\">Il <strong data-start=\"456\" data-end=\"487\">Demanet Veste de sport unisexe<\/strong> is ontwikkeld voor hondentrainers, pakwerkers en hondensporters die op zoek zijn naar een <strong data-start=\"578\" data-end=\"626\">praktisch, professioneel en comfortabel vest<\/strong> voor dagelijks gebruik.<br data-start=\"650\" data-end=\"653\" \/>Met dit vest combineert <strong data-start=\"677\" data-end=\"688\">Demanet<\/strong> zijn bekende <strong data-start=\"702\" data-end=\"725\">Spaanse vakmanschap<\/strong> met een doordacht ontwerp dat perfect aansluit bij de behoeften van actieve trainers.<\/p>\n<p data-start=\"815\" data-end=\"1007\">Of je nu traint binnen de <strong data-start=\"841\" data-end=\"849\">KNPV<\/strong>, <strong data-start=\"851\" data-end=\"858\">IGP<\/strong>, <strong data-start=\"860\" data-end=\"874\">mondioring<\/strong>, of werkt bij een hondenschool of politie-eenheid \u2013 dit vest biedt alles wat je nodig hebt om effici\u00ebnt en comfortabel te trainen.<\/p>\n<hr data-start=\"1009\" data-end=\"1012\" \/>\n<h3 data-start=\"1014\" data-end=\"1052\">Ontworpen voor Dagelijks Gebruik<\/h3>\n<p data-start=\"1054\" data-end=\"1389\">Il <strong data-start=\"1058\" data-end=\"1089\">Demanet Veste de sport unisexe<\/strong> is gemaakt met oog voor detail en functionaliteit.<br data-start=\"1140\" data-end=\"1143\" \/>Le <strong data-start=\"1146\" data-end=\"1175\">lichte maar duurzame stof<\/strong> maakt het vest ideaal voor zowel binnen- als buitengebruik.<br data-start=\"1235\" data-end=\"1238\" \/>Gr\u00e2ce \u00e0 <strong data-start=\"1249\" data-end=\"1276\">neutrale unisex pasvorm<\/strong> is het geschikt voor zowel mannen als vrouwen en zit het comfortabel, ongeacht lichaamstype of trainingsstijl.<\/p>\n<p data-start=\"1391\" data-end=\"1714\">Het vest is voorzien van <strong data-start=\"1416\" data-end=\"1441\">meerdere ruime zakken<\/strong> met sterke ritsen, ideaal voor het meenemen van trainingsmateriaal zoals beloningen, clickers, lijnen of apporten.<br data-start=\"1556\" data-end=\"1559\" \/>Daarnaast biedt het praktische opbergvakken voor persoonlijke spullen zoals sleutels of een telefoon, zodat alles wat je nodig hebt binnen handbereik is.<\/p>\n<p data-start=\"1716\" data-end=\"1860\">Le <strong data-start=\"1719\" data-end=\"1741\">taille ajustable<\/strong> zorgt ervoor dat het vest altijd goed aansluit, terwijl de ergonomische snit volledige bewegingsvrijheid garandeert.<\/p>\n<hr data-start=\"1862\" data-end=\"1865\" \/>\n<h3 data-start=\"1867\" data-end=\"1901\">Comfort en Bewegingsvrijheid<\/h3>\n<p data-start=\"1903\" data-end=\"2161\">Trainers die dagelijks met honden werken, weten dat comfort en mobiliteit essentieel zijn.<br data-start=\"1993\" data-end=\"1996\" \/>Il <strong data-start=\"2000\" data-end=\"2031\">Demanet Veste de sport unisexe<\/strong> biedt beide.<br data-start=\"2044\" data-end=\"2047\" \/>De stof is <strong data-start=\"2058\" data-end=\"2089\">licht, ademend en slijtvast<\/strong>, waardoor je je vrij kunt bewegen zonder oververhitting of beperking.<\/p>\n<p data-start=\"2163\" data-end=\"2480\">Het vest is ontworpen met <strong data-start=\"2189\" data-end=\"2213\">ventilerende panelen<\/strong> die lucht laten circuleren tijdens intensieve trainingen, waardoor het ook bij hogere temperaturen prettig blijft dragen.<br data-start=\"2335\" data-end=\"2338\" \/>De binnenvoering voelt zacht aan, terwijl de buitenkant robuust genoeg is om bestand te zijn tegen intensief gebruik en ruwe omstandigheden.<\/p>\n<p data-start=\"2482\" data-end=\"2624\">Dit maakt het vest ideaal voor lange trainingsdagen, wedstrijden of pakwerkoefeningen waarbij zowel comfort als bescherming belangrijk zijn.<\/p>\n<hr data-start=\"2626\" data-end=\"2629\" \/>\n<h3 data-start=\"2631\" data-end=\"2668\">Spaans Vakmanschap en Kwaliteit<\/h3>\n<p data-start=\"2670\" data-end=\"2979\">Net als de rest van de Demanet-collectie wordt ook het <strong data-start=\"2725\" data-end=\"2748\">Trainersvest Unisex<\/strong> volledig <strong data-start=\"2758\" data-end=\"2791\">met de hand gemaakt in Spanje<\/strong>.<br data-start=\"2792\" data-end=\"2795\" \/>De ervaren vakmensen van Demanet combineren <strong data-start=\"2839\" data-end=\"2886\">traditioneel ambacht met moderne technieken<\/strong>, wat resulteert in een product dat niet alleen functioneel is, maar ook jarenlang meegaat.<\/p>\n<p data-start=\"2981\" data-end=\"3269\">Le <strong data-start=\"2984\" data-end=\"3005\">verstevigde naden<\/strong>, <strong data-start=\"3007\" data-end=\"3030\">hoogwaardige ritsen<\/strong> et <strong data-start=\"3034\" data-end=\"3059\">slijtvaste materialen<\/strong> zorgen ervoor dat het vest bestand is tegen dagelijks gebruik in veeleisende omstandigheden.<br data-start=\"3152\" data-end=\"3155\" \/>Het is ontworpen met het oog op duurzaamheid, zodat je kunt vertrouwen op Demanet-kwaliteit, seizoen na seizoen.<\/p>\n<hr data-start=\"3271\" data-end=\"3274\" \/>\n<h3 data-start=\"3276\" data-end=\"3305\">Praktisch en Veelzijdig<\/h3>\n<p data-start=\"3307\" data-end=\"3395\">Il <strong data-start=\"3311\" data-end=\"3342\">Demanet Veste de sport unisexe<\/strong> is geschikt voor een breed scala aan toepassingen:<\/p>\n<ul data-start=\"3396\" data-end=\"3581\">\n<li data-start=\"3396\" data-end=\"3440\">\n<p data-start=\"3398\" data-end=\"3440\">Hondensportverenigingen en hondenscholen<\/p>\n<\/li>\n<li data-start=\"3441\" data-end=\"3475\">\n<p data-start=\"3443\" data-end=\"3475\">Politie- en defensietrainingen<\/p>\n<\/li>\n<li data-start=\"3476\" data-end=\"3522\">\n<p data-start=\"3478\" data-end=\"3522\">Persoonlijke hondentraining of wandelingen<\/p>\n<\/li>\n<li data-start=\"3523\" data-end=\"3581\">\n<p data-start=\"3525\" data-end=\"3581\">Competitieve hondensport zoals KNPV, IGP of mondioring<\/p>\n<\/li>\n<\/ul>\n<p data-start=\"3583\" data-end=\"3855\">Het vest combineert <strong data-start=\"3603\" data-end=\"3636\">professionele functionaliteit<\/strong> met een <strong data-start=\"3645\" data-end=\"3668\">moderne uitstraling<\/strong>.<br data-start=\"3669\" data-end=\"3672\" \/>Dankzij de praktische indeling, het lichte gewicht en de neutrale kleurstelling kun je het vest dragen bij elke gelegenheid \u2014 van serieuze trainingen tot informele hondensportdagen.<\/p>\n<hr data-start=\"3857\" data-end=\"3860\" \/>\n<h3 data-start=\"3862\" data-end=\"3901\">Duurzaam en Onderhoudsvriendelijk<\/h3>\n<p data-start=\"3903\" data-end=\"4237\">Demanet begrijpt dat trainers hun uitrusting intensief gebruiken.<br data-start=\"3968\" data-end=\"3971\" \/>Daarom is het <strong data-start=\"3985\" data-end=\"4016\">Demanet Veste de sport unisexe<\/strong> gemaakt van <strong data-start=\"4029\" data-end=\"4076\">duurzame, onderhoudsvriendelijke materialen<\/strong> die hun vorm en kleur behouden, zelfs na veelvuldig wassen.<br data-start=\"4136\" data-end=\"4139\" \/>Het vest is eenvoudig te reinigen met een vochtige doek of op lage temperatuur in de wasmachine.<\/p>\n<p data-start=\"4239\" data-end=\"4374\">Door zijn robuuste constructie blijft het vest er professioneel uitzien, zelfs na jaren gebruik \u2014 een echte investering in kwaliteit.<\/p>\n<hr data-start=\"4376\" data-end=\"4379\" \/>\n<h3 data-start=\"4381\" data-end=\"4396\">Conclusie<\/h3>\n<p data-start=\"4398\" data-end=\"4685\">Il <strong data-start=\"4402\" data-end=\"4433\">Demanet Veste de sport unisexe<\/strong> is een onmisbaar kledingstuk voor elke professionele hondentrainer.<br data-start=\"4501\" data-end=\"4504\" \/>Met zijn <strong data-start=\"4513\" data-end=\"4600\">lichte constructie, ruime opbergmogelijkheden, ademend ontwerp en Spaanse afwerking<\/strong> biedt het vest alles wat je nodig hebt voor comfortabele en effici\u00ebnte trainingen.<\/p>\n<p data-start=\"4687\" data-end=\"4873\">Handgemaakt in Spanje, ontworpen met aandacht voor detail en getest door professionals wereldwijd \u2013 dit vest is de perfecte combinatie van <strong data-start=\"4826\" data-end=\"4870\">functionaliteit, comfort en duurzaamheid<\/strong>.<\/p>\n<p data-start=\"4875\" data-end=\"4958\">Kies voor <strong data-start=\"4885\" data-end=\"4896\">Demanet<\/strong>, en ervaar het verschil van echt vakmanschap in elk detail.<\/p>\n<p><img loading=\"lazy\" decoding=\"async\" class=\"alignnone wp-image-71394 size-full\" src=\"https:\/\/www.dogpride.nl\/wp-content\/uploads\/Maattabel-Demanet2.png\" alt=\"\" width=\"468\" height=\"276\" srcset=\"https:\/\/dogpride.nl\/wp-content\/uploads\/Maattabel-Demanet2.png 468w, https:\/\/dogpride.nl\/wp-content\/uploads\/Maattabel-Demanet2-250x147.png 250w, https:\/\/dogpride.nl\/wp-content\/uploads\/Maattabel-Demanet2-400x236.png 400w, https:\/\/dogpride.nl\/wp-content\/uploads\/Maattabel-Demanet2-300x177.png 300w, https:\/\/dogpride.nl\/wp-content\/uploads\/Maattabel-Demanet2-200x118.png 200w\" sizes=\"auto, (max-width: 468px) 100vw, 468px\" \/><\/p>\n<p><a href=\"https:\/\/www.demanet-international.com\/\" target=\"_blank\" rel=\"noopener\"><img loading=\"lazy\" decoding=\"async\" class=\"alignnone wp-image-71387 size-full\" src=\"https:\/\/dogpride.nl\/wp-content\/uploads\/Logo-Demanet-1.png\" alt=\"\" width=\"227\" height=\"72\" srcset=\"https:\/\/dogpride.nl\/wp-content\/uploads\/Logo-Demanet-1.png 227w, https:\/\/dogpride.nl\/wp-content\/uploads\/Logo-Demanet-1-200x63.png 200w\" sizes=\"auto, (max-width: 227px) 100vw, 227px\" \/><\/a><\/p>\n<p><a href=\"https:\/\/dogpride.nl\/fr\/bijtpakken\/demanet-bijtpakken\/?product-page=1\"><img loading=\"lazy\" decoding=\"async\" class=\"alignnone\" title=\"Demanet Veste de sport unisexe\" src=\"https:\/\/dogpride.nl\/wp-content\/uploads\/gcent-gilet-de-conduite-type-entrainement-2-1-1-150x150.jpg\" alt=\"Demanet Trainersvest Unisex\" width=\"150\" height=\"150\" \/><\/a><\/p>","protected":false},"excerpt":{"rendered":"<p>Veste de sport unisexe Demanet. Pratique, l\u00e9ger et durable, avec de multiples poches fonctionnelles \u00e0 l&#039;avant et \u00e0 l&#039;arri\u00e8re pour ranger les accessoires.<\/p>","protected":false},"featured_media":45012,"template":"","meta":[],"product_brand":[],"product_cat":[1448,2878],"product_tag":[11219,11210,11216,11178,11179,11207,11220,11218,11217],"class_list":{"0":"post-11742","1":"product","2":"type-product","3":"status-publish","4":"has-post-thumbnail","6":"product_cat-demanet-bijtpakken","7":"product_cat-demanet-costumes-cynotechnische-eenheden","8":"product_tag-ademend-vest-hondentrainer","9":"product_tag-demanet-trainersvest","10":"product_tag-demanet-trainersvest-unisex","11":"product_tag-demanet-vest-spanje","12":"product_tag-hondentraining-vest","13":"product_tag-igp-training-vest","14":"product_tag-knpv-vest","15":"product_tag-professionele-hondensport-kleding","16":"product_tag-unisex-vest-hondensport","18":"first","19":"instock","20":"taxable","21":"shipping-taxable","22":"purchasable","23":"product-type-variable"},"mb":[],"mfb_rest_fields":["title"],"_links":{"self":[{"href":"https:\/\/dogpride.nl\/fr\/wp-json\/wp\/v2\/product\/11742","targetHints":{"allow":["GET"]}}],"collection":[{"href":"https:\/\/dogpride.nl\/fr\/wp-json\/wp\/v2\/product"}],"about":[{"href":"https:\/\/dogpride.nl\/fr\/wp-json\/wp\/v2\/types\/product"}],"wp:featuredmedia":[{"embeddable":true,"href":"https:\/\/dogpride.nl\/fr\/wp-json\/wp\/v2\/media\/45012"}],"wp:attachment":[{"href":"https:\/\/dogpride.nl\/fr\/wp-json\/wp\/v2\/media?parent=11742"}],"wp:term":[{"taxonomy":"product_brand","embeddable":true,"href":"https:\/\/dogpride.nl\/fr\/wp-json\/wp\/v2\/product_brand?post=11742"},{"taxonomy":"product_cat","embeddable":true,"href":"https:\/\/dogpride.nl\/fr\/wp-json\/wp\/v2\/product_cat?post=11742"},{"taxonomy":"product_tag","embeddable":true,"href":"https:\/\/dogpride.nl\/fr\/wp-json\/wp\/v2\/product_tag?post=11742"}],"curies":[{"name":"wp","href":"https:\/\/api.w.org\/{rel}","templated":true}]}}