{"id":11709,"date":"2021-02-11T12:11:32","date_gmt":"2021-02-11T11:11:32","guid":{"rendered":"https:\/\/dogpride1.wpengine.com\/product\/demanet-kinder-costume-5-8-years-old-2\/"},"modified":"2025-12-19T08:56:14","modified_gmt":"2025-12-19T07:56:14","slug":"demanet-kinder-costume-5-8-years-old-2","status":"publish","type":"product","link":"https:\/\/dogpride.nl\/fr\/demanet-kinder-costume-5-8-years-old-2\/","title":{"rendered":"Demanet Kinder costume 5 8 years old"},"content":{"rendered":"<h4><span style=\"font-size: 10pt;\">Demanet Kinder costume 5\u00a0 8 years old<\/span><\/h4>\n<p>Demanet Kinder costume 5\u00a0 8 years old<\/p>\n<p>Costume sur mesure pour les jeunes entre 5 et 8 ans.<\/p>\n<p>Combinaison mordante enfant avec de vrais renforts de combinaison demanet : mod\u00e8le au choix (catalogue). Couleur : toile demanet. Paiement suppl\u00e9mentaire possible pour des dimensions plus grandes.<\/p>\n<p>Fabriqu\u00e9 en Europe.<\/p>\n<p><a href=\"https:\/\/www.demanet-international.com\/\" target=\"_blank\" rel=\"noopener\"><img loading=\"lazy\" decoding=\"async\" class=\"alignnone wp-image-71387 size-full\" src=\"https:\/\/dogpride.nl\/wp-content\/uploads\/Logo-Demanet-1.png\" alt=\"\" width=\"227\" height=\"72\" srcset=\"https:\/\/dogpride.nl\/wp-content\/uploads\/Logo-Demanet-1.png 227w, https:\/\/dogpride.nl\/wp-content\/uploads\/Logo-Demanet-1-200x63.png 200w\" sizes=\"auto, (max-width: 227px) 100vw, 227px\" \/><\/a><\/p>\n<p>Demanet Custumes est un producteur europ\u00e9en de combinaisons de morsure. Ces combinaisons de morsure ont m\u00eame un marquage CE.<br \/>\nCes combinaisons de morsure offrent une option tr\u00e8s abordable pour les leurres, les entra\u00eeneurs et les \u00e9tudiants qui ont besoin d&#039;une combinaison de morsure de haute qualit\u00e9, durable et polyvalente \u00e0 un prix raisonnable.<\/p>\n<p>Demanet Custumes propose 6 variantes de costumes de morsure, \u00e0 savoir :<\/p>\n<p>* Combinaisons d&#039;entra\u00eenement de base pour l&#039;arm\u00e9e et la police. (Recommand\u00e9 pour les gros chiens mordeurs et 100% pour la police.)<br \/>\n* Combinaisons d&#039;entra\u00eenement. (Fournit la meilleure protection pour la formation. Fortement recommand\u00e9 (100%) pour la police, les forces de s\u00e9curit\u00e9 et les forces arm\u00e9es.)<br \/>\n* Combinaisons de morsure semi-entra\u00eenement. (Le surv\u00eatement semi-surv\u00eatement se situe entre un surv\u00eatement ordinaire et une combinaison semi-comp\u00e9tition. Parfait pour l&#039;entra\u00eenement \u00e0 haute mobilit\u00e9.)<br \/>\n* Morsure semi-comp\u00e9tition. (Se situe entre une combinaison semi-surv\u00eatement et une combinaison de comp\u00e9tition. Parfait pour l&#039;entra\u00eenement et offre Agilit\u00e9 et Mobilit\u00e9.)<br \/>\n* Morsure de comp\u00e9tition. (Notre combinaison la plus l\u00e9g\u00e8re \u00e0 14 kg. Con\u00e7ue pour une excellente protection et une grande mobilit\u00e9 ! Volez avec !)<br \/>\n* Combinaison Kevlar. (La couche cach\u00e9e en Kevlar est parfaite pour les entra\u00eenements &quot;civils&quot;. Souple et l\u00e9g\u00e8re, elle vous prot\u00e8ge et offre de la discr\u00e9tion.)<\/p>\n<p>En plus des combinaisons de morsure standard, les combinaisons de morsure peuvent \u00eatre assembl\u00e9es selon votre propre conception et tailles. Voir ci-dessous. Veuillez nous contacter par e-mail pour cela\u00a0<a href=\"mailto:info@dogpride.nl\">info@dogpride.nl<\/a>\u00a0ou par t\u00e9l\u00e9phone : 0315-655930 \/ 06-38147051<\/p>\n<p><img loading=\"lazy\" decoding=\"async\" class=\"alignnone wp-image-71449 size-full\" src=\"https:\/\/www.dogpride.nl\/wp-content\/uploads\/Ontwerp.png\" alt=\"\" width=\"704\" height=\"835\" srcset=\"https:\/\/dogpride.nl\/wp-content\/uploads\/Ontwerp.png 704w, https:\/\/dogpride.nl\/wp-content\/uploads\/Ontwerp-250x297.png 250w, https:\/\/dogpride.nl\/wp-content\/uploads\/Ontwerp-400x474.png 400w, https:\/\/dogpride.nl\/wp-content\/uploads\/Ontwerp-253x300.png 253w, https:\/\/dogpride.nl\/wp-content\/uploads\/Ontwerp-200x237.png 200w, https:\/\/dogpride.nl\/wp-content\/uploads\/Ontwerp-600x712.png 600w\" sizes=\"auto, (max-width: 704px) 100vw, 704px\" \/><\/p>\n<p><strong>IMPORTANT<\/strong><br \/>\nNos costumes sont confectionn\u00e9s selon les dimensions que vous nous indiquez.<br \/>\nNous vous recommandons de mesurer avec une extr\u00eame pr\u00e9cision en raison des mat\u00e9riaux fournis<br \/>\nne peut \u00eatre ni repris ni \u00e9chang\u00e9. Merci pour votre compr\u00e9hension.<\/p>\n<p><strong>Le prix comprend 85,00 \u20ac de frais de port<\/strong><\/p>\n<p><a href=\"https:\/\/dogpride.nl\/fr\/bijtpakken\/demanet-bijtpakken\/?product-page=1\"><img loading=\"lazy\" decoding=\"async\" class=\"alignnone\" title=\"D\u00e9guisement enfant Demanet 5 \u2013 8 ans\" src=\"https:\/\/dogpride.nl\/wp-content\/uploads\/cen-costume-enfant-1-1-1-150x150.png\" alt=\"Demanet Kinder costume 5 \u2013 8 years old\" width=\"150\" height=\"150\" \/><\/a><\/p>","protected":false},"excerpt":{"rendered":"<p>D\u00e9guisement enfant Demanet 5 \u2013 8 ans. Combinaison de morsure pour enfants avec de vrais renforts de la combinaison Demanet<\/p>","protected":false},"featured_media":44957,"template":"","meta":[],"product_brand":[],"product_cat":[1448,2878],"product_tag":[6207,11238,11232,11235,11229,11230,11236,11231,11233,11237,11234],"class_list":{"0":"post-11709","1":"product","2":"type-product","3":"status-publish","4":"has-post-thumbnail","6":"product_cat-demanet-bijtpakken","7":"product_cat-demanet-costumes-cynotechnische-eenheden","8":"product_tag-6207","9":"product_tag-11238","10":"product_tag-baby-kostuum-hondensport","11":"product_tag-baby-outfit-demanet","12":"product_tag-demanet-baby-costume","13":"product_tag-demanet-baby-pak","14":"product_tag-demanet-costume-3-months-4-years-old","15":"product_tag-demanet-mini-pak","16":"product_tag-demanet-spain","17":"product_tag-handgemaakt-babykostuum","18":"product_tag-hondenpak-voor-kinderen","20":"first","21":"instock","22":"taxable","23":"shipping-taxable","24":"purchasable","25":"product-type-simple"},"mb":[],"mfb_rest_fields":["title"],"_links":{"self":[{"href":"https:\/\/dogpride.nl\/fr\/wp-json\/wp\/v2\/product\/11709","targetHints":{"allow":["GET"]}}],"collection":[{"href":"https:\/\/dogpride.nl\/fr\/wp-json\/wp\/v2\/product"}],"about":[{"href":"https:\/\/dogpride.nl\/fr\/wp-json\/wp\/v2\/types\/product"}],"wp:featuredmedia":[{"embeddable":true,"href":"https:\/\/dogpride.nl\/fr\/wp-json\/wp\/v2\/media\/44957"}],"wp:attachment":[{"href":"https:\/\/dogpride.nl\/fr\/wp-json\/wp\/v2\/media?parent=11709"}],"wp:term":[{"taxonomy":"product_brand","embeddable":true,"href":"https:\/\/dogpride.nl\/fr\/wp-json\/wp\/v2\/product_brand?post=11709"},{"taxonomy":"product_cat","embeddable":true,"href":"https:\/\/dogpride.nl\/fr\/wp-json\/wp\/v2\/product_cat?post=11709"},{"taxonomy":"product_tag","embeddable":true,"href":"https:\/\/dogpride.nl\/fr\/wp-json\/wp\/v2\/product_tag?post=11709"}],"curies":[{"name":"wp","href":"https:\/\/api.w.org\/{rel}","templated":true}]}}