{"id":11668,"date":"2021-02-02T14:21:18","date_gmt":"2021-02-02T13:21:18","guid":{"rendered":"https:\/\/dogpride1.wpengine.com\/product\/power-fleece-vest-men-olive-2\/"},"modified":"2025-10-29T07:37:56","modified_gmt":"2025-10-29T06:37:56","slug":"arrak-power-fleece-vest-men-olive-2","status":"publish","type":"product","link":"https:\/\/dogpride.nl\/fr\/arrak-power-fleece-vest-men-olive-2\/","title":{"rendered":"ARRAK Power Fleece Gilet Homme Olive"},"content":{"rendered":"<h4>ARRAK Power Fleece Gilet Homme Olive<\/h4>\n<p>ARRAK Power Fleece Gilet Homme Olive<\/p>\n<div>Un pull \u00e0 capuche doux avec une coupe ajust\u00e9e en mati\u00e8re stretch.<br \/>\nLe pull a des poches lat\u00e9rales avec une fermeture \u00e9clair et une poche arri\u00e8re intelligente et pratique.<\/div>\n<div>Le maillot a \u00e9galement une prise pour le pouce \u00e0 l&#039;extr\u00e9mit\u00e9 de la manche.<\/div>\n<div>\n<ul>\n<li>Polyester 91%\/\u00c9lasthanne 9%<\/li>\n<li>Geborstelde zachte binnenkant<\/li>\n<li>Poche arri\u00e8re zipp\u00e9e<\/li>\n<li>Steekzakken met rits<\/li>\n<li>Duim grip<\/li>\n<li>Capuchon verstelbaar met trekkoord<\/li>\n<li>Col montant<\/li>\n<li>Gewicht in maat L 650g<\/li>\n<\/ul>\n<\/div>\n<h3><strong>Tableau des tailles:<\/strong><\/h3>\n<div><\/div>\n<div><\/div>\n<div><img loading=\"lazy\" decoding=\"async\" class=\"alignnone wp-image-122120\" src=\"https:\/\/dogpride.nl\/wp-content\/uploads\/27008-Maattabel-1024x819.jpg\" alt=\"Maattabel Heren\" width=\"814\" height=\"651\" srcset=\"https:\/\/dogpride.nl\/wp-content\/uploads\/27008-Maattabel-1024x819.jpg 1024w, https:\/\/dogpride.nl\/wp-content\/uploads\/27008-Maattabel-300x240.jpg 300w, https:\/\/dogpride.nl\/wp-content\/uploads\/27008-Maattabel-768x614.jpg 768w, https:\/\/dogpride.nl\/wp-content\/uploads\/27008-Maattabel-15x12.jpg 15w, https:\/\/dogpride.nl\/wp-content\/uploads\/27008-Maattabel-250x200.jpg 250w, https:\/\/dogpride.nl\/wp-content\/uploads\/27008-Maattabel-400x320.jpg 400w, https:\/\/dogpride.nl\/wp-content\/uploads\/27008-Maattabel.jpg 1500w\" sizes=\"auto, (max-width: 814px) 100vw, 814px\" \/><\/div>\n<div><a href=\"https:\/\/arrakoutdoor.com\/\" target=\"_blank\" rel=\"noopener\"><img loading=\"lazy\" decoding=\"async\" class=\"alignnone wp-image-139301 size-medium\" src=\"https:\/\/dogpride.nl\/wp-content\/uploads\/Arrak-300x118.jpeg\" alt=\"Logo\" width=\"300\" height=\"118\" srcset=\"https:\/\/dogpride.nl\/wp-content\/uploads\/Arrak-300x118.jpeg 300w, https:\/\/dogpride.nl\/wp-content\/uploads\/Arrak-768x303.jpeg 768w, https:\/\/dogpride.nl\/wp-content\/uploads\/Arrak-18x7.jpeg 18w, https:\/\/dogpride.nl\/wp-content\/uploads\/Arrak-250x99.jpeg 250w, https:\/\/dogpride.nl\/wp-content\/uploads\/Arrak-400x158.jpeg 400w, https:\/\/dogpride.nl\/wp-content\/uploads\/Arrak.jpeg 916w\" sizes=\"auto, (max-width: 300px) 100vw, 300px\" \/><\/a><\/div>\n<div><a href=\"https:\/\/dogpride.nl\/fr\/kleding\/vesten\/arrak-outdoor-vesten\/?product-page=2\"><img loading=\"lazy\" decoding=\"async\" class=\"alignnone\" title=\"ARRAK Power Fleece Vest Men Olive capouchon\" src=\"https:\/\/dogpride.nl\/wp-content\/uploads\/02.powerfl_olive_front2_men_1-150x150.jpg\" alt=\"ARRAK Power Fleece Vest Men Olive capouchon\" width=\"150\" height=\"150\" \/><\/a><\/div>","protected":false},"excerpt":{"rendered":"<p>ARRAK OUTDOOR Power Fleece Gilet Homme Olive. Un pull \u00e0 capuche doux avec une coupe ajust\u00e9e en mati\u00e8re stretch. Le pull a des poches lat\u00e9rales avec une fermeture \u00e9clair et une poche arri\u00e8re intelligente et pratique.<\/p>","protected":false},"featured_media":44867,"template":"","meta":[],"product_brand":[],"product_cat":[3867],"product_tag":[11061,11066,3335,11065,11056,9487,11055,11059,11062,11050,11053,9497,6392,11047,11063,11054,11064,11060,11052,11058,11057],"class_list":{"0":"post-11668","1":"product","2":"type-product","3":"status-publish","4":"has-post-thumbnail","6":"product_cat-arrak-outdoor-vesten","7":"product_tag-ademend-fleece","8":"product_tag-allseason-kleding","9":"product_tag-arrak","10":"product_tag-comfortabele-kleding","11":"product_tag-dames-fleece","12":"product_tag-fleece-vest","13":"product_tag-heren-fleece","14":"product_tag-hiking-fleece","15":"product_tag-lichtgewicht-jas","16":"product_tag-outdoor-fashion","17":"product_tag-outdoor-fleece","18":"product_tag-outdoor-kleding","19":"product_tag-powerfleece","20":"product_tag-scandinavisch-design","21":"product_tag-softshell-fleece","22":"product_tag-sport-fleece","23":"product_tag-sportieve-outfit","24":"product_tag-thermokleding","25":"product_tag-unisex-fleece","26":"product_tag-wandelkleding","27":"product_tag-warme-trui","29":"first","30":"instock","31":"taxable","32":"shipping-taxable","33":"purchasable","34":"product-type-variable"},"mb":[],"mfb_rest_fields":["title"],"_links":{"self":[{"href":"https:\/\/dogpride.nl\/fr\/wp-json\/wp\/v2\/product\/11668","targetHints":{"allow":["GET"]}}],"collection":[{"href":"https:\/\/dogpride.nl\/fr\/wp-json\/wp\/v2\/product"}],"about":[{"href":"https:\/\/dogpride.nl\/fr\/wp-json\/wp\/v2\/types\/product"}],"wp:featuredmedia":[{"embeddable":true,"href":"https:\/\/dogpride.nl\/fr\/wp-json\/wp\/v2\/media\/44867"}],"wp:attachment":[{"href":"https:\/\/dogpride.nl\/fr\/wp-json\/wp\/v2\/media?parent=11668"}],"wp:term":[{"taxonomy":"product_brand","embeddable":true,"href":"https:\/\/dogpride.nl\/fr\/wp-json\/wp\/v2\/product_brand?post=11668"},{"taxonomy":"product_cat","embeddable":true,"href":"https:\/\/dogpride.nl\/fr\/wp-json\/wp\/v2\/product_cat?post=11668"},{"taxonomy":"product_tag","embeddable":true,"href":"https:\/\/dogpride.nl\/fr\/wp-json\/wp\/v2\/product_tag?post=11668"}],"curies":[{"name":"wp","href":"https:\/\/api.w.org\/{rel}","templated":true}]}}