{"id":11630,"date":"2021-01-25T12:30:47","date_gmt":"2021-01-25T11:30:47","guid":{"rendered":"https:\/\/dogpride1.wpengine.com\/product\/d4m-sweatshirt-defence-2\/"},"modified":"2025-11-03T14:28:05","modified_gmt":"2025-11-03T13:28:05","slug":"dogs4me-hoodie-defence-2","status":"publish","type":"product","link":"https:\/\/dogpride.nl\/fr\/dogs4me-hoodie-defence-2\/","title":{"rendered":"DOGS4ME Sweat \u00e0 capuche DEFENSE"},"content":{"rendered":"<h4>DOGS4ME Sweat \u00e0 capuche DEFENSE<\/h4>\n<p>DOGS4ME Sweat \u00e0 capuche DEFENSE<\/p>\n<ul>\n<li>sweatshirt \u00e0 capuche<\/li>\n<li>Unisexe<\/li>\n<li>Capuche int\u00e9gr\u00e9e<\/li>\n<li>285 g\/m\u00b2<\/li>\n<li>coton 85%; Polyester 15%<\/li>\n<li>Couleur noir<\/li>\n<\/ul>\n<p><strong>Tableau des tailles:<\/strong><\/p>\n<p><img loading=\"lazy\" decoding=\"async\" class=\"alignnone wp-image-70370 size-full\" src=\"https:\/\/www.dogpride.nl\/wp-content\/uploads\/Maattabel-Sweatshirt.png\" alt=\"Maattabel\" width=\"615\" height=\"326\" srcset=\"https:\/\/dogpride.nl\/wp-content\/uploads\/Maattabel-Sweatshirt.png 615w, https:\/\/dogpride.nl\/wp-content\/uploads\/Maattabel-Sweatshirt-250x133.png 250w, https:\/\/dogpride.nl\/wp-content\/uploads\/Maattabel-Sweatshirt-400x212.png 400w, https:\/\/dogpride.nl\/wp-content\/uploads\/Maattabel-Sweatshirt-300x159.png 300w, https:\/\/dogpride.nl\/wp-content\/uploads\/Maattabel-Sweatshirt-200x106.png 200w, https:\/\/dogpride.nl\/wp-content\/uploads\/Maattabel-Sweatshirt-600x318.png 600w\" sizes=\"auto, (max-width: 615px) 100vw, 615px\" \/><\/p>\n<p data-start=\"38\" data-end=\"345\">De\u00a0DOGS4ME Hoodie DEFENCE \u00a0is meer dan zomaar een trui \u2013 het is een statement voor iedereen die passie voelt voor speuren met honden. Of je nu een professionele trainer bent of gewoon graag de neus van je hond volgt tijdens avontuurlijke wandelingen, deze hoodie vertelt precies wat jou drijft.<\/p>\n<p data-start=\"347\" data-end=\"803\">De hoodie is gemaakt van een comfortabele en duurzame katoenmix, perfect voor buitenactiviteiten in elk seizoen. De zachte binnenkant houdt je warm tijdens frisse ochtenden in het bos, terwijl de stevige capuchon en ruime kangoeroezak praktische extra\u2019s bieden. Het ontwerp met de opvallende<strong data-start=\"639\" data-end=\"660\">\u201c<\/strong>DOGS4ME Sweat \u00e0 capuche DEFENSE<strong data-start=\"639\" data-end=\"660\">\u201d<\/strong>-opdruk laat meteen zien waar jouw hart ligt: bij het samenwerken met je hond, het vertrouwen op zijn zintuigen en het samen vinden van sporen.<\/p>\n<p data-start=\"805\" data-end=\"1027\">Met de DOGS4ME Hoodie combineer je <strong data-start=\"840\" data-end=\"879\">stijl, comfort en een vleugje trots<\/strong>. Het is niet zomaar kleding \u2013 het is een eerbetoon aan de bijzondere band tussen mens en hond, en aan de passie voor speuren die jullie verbindt.<\/p>\n<p data-start=\"805\" data-end=\"1027\"><a href=\"https:\/\/dogpride.nl\/fr\/kleding\/hoodies\/dogs4me-hoodies\/\"><img loading=\"lazy\" decoding=\"async\" class=\"alignnone\" title=\"DOGS4ME Sweat \u00e0 capuche DEFENSE\" src=\"https:\/\/dogpride.nl\/wp-content\/uploads\/sweatshirt-defence-2.jpg\" alt=\"DOGS4ME Hoodie DEFENCE\" width=\"184\" height=\"219\" \/><\/a><\/p>\n<p>&nbsp;<\/p>\n<p><a href=\"https:\/\/d4m.eu\/en\/\" target=\"_blank\" rel=\"noopener\"><img loading=\"lazy\" decoding=\"async\" class=\"alignnone wp-image-139645 size-medium\" src=\"https:\/\/dogpride.nl\/wp-content\/uploads\/Logo-Dogs4me-300x188.jpg\" alt=\"Logo\" width=\"300\" height=\"188\" srcset=\"https:\/\/dogpride.nl\/wp-content\/uploads\/Logo-Dogs4me-300x188.jpg 300w, https:\/\/dogpride.nl\/wp-content\/uploads\/Logo-Dogs4me-1024x640.jpg 1024w, https:\/\/dogpride.nl\/wp-content\/uploads\/Logo-Dogs4me-768x480.jpg 768w, https:\/\/dogpride.nl\/wp-content\/uploads\/Logo-Dogs4me-1536x960.jpg 1536w, https:\/\/dogpride.nl\/wp-content\/uploads\/Logo-Dogs4me-18x12.jpg 18w, https:\/\/dogpride.nl\/wp-content\/uploads\/Logo-Dogs4me-250x156.jpg 250w, https:\/\/dogpride.nl\/wp-content\/uploads\/Logo-Dogs4me-400x250.jpg 400w, https:\/\/dogpride.nl\/wp-content\/uploads\/Logo-Dogs4me.jpg 1680w\" sizes=\"auto, (max-width: 300px) 100vw, 300px\" \/><\/a><\/p>","protected":false},"excerpt":{"rendered":"<p>Sweat \u00e0 capuche avec une image DEFENSE de DOGS4ME. Sweat \u00e0 capuche unisexe avec capuche int\u00e9gr\u00e9e et poche kangourou sur le devant. Couleur noir.<\/p>","protected":false},"featured_media":22513,"template":"","meta":[],"product_brand":[],"product_cat":[3890],"product_tag":[5343,4687],"class_list":{"0":"post-11630","1":"product","2":"type-product","3":"status-publish","4":"has-post-thumbnail","6":"product_cat-dogs4me-hoodies","7":"product_tag-dogs4me","8":"product_tag-hoodie","10":"first","11":"instock","12":"taxable","13":"shipping-taxable","14":"purchasable","15":"product-type-variable"},"mb":[],"mfb_rest_fields":["title"],"_links":{"self":[{"href":"https:\/\/dogpride.nl\/fr\/wp-json\/wp\/v2\/product\/11630","targetHints":{"allow":["GET"]}}],"collection":[{"href":"https:\/\/dogpride.nl\/fr\/wp-json\/wp\/v2\/product"}],"about":[{"href":"https:\/\/dogpride.nl\/fr\/wp-json\/wp\/v2\/types\/product"}],"wp:featuredmedia":[{"embeddable":true,"href":"https:\/\/dogpride.nl\/fr\/wp-json\/wp\/v2\/media\/22513"}],"wp:attachment":[{"href":"https:\/\/dogpride.nl\/fr\/wp-json\/wp\/v2\/media?parent=11630"}],"wp:term":[{"taxonomy":"product_brand","embeddable":true,"href":"https:\/\/dogpride.nl\/fr\/wp-json\/wp\/v2\/product_brand?post=11630"},{"taxonomy":"product_cat","embeddable":true,"href":"https:\/\/dogpride.nl\/fr\/wp-json\/wp\/v2\/product_cat?post=11630"},{"taxonomy":"product_tag","embeddable":true,"href":"https:\/\/dogpride.nl\/fr\/wp-json\/wp\/v2\/product_tag?post=11630"}],"curies":[{"name":"wp","href":"https:\/\/api.w.org\/{rel}","templated":true}]}}