{"id":11626,"date":"2021-01-25T12:10:19","date_gmt":"2021-01-25T11:10:19","guid":{"rendered":"https:\/\/dogpride1.wpengine.com\/product\/d4m-sweatshirt-german-shepherd\/"},"modified":"2025-11-03T14:07:21","modified_gmt":"2025-11-03T13:07:21","slug":"dogs4me-hoodie-german-shepherd","status":"publish","type":"product","link":"https:\/\/dogpride.nl\/fr\/dogs4me-hoodie-german-shepherd\/","title":{"rendered":"DOGS4ME sweat \u00e0 capuche BERGER ALLEMAND"},"content":{"rendered":"<h4>DOGS4ME sweat \u00e0 capuche BERGER ALLEMAND<\/h4>\n<p>DOGS4ME sweat \u00e0 capuche BERGER ALLEMAND<\/p>\n<ul>\n<li>sweatshirt \u00e0 capuche<\/li>\n<li>Unisexe<\/li>\n<li>Capuche int\u00e9gr\u00e9e<\/li>\n<li>285 g\/m\u00b2<\/li>\n<li>coton 85%; Polyester 15%<\/li>\n<li>Couleur noir<\/li>\n<\/ul>\n<p><strong>Tableau des tailles:<\/strong><\/p>\n<p><img loading=\"lazy\" decoding=\"async\" class=\"alignnone wp-image-70370 size-full\" src=\"https:\/\/www.dogpride.nl\/wp-content\/uploads\/Maattabel-Sweatshirt.png\" alt=\"Maattabel\" width=\"615\" height=\"326\" srcset=\"https:\/\/dogpride.nl\/wp-content\/uploads\/Maattabel-Sweatshirt.png 615w, https:\/\/dogpride.nl\/wp-content\/uploads\/Maattabel-Sweatshirt-250x133.png 250w, https:\/\/dogpride.nl\/wp-content\/uploads\/Maattabel-Sweatshirt-400x212.png 400w, https:\/\/dogpride.nl\/wp-content\/uploads\/Maattabel-Sweatshirt-300x159.png 300w, https:\/\/dogpride.nl\/wp-content\/uploads\/Maattabel-Sweatshirt-200x106.png 200w, https:\/\/dogpride.nl\/wp-content\/uploads\/Maattabel-Sweatshirt-600x318.png 600w\" sizes=\"auto, (max-width: 615px) 100vw, 615px\" \/><\/p>\n<p data-start=\"40\" data-end=\"321\">Le <strong data-start=\"43\" data-end=\"79\">DOGS4ME Hoodie \u201cGERMAN SHEPHERD\u201d<\/strong> is een eerbetoon aan een van de meest geliefde en veelzijdige hondenrassen ter wereld. De Duitse herder staat bekend om zijn intelligentie, kracht en onvoorwaardelijke loyaliteit \u2014 eigenschappen die in deze hoodie perfect tot uiting komen.<\/p>\n<p data-start=\"323\" data-end=\"774\">Gemaakt van een hoogwaardige katoenmix, combineert deze hoodie <strong data-start=\"386\" data-end=\"420\">comfort, duurzaamheid en stijl<\/strong>. De zachte binnenvoering houdt je warm tijdens frisse ochtenden of trainingssessies in de buitenlucht. De capuchon en ruime kangoeroezak maken hem praktisch en functioneel, ideaal voor zowel dagelijks gebruik als hondensportactiviteiten. De stoere <strong data-start=\"669\" data-end=\"690\">\u201cGERMAN SHEPHERD\u201d<\/strong>-opdruk op de borst laat meteen zien waar jouw trots ligt: bij jouw trouwe herder.<\/p>\n<p data-start=\"776\" data-end=\"999\">Avec le <strong data-start=\"783\" data-end=\"817\">DOGS4ME Hoodie GERMAN SHEPHERD<\/strong> draag je niet alleen een kledingstuk, maar een statement. Het weerspiegelt de bijzondere band tussen mens en hond \u2014 een band die gebouwd is op vertrouwen, samenwerking en respect.<\/p>\n<p><a href=\"https:\/\/dogpride.nl\/fr\/kleding\/hoodies\/dogs4me-hoodies\/\"><img loading=\"lazy\" decoding=\"async\" class=\"alignnone\" title=\"DOGS4ME sweat \u00e0 capuche BERGER ALLEMAND\" src=\"https:\/\/dogpride.nl\/wp-content\/uploads\/sweatshirt-german-shepherd-1.jpg\" alt=\"DOGS4ME hoodie GERMAN SHEPHERD\" width=\"146\" height=\"174\" \/><\/a><\/p>\n<p><a href=\"https:\/\/d4m.eu\/en\/\" target=\"_blank\" rel=\"noopener\"><img loading=\"lazy\" decoding=\"async\" class=\"alignnone wp-image-139645 size-medium\" src=\"https:\/\/dogpride.nl\/wp-content\/uploads\/Logo-Dogs4me-300x188.jpg\" alt=\"Logo\" width=\"300\" height=\"188\" srcset=\"https:\/\/dogpride.nl\/wp-content\/uploads\/Logo-Dogs4me-300x188.jpg 300w, https:\/\/dogpride.nl\/wp-content\/uploads\/Logo-Dogs4me-1024x640.jpg 1024w, https:\/\/dogpride.nl\/wp-content\/uploads\/Logo-Dogs4me-768x480.jpg 768w, https:\/\/dogpride.nl\/wp-content\/uploads\/Logo-Dogs4me-1536x960.jpg 1536w, https:\/\/dogpride.nl\/wp-content\/uploads\/Logo-Dogs4me-18x12.jpg 18w, https:\/\/dogpride.nl\/wp-content\/uploads\/Logo-Dogs4me-250x156.jpg 250w, https:\/\/dogpride.nl\/wp-content\/uploads\/Logo-Dogs4me-400x250.jpg 400w, https:\/\/dogpride.nl\/wp-content\/uploads\/Logo-Dogs4me.jpg 1680w\" sizes=\"auto, (max-width: 300px) 100vw, 300px\" \/><\/a><\/p>","protected":false},"excerpt":{"rendered":"<p>Sweat \u00e0 capuche avec l&#039;image GERMAN SHEPHERD au dos de DOGS4ME. Sweat \u00e0 capuche unisexe avec capuche int\u00e9gr\u00e9e et poche kangourou sur le devant.<\/p>","protected":false},"featured_media":22511,"template":"","meta":[],"product_brand":[],"product_cat":[3890],"product_tag":[],"class_list":{"0":"post-11626","1":"product","2":"type-product","3":"status-publish","4":"has-post-thumbnail","6":"product_cat-dogs4me-hoodies","8":"first","9":"instock","10":"taxable","11":"shipping-taxable","12":"purchasable","13":"product-type-variable"},"mb":[],"mfb_rest_fields":["title"],"_links":{"self":[{"href":"https:\/\/dogpride.nl\/fr\/wp-json\/wp\/v2\/product\/11626","targetHints":{"allow":["GET"]}}],"collection":[{"href":"https:\/\/dogpride.nl\/fr\/wp-json\/wp\/v2\/product"}],"about":[{"href":"https:\/\/dogpride.nl\/fr\/wp-json\/wp\/v2\/types\/product"}],"wp:featuredmedia":[{"embeddable":true,"href":"https:\/\/dogpride.nl\/fr\/wp-json\/wp\/v2\/media\/22511"}],"wp:attachment":[{"href":"https:\/\/dogpride.nl\/fr\/wp-json\/wp\/v2\/media?parent=11626"}],"wp:term":[{"taxonomy":"product_brand","embeddable":true,"href":"https:\/\/dogpride.nl\/fr\/wp-json\/wp\/v2\/product_brand?post=11626"},{"taxonomy":"product_cat","embeddable":true,"href":"https:\/\/dogpride.nl\/fr\/wp-json\/wp\/v2\/product_cat?post=11626"},{"taxonomy":"product_tag","embeddable":true,"href":"https:\/\/dogpride.nl\/fr\/wp-json\/wp\/v2\/product_tag?post=11626"}],"curies":[{"name":"wp","href":"https:\/\/api.w.org\/{rel}","templated":true}]}}