{"id":11625,"date":"2021-01-25T11:50:58","date_gmt":"2021-01-25T10:50:58","guid":{"rendered":"https:\/\/dogpride1.wpengine.com\/product\/d4m-sweatshirt-german-shepherd-head-2\/"},"modified":"2025-11-03T14:08:01","modified_gmt":"2025-11-03T13:08:01","slug":"dogs4me-hoodie-german-shepherd-head-2","status":"publish","type":"product","link":"https:\/\/dogpride.nl\/fr\/dogs4me-hoodie-german-shepherd-head-2\/","title":{"rendered":"DOGS4ME Sweat \u00e0 capuche T\u00caTE DE BERGER ALLEMAND"},"content":{"rendered":"<h4>DOGS4ME Sweat \u00e0 capuche T\u00caTE DE BERGER ALLEMAND<\/h4>\n<p>DOGS4ME Sweat \u00e0 capuche T\u00caTE DE BERGER ALLEMAND<\/p>\n<ul>\n<li>sweatshirt \u00e0 capuche<\/li>\n<li>Unisexe<\/li>\n<li>Capuche int\u00e9gr\u00e9e<\/li>\n<li>285 g\/m\u00b2<\/li>\n<li>coton 85%; Polyester 15%<\/li>\n<li>Couleur noir<\/li>\n<\/ul>\n<p><strong>Tableau des tailles:<\/strong><\/p>\n<p><img loading=\"lazy\" decoding=\"async\" class=\"alignnone wp-image-70370 size-full\" src=\"https:\/\/www.dogpride.nl\/wp-content\/uploads\/Maattabel-Sweatshirt.png\" alt=\"Maattabel\" width=\"615\" height=\"326\" srcset=\"https:\/\/dogpride.nl\/wp-content\/uploads\/Maattabel-Sweatshirt.png 615w, https:\/\/dogpride.nl\/wp-content\/uploads\/Maattabel-Sweatshirt-250x133.png 250w, https:\/\/dogpride.nl\/wp-content\/uploads\/Maattabel-Sweatshirt-400x212.png 400w, https:\/\/dogpride.nl\/wp-content\/uploads\/Maattabel-Sweatshirt-300x159.png 300w, https:\/\/dogpride.nl\/wp-content\/uploads\/Maattabel-Sweatshirt-200x106.png 200w, https:\/\/dogpride.nl\/wp-content\/uploads\/Maattabel-Sweatshirt-600x318.png 600w\" sizes=\"auto, (max-width: 615px) 100vw, 615px\" \/><\/p>\n<p data-start=\"45\" data-end=\"324\">Le <strong data-start=\"48\" data-end=\"89\">DOGS4ME Hoodie \u201cGERMAN SHEPHERD HEAD\u201d<\/strong> is een stijlvolle ode aan de indrukwekkende verschijning van de Duitse herder. Met een krachtig ontwerp waarop het trotse hoofd van deze iconische hond centraal staat, is deze hoodie een must-have voor iedere liefhebber van het ras.<\/p>\n<p data-start=\"326\" data-end=\"749\">De hoodie is gemaakt van een <strong data-start=\"355\" data-end=\"391\">comfortabele, duurzame katoenmix<\/strong> die perfect is voor dagelijks gebruik \u00e9n voor buitenactiviteiten met je hond. De zachte binnenkant biedt warmte op frisse dagen, terwijl de capuchon en ruime buidelzak zorgen voor extra gemak en functionaliteit. De gedetailleerde <strong data-start=\"622\" data-end=\"648\">\u201cGERMAN SHEPHERD HEAD\u201d<\/strong>-opdruk op de borst straalt kracht, intelligentie en toewijding uit \u2014 precies zoals de herder zelf.<\/p>\n<p data-start=\"751\" data-end=\"1013\">Of je nu traint, wandelt of gewoon ontspant, met de <strong data-start=\"803\" data-end=\"842\">DOGS4ME Sweat \u00e0 capuche T\u00caTE DE BERGER ALLEMAND<\/strong> draag je je liefde voor dit prachtige ras met trots. Het is meer dan een hoodie \u2014 het is een symbool van respect voor een trouwe kameraad die altijd aan je zijde staat.<\/p>\n<p><a href=\"https:\/\/dogpride.nl\/fr\/kleding\/hoodies\/dogs4me-hoodies\/\"><img loading=\"lazy\" decoding=\"async\" class=\"alignnone\" title=\"DOGS4ME Sweat \u00e0 capuche T\u00caTE DE BERGER ALLEMAND\" src=\"https:\/\/dogpride.nl\/wp-content\/uploads\/sweatshirt-german-shepherd-head-2.jpg\" alt=\"DOGS4ME Hoodie GERMAN SHEPHERD HEAD\" width=\"174\" height=\"207\" \/><\/a><\/p>\n<p>&nbsp;<\/p>\n<p><a href=\"https:\/\/d4m.eu\/en\/\" target=\"_blank\" rel=\"noopener\"><img loading=\"lazy\" decoding=\"async\" class=\"alignnone wp-image-139645 size-medium\" src=\"https:\/\/dogpride.nl\/wp-content\/uploads\/Logo-Dogs4me-300x188.jpg\" alt=\"Logo\" width=\"300\" height=\"188\" srcset=\"https:\/\/dogpride.nl\/wp-content\/uploads\/Logo-Dogs4me-300x188.jpg 300w, https:\/\/dogpride.nl\/wp-content\/uploads\/Logo-Dogs4me-1024x640.jpg 1024w, https:\/\/dogpride.nl\/wp-content\/uploads\/Logo-Dogs4me-768x480.jpg 768w, https:\/\/dogpride.nl\/wp-content\/uploads\/Logo-Dogs4me-1536x960.jpg 1536w, https:\/\/dogpride.nl\/wp-content\/uploads\/Logo-Dogs4me-18x12.jpg 18w, https:\/\/dogpride.nl\/wp-content\/uploads\/Logo-Dogs4me-250x156.jpg 250w, https:\/\/dogpride.nl\/wp-content\/uploads\/Logo-Dogs4me-400x250.jpg 400w, https:\/\/dogpride.nl\/wp-content\/uploads\/Logo-Dogs4me.jpg 1680w\" sizes=\"auto, (max-width: 300px) 100vw, 300px\" \/><\/a><\/p>","protected":false},"excerpt":{"rendered":"<p>Sweat \u00e0 capuche avec l&#039;image GERMAN SHEPHERD HEAD au dos de DOGS4ME. Sweat \u00e0 capuche unisexe avec capuche int\u00e9gr\u00e9e et poche kangourou sur le devant.<\/p>","protected":false},"featured_media":22510,"template":"","meta":[],"product_brand":[],"product_cat":[3890],"product_tag":[],"class_list":{"0":"post-11625","1":"product","2":"type-product","3":"status-publish","4":"has-post-thumbnail","6":"product_cat-dogs4me-hoodies","8":"first","9":"instock","10":"taxable","11":"shipping-taxable","12":"purchasable","13":"product-type-variable"},"mb":[],"mfb_rest_fields":["title"],"_links":{"self":[{"href":"https:\/\/dogpride.nl\/fr\/wp-json\/wp\/v2\/product\/11625","targetHints":{"allow":["GET"]}}],"collection":[{"href":"https:\/\/dogpride.nl\/fr\/wp-json\/wp\/v2\/product"}],"about":[{"href":"https:\/\/dogpride.nl\/fr\/wp-json\/wp\/v2\/types\/product"}],"wp:featuredmedia":[{"embeddable":true,"href":"https:\/\/dogpride.nl\/fr\/wp-json\/wp\/v2\/media\/22510"}],"wp:attachment":[{"href":"https:\/\/dogpride.nl\/fr\/wp-json\/wp\/v2\/media?parent=11625"}],"wp:term":[{"taxonomy":"product_brand","embeddable":true,"href":"https:\/\/dogpride.nl\/fr\/wp-json\/wp\/v2\/product_brand?post=11625"},{"taxonomy":"product_cat","embeddable":true,"href":"https:\/\/dogpride.nl\/fr\/wp-json\/wp\/v2\/product_cat?post=11625"},{"taxonomy":"product_tag","embeddable":true,"href":"https:\/\/dogpride.nl\/fr\/wp-json\/wp\/v2\/product_tag?post=11625"}],"curies":[{"name":"wp","href":"https:\/\/api.w.org\/{rel}","templated":true}]}}