{"id":11623,"date":"2021-01-25T11:46:04","date_gmt":"2021-01-25T10:46:04","guid":{"rendered":"https:\/\/dogpride1.wpengine.com\/product\/d4m-sweatshirt-head-malinois-1-2\/"},"modified":"2025-11-03T14:17:54","modified_gmt":"2025-11-03T13:17:54","slug":"dogs4me-hoodie-head-malinois-1-2","status":"publish","type":"product","link":"https:\/\/dogpride.nl\/fr\/dogs4me-hoodie-head-malinois-1-2\/","title":{"rendered":"DOGS4ME Sweat \u00e0 capuche HEAD MALINOIS 1"},"content":{"rendered":"<h4>DOGS4ME Sweat \u00e0 capuche HEAD MALINOIS 1<\/h4>\n<p>DOGS4ME Sweat \u00e0 capuche HEAD MALINOIS 1<\/p>\n<ul>\n<li>sweatshirt \u00e0 capuche<\/li>\n<li>Unisexe<\/li>\n<li>Capuche int\u00e9gr\u00e9e<\/li>\n<li>285 g\/m\u00b2<\/li>\n<li>coton 85%; Polyester 15%<\/li>\n<li>Couleur noir<\/li>\n<\/ul>\n<p><strong>Tableau des tailles:<\/strong><\/p>\n<p><img loading=\"lazy\" decoding=\"async\" class=\"alignnone wp-image-70370 size-full\" src=\"https:\/\/www.dogpride.nl\/wp-content\/uploads\/Maattabel-Sweatshirt.png\" alt=\"Maattabel\" width=\"615\" height=\"326\" srcset=\"https:\/\/dogpride.nl\/wp-content\/uploads\/Maattabel-Sweatshirt.png 615w, https:\/\/dogpride.nl\/wp-content\/uploads\/Maattabel-Sweatshirt-250x133.png 250w, https:\/\/dogpride.nl\/wp-content\/uploads\/Maattabel-Sweatshirt-400x212.png 400w, https:\/\/dogpride.nl\/wp-content\/uploads\/Maattabel-Sweatshirt-300x159.png 300w, https:\/\/dogpride.nl\/wp-content\/uploads\/Maattabel-Sweatshirt-200x106.png 200w, https:\/\/dogpride.nl\/wp-content\/uploads\/Maattabel-Sweatshirt-600x318.png 600w\" sizes=\"auto, (max-width: 615px) 100vw, 615px\" \/><\/p>\n<p data-start=\"40\" data-end=\"380\">Le <strong data-start=\"43\" data-end=\"79\">DOGS4ME Hoodie \u201cHEAD MALINOIS 1\u201d<\/strong> is d\u00e9 hoodie voor iedereen die trots is op de kracht, intelligentie en uitstraling van de Belgische herder Malinois. Met een opvallend design van het karakteristieke Malinois-hoofd straalt deze trui alles uit wat dit ras bijzonder maakt: alertheid, toewijding en een onverwoestbare werkmentaliteit.<\/p>\n<p data-start=\"382\" data-end=\"832\">De hoodie is gemaakt van een <strong data-start=\"411\" data-end=\"445\">zachte maar robuuste katoenmix<\/strong>, waardoor hij heerlijk comfortabel zit en tegen een stootje kan. Perfect voor trainingen, wandelingen of gewoon ontspannen momenten met je hond. De warme binnenvoering, praktische capuchon en ruime kangoeroezak maken het een onmisbare favoriet voor elke hondenliefhebber. De gedetailleerde print geeft de hoodie een krachtige, sportieve uitstraling \u2013 precies wat bij de Malinois past.<\/p>\n<p data-start=\"834\" data-end=\"997\">Avec le <strong data-start=\"841\" data-end=\"875\">DOGS4ME Sweat \u00e0 capuche HEAD MALINOIS 1<\/strong> laat je niet alleen zien dat je van dit ras houdt, maar ook dat je leeft volgens zijn geest: <strong data-start=\"969\" data-end=\"994\">sterk, slim en loyaal<\/strong>.<\/p>\n<p><a href=\"https:\/\/dogpride.nl\/fr\/kleding\/hoodies\/dogs4me-hoodies\/\"><img loading=\"lazy\" decoding=\"async\" class=\"alignnone\" title=\"DOGS4ME Sweat \u00e0 capuche HEAD MALINOIS 1\" src=\"https:\/\/dogpride.nl\/wp-content\/uploads\/sweatshirt-head-malinois-1-2.jpg\" alt=\"DOGS4ME Hoodie HEAD MALINOIS 1\" width=\"189\" height=\"225\" \/><\/a><\/p>\n<p><a href=\"https:\/\/d4m.eu\/en\/\" target=\"_blank\" rel=\"noopener\"><img loading=\"lazy\" decoding=\"async\" class=\"alignnone wp-image-139645 size-medium\" src=\"https:\/\/dogpride.nl\/wp-content\/uploads\/Logo-Dogs4me-300x188.jpg\" alt=\"Logo\" width=\"300\" height=\"188\" srcset=\"https:\/\/dogpride.nl\/wp-content\/uploads\/Logo-Dogs4me-300x188.jpg 300w, https:\/\/dogpride.nl\/wp-content\/uploads\/Logo-Dogs4me-1024x640.jpg 1024w, https:\/\/dogpride.nl\/wp-content\/uploads\/Logo-Dogs4me-768x480.jpg 768w, https:\/\/dogpride.nl\/wp-content\/uploads\/Logo-Dogs4me-1536x960.jpg 1536w, https:\/\/dogpride.nl\/wp-content\/uploads\/Logo-Dogs4me-18x12.jpg 18w, https:\/\/dogpride.nl\/wp-content\/uploads\/Logo-Dogs4me-250x156.jpg 250w, https:\/\/dogpride.nl\/wp-content\/uploads\/Logo-Dogs4me-400x250.jpg 400w, https:\/\/dogpride.nl\/wp-content\/uploads\/Logo-Dogs4me.jpg 1680w\" sizes=\"auto, (max-width: 300px) 100vw, 300px\" \/><\/a><\/p>","protected":false},"excerpt":{"rendered":"<p>Sweat \u00e0 capuche DOGS4ME avec graphisme HEAD MALINOIS 1 dans le dos. Sweat \u00e0 capuche unisexe avec capuche int\u00e9gr\u00e9e et poche kangourou sur le devant. Couleur noir.<\/p>","protected":false},"featured_media":22508,"template":"","meta":[],"product_brand":[],"product_cat":[3890],"product_tag":[],"class_list":{"0":"post-11623","1":"product","2":"type-product","3":"status-publish","4":"has-post-thumbnail","6":"product_cat-dogs4me-hoodies","8":"first","9":"instock","10":"taxable","11":"shipping-taxable","12":"purchasable","13":"product-type-variable"},"mb":[],"mfb_rest_fields":["title"],"_links":{"self":[{"href":"https:\/\/dogpride.nl\/fr\/wp-json\/wp\/v2\/product\/11623","targetHints":{"allow":["GET"]}}],"collection":[{"href":"https:\/\/dogpride.nl\/fr\/wp-json\/wp\/v2\/product"}],"about":[{"href":"https:\/\/dogpride.nl\/fr\/wp-json\/wp\/v2\/types\/product"}],"wp:featuredmedia":[{"embeddable":true,"href":"https:\/\/dogpride.nl\/fr\/wp-json\/wp\/v2\/media\/22508"}],"wp:attachment":[{"href":"https:\/\/dogpride.nl\/fr\/wp-json\/wp\/v2\/media?parent=11623"}],"wp:term":[{"taxonomy":"product_brand","embeddable":true,"href":"https:\/\/dogpride.nl\/fr\/wp-json\/wp\/v2\/product_brand?post=11623"},{"taxonomy":"product_cat","embeddable":true,"href":"https:\/\/dogpride.nl\/fr\/wp-json\/wp\/v2\/product_cat?post=11623"},{"taxonomy":"product_tag","embeddable":true,"href":"https:\/\/dogpride.nl\/fr\/wp-json\/wp\/v2\/product_tag?post=11623"}],"curies":[{"name":"wp","href":"https:\/\/api.w.org\/{rel}","templated":true}]}}