{"id":11622,"date":"2021-01-25T11:43:40","date_gmt":"2021-01-25T10:43:40","guid":{"rendered":"https:\/\/dogpride1.wpengine.com\/product\/d4m-sweatshirt-i-love-my-dog\/"},"modified":"2025-11-03T14:14:28","modified_gmt":"2025-11-03T13:14:28","slug":"dogs4me-hoodie-i-love-my-dog","status":"publish","type":"product","link":"https:\/\/dogpride.nl\/fr\/dogs4me-hoodie-i-love-my-dog\/","title":{"rendered":"DOGS4ME Sweat \u00e0 capuche J&#039;AIME MON CHIEN"},"content":{"rendered":"<h4>DOGS4ME Sweat \u00e0 capuche J&#039;AIME MON CHIEN<\/h4>\n<p>DOGS4ME Sweat \u00e0 capuche J&#039;AIME MON CHIEN<\/p>\n<ul>\n<li>sweatshirt \u00e0 capuche<\/li>\n<li>Unisexe<\/li>\n<li>Capuche int\u00e9gr\u00e9e<\/li>\n<li>285 g\/m\u00b2<\/li>\n<li>coton 85%; Polyester 15%<\/li>\n<li>Couleur noir<\/li>\n<\/ul>\n<p><strong>Tableau des tailles:<\/strong><\/p>\n<p><img loading=\"lazy\" decoding=\"async\" class=\"alignnone wp-image-70370 size-full\" src=\"https:\/\/www.dogpride.nl\/wp-content\/uploads\/Maattabel-Sweatshirt.png\" alt=\"Maattabel\" width=\"615\" height=\"326\" srcset=\"https:\/\/dogpride.nl\/wp-content\/uploads\/Maattabel-Sweatshirt.png 615w, https:\/\/dogpride.nl\/wp-content\/uploads\/Maattabel-Sweatshirt-250x133.png 250w, https:\/\/dogpride.nl\/wp-content\/uploads\/Maattabel-Sweatshirt-400x212.png 400w, https:\/\/dogpride.nl\/wp-content\/uploads\/Maattabel-Sweatshirt-300x159.png 300w, https:\/\/dogpride.nl\/wp-content\/uploads\/Maattabel-Sweatshirt-200x106.png 200w, https:\/\/dogpride.nl\/wp-content\/uploads\/Maattabel-Sweatshirt-600x318.png 600w\" sizes=\"auto, (max-width: 615px) 100vw, 615px\" \/><\/p>\n<p data-start=\"38\" data-end=\"268\">Le <strong data-start=\"41\" data-end=\"75\">DOGS4ME Hoodie \u201cI LOVE MY DOG\u201d<\/strong> is h\u00e9t kledingstuk voor iedereen die zijn liefde voor honden met trots wil laten zien. Eenvoudig, eerlijk en recht uit het hart \u2014 deze hoodie zegt precies wat jij voelt: <strong data-start=\"246\" data-end=\"266\">\u201cI LOVE MY DOG.\u201d<\/strong><\/p>\n<p data-start=\"270\" data-end=\"642\">Gemaakt van een <strong data-start=\"286\" data-end=\"326\">comfortabele, hoogwaardige katoenmix<\/strong>, is deze hoodie perfect voor dagelijks gebruik. De zachte binnenvoering houdt je warm tijdens wandelingen met je hond, trainingen in de buitenlucht of gewoon een ontspannen dag thuis. De capuchon en ruime buidelzak zorgen voor extra gemak, terwijl de opvallende tekstprint jouw passie laat spreken zonder woorden.<\/p>\n<p data-start=\"644\" data-end=\"861\">Le <strong data-start=\"647\" data-end=\"679\">DOGS4ME Sweat \u00e0 capuche J&#039;AIME MON CHIEN<\/strong> is niet alleen stijlvol, maar ook een symbool van de onvoorwaardelijke band tussen mens en hond. Een must-have voor iedere hondenliefhebber die zijn hart op de juiste plek draagt.<\/p>\n<p><a href=\"https:\/\/dogpride.nl\/fr\/kleding\/hoodies\/dogs4me-hoodies\/\"><img loading=\"lazy\" decoding=\"async\" class=\"alignnone\" title=\"DOGS4ME Sweat \u00e0 capuche J&#039;AIME MON CHIEN\" src=\"https:\/\/dogpride.nl\/wp-content\/uploads\/sweatshirt-i-love-my-dog-1.jpg\" alt=\"DOGS4ME Hoodie I LOVE MY DOG\" width=\"151\" height=\"179\" \/><\/a><\/p>\n<p><a href=\"https:\/\/d4m.eu\/en\/\" target=\"_blank\" rel=\"noopener\"><img loading=\"lazy\" decoding=\"async\" class=\"alignnone wp-image-139645 size-medium\" src=\"https:\/\/dogpride.nl\/wp-content\/uploads\/Logo-Dogs4me-300x188.jpg\" alt=\"Logo\" width=\"300\" height=\"188\" srcset=\"https:\/\/dogpride.nl\/wp-content\/uploads\/Logo-Dogs4me-300x188.jpg 300w, https:\/\/dogpride.nl\/wp-content\/uploads\/Logo-Dogs4me-1024x640.jpg 1024w, https:\/\/dogpride.nl\/wp-content\/uploads\/Logo-Dogs4me-768x480.jpg 768w, https:\/\/dogpride.nl\/wp-content\/uploads\/Logo-Dogs4me-1536x960.jpg 1536w, https:\/\/dogpride.nl\/wp-content\/uploads\/Logo-Dogs4me-18x12.jpg 18w, https:\/\/dogpride.nl\/wp-content\/uploads\/Logo-Dogs4me-250x156.jpg 250w, https:\/\/dogpride.nl\/wp-content\/uploads\/Logo-Dogs4me-400x250.jpg 400w, https:\/\/dogpride.nl\/wp-content\/uploads\/Logo-Dogs4me.jpg 1680w\" sizes=\"auto, (max-width: 300px) 100vw, 300px\" \/><\/a><\/p>","protected":false},"excerpt":{"rendered":"<p>Sweat \u00e0 capuche DOGS4ME avec l&#039;image I LOVE MY DOG dans le dos. Sweat \u00e0 capuche unisexe avec capuche int\u00e9gr\u00e9e et poche kangourou sur le devant.<\/p>","protected":false},"featured_media":22507,"template":"","meta":[],"product_brand":[],"product_cat":[3888],"product_tag":[],"class_list":{"0":"post-11622","1":"product","2":"type-product","3":"status-publish","4":"has-post-thumbnail","6":"product_cat-arrak-outdoor-hoodies","8":"first","9":"instock","10":"taxable","11":"shipping-taxable","12":"purchasable","13":"product-type-variable"},"mb":[],"mfb_rest_fields":["title"],"_links":{"self":[{"href":"https:\/\/dogpride.nl\/fr\/wp-json\/wp\/v2\/product\/11622","targetHints":{"allow":["GET"]}}],"collection":[{"href":"https:\/\/dogpride.nl\/fr\/wp-json\/wp\/v2\/product"}],"about":[{"href":"https:\/\/dogpride.nl\/fr\/wp-json\/wp\/v2\/types\/product"}],"wp:featuredmedia":[{"embeddable":true,"href":"https:\/\/dogpride.nl\/fr\/wp-json\/wp\/v2\/media\/22507"}],"wp:attachment":[{"href":"https:\/\/dogpride.nl\/fr\/wp-json\/wp\/v2\/media?parent=11622"}],"wp:term":[{"taxonomy":"product_brand","embeddable":true,"href":"https:\/\/dogpride.nl\/fr\/wp-json\/wp\/v2\/product_brand?post=11622"},{"taxonomy":"product_cat","embeddable":true,"href":"https:\/\/dogpride.nl\/fr\/wp-json\/wp\/v2\/product_cat?post=11622"},{"taxonomy":"product_tag","embeddable":true,"href":"https:\/\/dogpride.nl\/fr\/wp-json\/wp\/v2\/product_tag?post=11622"}],"curies":[{"name":"wp","href":"https:\/\/api.w.org\/{rel}","templated":true}]}}