{"id":11621,"date":"2021-01-25T10:35:33","date_gmt":"2021-01-25T09:35:33","guid":{"rendered":"https:\/\/dogpride1.wpengine.com\/product\/d4m-sweatshirt-i-love-my-malinois-2\/"},"modified":"2025-11-03T14:19:23","modified_gmt":"2025-11-03T13:19:23","slug":"dogs4me-hoodie-i-love-my-malinois-2","status":"publish","type":"product","link":"https:\/\/dogpride.nl\/fr\/dogs4me-hoodie-i-love-my-malinois-2\/","title":{"rendered":"DOGS4ME Sweat \u00e0 capuche J&#039;AIME MES MALINOIS"},"content":{"rendered":"<h4>DOGS4ME Sweat \u00e0 capuche J&#039;AIME MES MALINOIS<\/h4>\n<p>DOGS4ME Sweat \u00e0 capuche J&#039;AIME MES MALINOIS<\/p>\n<ul>\n<li>sweatshirt \u00e0 capuche<\/li>\n<li>Unisexe<\/li>\n<li>Capuche int\u00e9gr\u00e9e<\/li>\n<li>285 g\/m\u00b2<\/li>\n<li>coton 85%; Polyester 15%<\/li>\n<li>Couleur noir<\/li>\n<\/ul>\n<p><strong>Tableau des tailles:<\/strong><\/p>\n<p><img loading=\"lazy\" decoding=\"async\" class=\"alignnone wp-image-70370 size-full\" src=\"https:\/\/www.dogpride.nl\/wp-content\/uploads\/Maattabel-Sweatshirt.png\" alt=\"Maattabel\" width=\"615\" height=\"326\" srcset=\"https:\/\/dogpride.nl\/wp-content\/uploads\/Maattabel-Sweatshirt.png 615w, https:\/\/dogpride.nl\/wp-content\/uploads\/Maattabel-Sweatshirt-250x133.png 250w, https:\/\/dogpride.nl\/wp-content\/uploads\/Maattabel-Sweatshirt-400x212.png 400w, https:\/\/dogpride.nl\/wp-content\/uploads\/Maattabel-Sweatshirt-300x159.png 300w, https:\/\/dogpride.nl\/wp-content\/uploads\/Maattabel-Sweatshirt-200x106.png 200w, https:\/\/dogpride.nl\/wp-content\/uploads\/Maattabel-Sweatshirt-600x318.png 600w\" sizes=\"auto, (max-width: 615px) 100vw, 615px\" \/><\/p>\n<p data-start=\"43\" data-end=\"333\">Le <strong data-start=\"46\" data-end=\"85\">DOGS4ME Hoodie \u201cI LOVE MY MALINOIS\u201d<\/strong> is gemaakt voor de echte liefhebber van de Belgische herder Malinois \u2014 een ras dat bekendstaat om zijn energie, loyaliteit en scherpe intelligentie. Deze hoodie laat jouw trots en liefde zien in \u00e9\u00e9n krachtige boodschap: <strong data-start=\"306\" data-end=\"328\">I LOVE MY MALINOIS<\/strong> \u2764\ufe0f<\/p>\n<p data-start=\"335\" data-end=\"711\">Vervaardigd uit een <strong data-start=\"355\" data-end=\"385\">zachte, duurzame katoenmix<\/strong>, biedt deze hoodie ultiem draagcomfort tijdens trainingen, wandelingen of relaxmomenten met je trouwe viervoeter. De warme binnenvoering, praktische capuchon en ruime buidelzak maken hem perfect voor dagelijks gebruik. De opvallende tekstprint straalt passie en verbondenheid uit \u2014 precies wat elke Malinois-eigenaar voelt.<\/p>\n<p data-start=\"713\" data-end=\"944\">Avec le <strong data-start=\"720\" data-end=\"757\">DOGS4ME Sweat \u00e0 capuche J&#039;AIME MES MALINOIS<\/strong> draag je niet alleen een kledingstuk, maar ook je hart. Het is een eerbetoon aan de kracht en trouw van dit bijzondere ras, en een stijlvolle manier om jouw band met je hond te vieren.<\/p>\n<p><a href=\"https:\/\/dogpride.nl\/fr\/kleding\/hoodies\/dogs4me-hoodies\/\"><img loading=\"lazy\" decoding=\"async\" class=\"alignnone\" title=\"DOGS4ME Sweat \u00e0 capuche J&#039;AIME MES MALINOIS\" src=\"https:\/\/dogpride.nl\/wp-content\/uploads\/sweatshirt-i-love-my-malinois-2.jpg\" alt=\"DOGS4ME Hoodie I LOVE MY MALINOIS\" width=\"266\" height=\"316\" \/><\/a><\/p>\n<p><a href=\"https:\/\/d4m.eu\/en\/\" target=\"_blank\" rel=\"noopener\"><img loading=\"lazy\" decoding=\"async\" class=\"alignnone wp-image-139645 size-medium\" src=\"https:\/\/dogpride.nl\/wp-content\/uploads\/Logo-Dogs4me-300x188.jpg\" alt=\"Logo\" width=\"300\" height=\"188\" srcset=\"https:\/\/dogpride.nl\/wp-content\/uploads\/Logo-Dogs4me-300x188.jpg 300w, https:\/\/dogpride.nl\/wp-content\/uploads\/Logo-Dogs4me-1024x640.jpg 1024w, https:\/\/dogpride.nl\/wp-content\/uploads\/Logo-Dogs4me-768x480.jpg 768w, https:\/\/dogpride.nl\/wp-content\/uploads\/Logo-Dogs4me-1536x960.jpg 1536w, https:\/\/dogpride.nl\/wp-content\/uploads\/Logo-Dogs4me-18x12.jpg 18w, https:\/\/dogpride.nl\/wp-content\/uploads\/Logo-Dogs4me-250x156.jpg 250w, https:\/\/dogpride.nl\/wp-content\/uploads\/Logo-Dogs4me-400x250.jpg 400w, https:\/\/dogpride.nl\/wp-content\/uploads\/Logo-Dogs4me.jpg 1680w\" sizes=\"auto, (max-width: 300px) 100vw, 300px\" \/><\/a><\/p>","protected":false},"excerpt":{"rendered":"<p>Sweat \u00e0 capuche DOGS4ME avec l&#039;image I LOVE MY MALINOIS dans le dos. Sweat \u00e0 capuche unisexe avec capuche int\u00e9gr\u00e9e et poche kangourou sur le devant.<\/p>","protected":false},"featured_media":22506,"template":"","meta":[],"product_brand":[],"product_cat":[3890],"product_tag":[],"class_list":{"0":"post-11621","1":"product","2":"type-product","3":"status-publish","4":"has-post-thumbnail","6":"product_cat-dogs4me-hoodies","8":"first","9":"instock","10":"taxable","11":"shipping-taxable","12":"purchasable","13":"product-type-variable"},"mb":[],"mfb_rest_fields":["title"],"_links":{"self":[{"href":"https:\/\/dogpride.nl\/fr\/wp-json\/wp\/v2\/product\/11621","targetHints":{"allow":["GET"]}}],"collection":[{"href":"https:\/\/dogpride.nl\/fr\/wp-json\/wp\/v2\/product"}],"about":[{"href":"https:\/\/dogpride.nl\/fr\/wp-json\/wp\/v2\/types\/product"}],"wp:featuredmedia":[{"embeddable":true,"href":"https:\/\/dogpride.nl\/fr\/wp-json\/wp\/v2\/media\/22506"}],"wp:attachment":[{"href":"https:\/\/dogpride.nl\/fr\/wp-json\/wp\/v2\/media?parent=11621"}],"wp:term":[{"taxonomy":"product_brand","embeddable":true,"href":"https:\/\/dogpride.nl\/fr\/wp-json\/wp\/v2\/product_brand?post=11621"},{"taxonomy":"product_cat","embeddable":true,"href":"https:\/\/dogpride.nl\/fr\/wp-json\/wp\/v2\/product_cat?post=11621"},{"taxonomy":"product_tag","embeddable":true,"href":"https:\/\/dogpride.nl\/fr\/wp-json\/wp\/v2\/product_tag?post=11621"}],"curies":[{"name":"wp","href":"https:\/\/api.w.org\/{rel}","templated":true}]}}