{"id":11619,"date":"2021-01-25T10:28:06","date_gmt":"2021-01-25T09:28:06","guid":{"rendered":"https:\/\/dogpride1.wpengine.com\/product\/d4m-sweatshirt-malinois-2\/"},"modified":"2025-11-03T14:36:54","modified_gmt":"2025-11-03T13:36:54","slug":"dogs4me-hoodie-malinois-2","status":"publish","type":"product","link":"https:\/\/dogpride.nl\/fr\/dogs4me-hoodie-malinois-2\/","title":{"rendered":"DOGS4ME Sweat MALINOIS"},"content":{"rendered":"<h4>DOGS4ME Sweat MALINOIS<\/h4>\n<p>DOGS4ME Sweat MALINOIS<\/p>\n<ul>\n<li>sweatshirt \u00e0 capuche<\/li>\n<li>Unisexe<\/li>\n<li>Capuche int\u00e9gr\u00e9e<\/li>\n<li>285 g\/m\u00b2<\/li>\n<li>coton 85%; Polyester 15%<\/li>\n<li>Kleur Rood en Blauw<\/li>\n<\/ul>\n<p><img loading=\"lazy\" decoding=\"async\" class=\"alignnone wp-image-70370 size-full\" src=\"https:\/\/www.dogpride.nl\/wp-content\/uploads\/Maattabel-Sweatshirt.png\" alt=\"Maattabel\" width=\"615\" height=\"326\" srcset=\"https:\/\/dogpride.nl\/wp-content\/uploads\/Maattabel-Sweatshirt.png 615w, https:\/\/dogpride.nl\/wp-content\/uploads\/Maattabel-Sweatshirt-250x133.png 250w, https:\/\/dogpride.nl\/wp-content\/uploads\/Maattabel-Sweatshirt-400x212.png 400w, https:\/\/dogpride.nl\/wp-content\/uploads\/Maattabel-Sweatshirt-300x159.png 300w, https:\/\/dogpride.nl\/wp-content\/uploads\/Maattabel-Sweatshirt-200x106.png 200w, https:\/\/dogpride.nl\/wp-content\/uploads\/Maattabel-Sweatshirt-600x318.png 600w\" sizes=\"auto, (max-width: 615px) 100vw, 615px\" \/><\/p>\n<p data-start=\"33\" data-end=\"362\">Le <strong data-start=\"36\" data-end=\"65\">DOGS4ME Hoodie \u201cMALINOIS\u201d<\/strong> is gemaakt voor de echte liefhebber van de Belgische herder Malinois \u2014 een ras dat symbool staat voor kracht, snelheid en onge\u00ebvenaarde toewijding. Of je nu actief bent in de hondensport, werkt met diensthonden of gewoon trots bent op jouw Malinois, deze hoodie laat zien waar jouw passie ligt.<\/p>\n<p data-start=\"364\" data-end=\"727\">De hoodie is vervaardigd uit een comfortabele, duurzame katoenmix die bestand is tegen dagelijks gebruik en outdooractiviteiten. De zachte binnenkant houdt je warm tijdens trainingen in de vroege ochtend of wandelingen op frisse dagen. Met zijn praktische capuchon, ruime zakken en stoere pasvorm is het een perfecte combinatie van <strong data-start=\"696\" data-end=\"724\">functionaliteit en stijl<\/strong>.<\/p>\n<p data-start=\"729\" data-end=\"944\">De krachtige <strong data-start=\"742\" data-end=\"756\">\u201cMALINOIS\u201d<\/strong>-opdruk op de borst benadrukt trots en respect voor dit ongelooflijke ras. Elk detail van de hoodie straalt uit wat de Malinois zelf belichaamt: <strong data-start=\"901\" data-end=\"941\">energie, intelligentie en loyaliteit<\/strong>.<\/p>\n<p data-start=\"946\" data-end=\"1094\">Avec le <strong data-start=\"953\" data-end=\"980\">DOGS4ME Sweat MALINOIS<\/strong> draag je niet alleen een trui \u2013 je draagt een eerbetoon aan jouw viervoeter en de unieke band die jullie delen.<\/p>\n<p data-start=\"742\" data-end=\"1016\"><a href=\"https:\/\/dogpride.nl\/fr\/kleding\/hoodies\/dogs4me-hoodies\/\"><img loading=\"lazy\" decoding=\"async\" class=\"alignnone\" title=\"DOGS4ME Sweat MALINOIS\" src=\"https:\/\/dogpride.nl\/wp-content\/uploads\/SWEATSHIRT-MALINOIS2-2-150x150.jpg\" alt=\"DOGS4ME Hoodie MALINOIS\" width=\"150\" height=\"150\" \/><\/a><\/p>\n<p><a href=\"https:\/\/d4m.eu\/en\/\" target=\"_blank\" rel=\"noopener\"><img loading=\"lazy\" decoding=\"async\" class=\"alignnone wp-image-139645 size-medium\" src=\"https:\/\/dogpride.nl\/wp-content\/uploads\/Logo-Dogs4me-300x188.jpg\" alt=\"Logo\" width=\"300\" height=\"188\" srcset=\"https:\/\/dogpride.nl\/wp-content\/uploads\/Logo-Dogs4me-300x188.jpg 300w, https:\/\/dogpride.nl\/wp-content\/uploads\/Logo-Dogs4me-1024x640.jpg 1024w, https:\/\/dogpride.nl\/wp-content\/uploads\/Logo-Dogs4me-768x480.jpg 768w, https:\/\/dogpride.nl\/wp-content\/uploads\/Logo-Dogs4me-1536x960.jpg 1536w, https:\/\/dogpride.nl\/wp-content\/uploads\/Logo-Dogs4me-18x12.jpg 18w, https:\/\/dogpride.nl\/wp-content\/uploads\/Logo-Dogs4me-250x156.jpg 250w, https:\/\/dogpride.nl\/wp-content\/uploads\/Logo-Dogs4me-400x250.jpg 400w, https:\/\/dogpride.nl\/wp-content\/uploads\/Logo-Dogs4me.jpg 1680w\" sizes=\"auto, (max-width: 300px) 100vw, 300px\" \/><\/a><\/p>\n<p>&nbsp;<\/p>","protected":false},"excerpt":{"rendered":"<p>DOGS4ME Sweat \u00e0 capuche avec l&#039;image MALINOIS. Sweat \u00e0 capuche unisexe avec capuche int\u00e9gr\u00e9e et poche kangourou sur le devant. Disponible en rouge et bleu.<\/p>","protected":false},"featured_media":44762,"template":"","meta":[],"product_brand":[],"product_cat":[3890],"product_tag":[],"class_list":{"0":"post-11619","1":"product","2":"type-product","3":"status-publish","4":"has-post-thumbnail","6":"product_cat-dogs4me-hoodies","8":"first","9":"instock","10":"taxable","11":"shipping-taxable","12":"purchasable","13":"product-type-variable"},"mb":[],"mfb_rest_fields":["title"],"_links":{"self":[{"href":"https:\/\/dogpride.nl\/fr\/wp-json\/wp\/v2\/product\/11619","targetHints":{"allow":["GET"]}}],"collection":[{"href":"https:\/\/dogpride.nl\/fr\/wp-json\/wp\/v2\/product"}],"about":[{"href":"https:\/\/dogpride.nl\/fr\/wp-json\/wp\/v2\/types\/product"}],"wp:featuredmedia":[{"embeddable":true,"href":"https:\/\/dogpride.nl\/fr\/wp-json\/wp\/v2\/media\/44762"}],"wp:attachment":[{"href":"https:\/\/dogpride.nl\/fr\/wp-json\/wp\/v2\/media?parent=11619"}],"wp:term":[{"taxonomy":"product_brand","embeddable":true,"href":"https:\/\/dogpride.nl\/fr\/wp-json\/wp\/v2\/product_brand?post=11619"},{"taxonomy":"product_cat","embeddable":true,"href":"https:\/\/dogpride.nl\/fr\/wp-json\/wp\/v2\/product_cat?post=11619"},{"taxonomy":"product_tag","embeddable":true,"href":"https:\/\/dogpride.nl\/fr\/wp-json\/wp\/v2\/product_tag?post=11619"}],"curies":[{"name":"wp","href":"https:\/\/api.w.org\/{rel}","templated":true}]}}