{"id":11617,"date":"2021-01-25T10:05:46","date_gmt":"2021-01-25T09:05:46","guid":{"rendered":"https:\/\/dogpride1.wpengine.com\/product\/d4m-sweatshirt-schnauzer-2\/"},"modified":"2025-11-03T14:39:20","modified_gmt":"2025-11-03T13:39:20","slug":"dogs4me-hoodie-schnauzer-2","status":"publish","type":"product","link":"https:\/\/dogpride.nl\/fr\/dogs4me-hoodie-schnauzer-2\/","title":{"rendered":"DOGS4ME Sweat \u00e0 capuche SCHNAUZER"},"content":{"rendered":"<h4>DOGS4ME Sweat \u00e0 capuche SCHNAUZER<\/h4>\n<p>DOGS4ME Sweat \u00e0 capuche SCHNAUZER<\/p>\n<ul>\n<li>sweatshirt \u00e0 capuche<\/li>\n<li>Unisexe<\/li>\n<li>Capuche int\u00e9gr\u00e9e<\/li>\n<li>285 g\/m\u00b2<\/li>\n<li>coton 85%; Polyester 15%<\/li>\n<li>Kleur Rood en blauw<\/li>\n<\/ul>\n<p><img loading=\"lazy\" decoding=\"async\" class=\"alignnone wp-image-70370 size-full\" src=\"https:\/\/www.dogpride.nl\/wp-content\/uploads\/Maattabel-Sweatshirt.png\" alt=\"Maattabel\" width=\"615\" height=\"326\" srcset=\"https:\/\/dogpride.nl\/wp-content\/uploads\/Maattabel-Sweatshirt.png 615w, https:\/\/dogpride.nl\/wp-content\/uploads\/Maattabel-Sweatshirt-250x133.png 250w, https:\/\/dogpride.nl\/wp-content\/uploads\/Maattabel-Sweatshirt-400x212.png 400w, https:\/\/dogpride.nl\/wp-content\/uploads\/Maattabel-Sweatshirt-300x159.png 300w, https:\/\/dogpride.nl\/wp-content\/uploads\/Maattabel-Sweatshirt-200x106.png 200w, https:\/\/dogpride.nl\/wp-content\/uploads\/Maattabel-Sweatshirt-600x318.png 600w\" sizes=\"auto, (max-width: 615px) 100vw, 615px\" \/><\/p>\n<p data-start=\"34\" data-end=\"304\">Le <strong data-start=\"37\" data-end=\"67\">DOGS4ME Hoodie \u201cSCHNAUZER\u201d<\/strong> is speciaal ontworpen voor de trotse liefhebber van dit unieke, karaktervolle ras. De Schnauzer \u2014 alert, eigenzinnig en ongelooflijk loyaal \u2014 verdient een plek in het middelpunt van de aandacht, en dat is precies wat deze hoodie doet.<\/p>\n<p data-start=\"306\" data-end=\"716\">Gemaakt van een zachte maar stevige katoenmix, biedt de hoodie het perfecte evenwicht tussen comfort en duurzaamheid. Ideaal voor wandelingen in elk seizoen, trainingsdagen of gewoon een relaxmoment samen met je Schnauzer. De warme binnenvoering, praktische capuchon en ruime zakken zorgen voor extra draaggemak. De opvallende <strong data-start=\"633\" data-end=\"648\">\u201cSCHNAUZER\u201d<\/strong>-print op de borst laat in \u00e9\u00e9n oogopslag zien waar jouw hart ligt.<\/p>\n<p data-start=\"718\" data-end=\"1014\">Avec le <strong data-start=\"725\" data-end=\"753\">DOGS4ME Sweat \u00e0 capuche SCHNAUZER<\/strong> draag je niet zomaar kleding \u2014 je draagt trots. Trots op een ras dat bekendstaat om zijn intelligentie, levendige karakter en trouwe aard. Deze hoodie is een stijlvolle manier om die bijzondere band tussen jou en je Schnauzer te laten zien, elke dag opnieuw.<\/p>\n<p data-start=\"742\" data-end=\"1016\"><a href=\"https:\/\/dogpride.nl\/fr\/kleding\/hoodies\/dogs4me-hoodies\/\"><img loading=\"lazy\" decoding=\"async\" class=\"alignnone\" title=\"DOGS4ME Sweat \u00e0 capuche SCHNAUZER\" src=\"https:\/\/dogpride.nl\/wp-content\/uploads\/Sweatshirt-Schnauzer2-2-150x150.jpg\" alt=\"DOGS4ME Hoodie SCHNAUZER\" width=\"150\" height=\"150\" \/><\/a><\/p>\n<p><a href=\"https:\/\/d4m.eu\/en\/\" target=\"_blank\" rel=\"noopener\"><img loading=\"lazy\" decoding=\"async\" class=\"alignnone wp-image-139645 size-medium\" src=\"https:\/\/dogpride.nl\/wp-content\/uploads\/Logo-Dogs4me-300x188.jpg\" alt=\"Logo\" width=\"300\" height=\"188\" srcset=\"https:\/\/dogpride.nl\/wp-content\/uploads\/Logo-Dogs4me-300x188.jpg 300w, https:\/\/dogpride.nl\/wp-content\/uploads\/Logo-Dogs4me-1024x640.jpg 1024w, https:\/\/dogpride.nl\/wp-content\/uploads\/Logo-Dogs4me-768x480.jpg 768w, https:\/\/dogpride.nl\/wp-content\/uploads\/Logo-Dogs4me-1536x960.jpg 1536w, https:\/\/dogpride.nl\/wp-content\/uploads\/Logo-Dogs4me-18x12.jpg 18w, https:\/\/dogpride.nl\/wp-content\/uploads\/Logo-Dogs4me-250x156.jpg 250w, https:\/\/dogpride.nl\/wp-content\/uploads\/Logo-Dogs4me-400x250.jpg 400w, https:\/\/dogpride.nl\/wp-content\/uploads\/Logo-Dogs4me.jpg 1680w\" sizes=\"auto, (max-width: 300px) 100vw, 300px\" \/><\/a><\/p>\n<p>&nbsp;<\/p>","protected":false},"excerpt":{"rendered":"<p>Sweat \u00e0 capuche DOGS4ME avec l&#039;image SCHNAUZER. Sweat \u00e0 capuche unisexe avec capuche int\u00e9gr\u00e9e et poche kangourou sur le devant. Disponible en rouge et bleu.<\/p>","protected":false},"featured_media":44759,"template":"","meta":[],"product_brand":[],"product_cat":[3890],"product_tag":[],"class_list":{"0":"post-11617","1":"product","2":"type-product","3":"status-publish","4":"has-post-thumbnail","6":"product_cat-dogs4me-hoodies","8":"first","9":"instock","10":"taxable","11":"shipping-taxable","12":"purchasable","13":"product-type-variable"},"mb":[],"mfb_rest_fields":["title"],"_links":{"self":[{"href":"https:\/\/dogpride.nl\/fr\/wp-json\/wp\/v2\/product\/11617","targetHints":{"allow":["GET"]}}],"collection":[{"href":"https:\/\/dogpride.nl\/fr\/wp-json\/wp\/v2\/product"}],"about":[{"href":"https:\/\/dogpride.nl\/fr\/wp-json\/wp\/v2\/types\/product"}],"wp:featuredmedia":[{"embeddable":true,"href":"https:\/\/dogpride.nl\/fr\/wp-json\/wp\/v2\/media\/44759"}],"wp:attachment":[{"href":"https:\/\/dogpride.nl\/fr\/wp-json\/wp\/v2\/media?parent=11617"}],"wp:term":[{"taxonomy":"product_brand","embeddable":true,"href":"https:\/\/dogpride.nl\/fr\/wp-json\/wp\/v2\/product_brand?post=11617"},{"taxonomy":"product_cat","embeddable":true,"href":"https:\/\/dogpride.nl\/fr\/wp-json\/wp\/v2\/product_cat?post=11617"},{"taxonomy":"product_tag","embeddable":true,"href":"https:\/\/dogpride.nl\/fr\/wp-json\/wp\/v2\/product_tag?post=11617"}],"curies":[{"name":"wp","href":"https:\/\/api.w.org\/{rel}","templated":true}]}}