{"id":11615,"date":"2021-01-25T09:42:33","date_gmt":"2021-01-25T08:42:33","guid":{"rendered":"https:\/\/dogpride1.wpengine.com\/product\/d4m-kangaroo-dogsport-trainingjacket\/"},"modified":"2025-11-02T13:09:57","modified_gmt":"2025-11-02T12:09:57","slug":"dogs4me-kangaroo-dogsport-trainingjacket","status":"publish","type":"product","link":"https:\/\/dogpride.nl\/fr\/dogs4me-kangaroo-dogsport-trainingjacket\/","title":{"rendered":"DOGS4ME Veste d&#039;entra\u00eenement Kangourou Dogsport"},"content":{"rendered":"<h4>DOGS4ME Veste d&#039;entra\u00eenement Kangourou Dogsport<\/h4>\n<p>DOGS4ME Veste d&#039;entra\u00eenement Kangourou Dogsport<\/p>\n<ul>\n<li>Veste unisexe \u00e0 enfiler avec grande poche kangourou sur le devant.<br \/>\nFermeture \u00e9clair YKK<br \/>\nPartiellement imperm\u00e9able, mat\u00e9riau sup\u00e9rieur (100% PES) recouvert de caoutchouc sur la face inf\u00e9rieure<br \/>\nLe dos de la veste est l\u00e9g\u00e8rement rallong\u00e9 pour une meilleure protection du dos<br \/>\nLa veste a une doublure<br \/>\nPoche poitrine avec rabat et fermeture \u00e9clair YKK<br \/>\n1 poche arri\u00e8re spacieuse + une grande poche avant pour les aides \u00e0 l&#039;entra\u00eenement. Les poches arri\u00e8re peuvent \u00eatre cousues en 2 grandes poches.<br \/>\nLa veste a une capuche qui fait partie du col - adapt\u00e9e aux intemp\u00e9ries. Ce capot peut \u00eatre ferm\u00e9.<br \/>\nPoignets r\u00e9glables sur les manches avec fermeture velcro<br \/>\nTaille ajustable<br \/>\nIl y a un cordon de serrage en bas pour \u00e9viter le sous-gonflement par mauvais temps<\/li>\n<\/ul>\n<p>Disponible dans les couleurs : Noir\/Bleu, Noir\/Vert et Noir\/Orange<\/p>\n<p><strong>Tableau des tailles:<\/strong><\/p>\n<p><img loading=\"lazy\" decoding=\"async\" class=\"alignnone wp-image-69610 size-full\" src=\"https:\/\/www.dogpride.nl\/wp-content\/uploads\/Maattabel-Kangaroo.png\" alt=\"\" width=\"610\" height=\"322\" srcset=\"https:\/\/dogpride.nl\/wp-content\/uploads\/Maattabel-Kangaroo.png 610w, https:\/\/dogpride.nl\/wp-content\/uploads\/Maattabel-Kangaroo-250x132.png 250w, https:\/\/dogpride.nl\/wp-content\/uploads\/Maattabel-Kangaroo-400x211.png 400w, https:\/\/dogpride.nl\/wp-content\/uploads\/Maattabel-Kangaroo-300x158.png 300w, https:\/\/dogpride.nl\/wp-content\/uploads\/Maattabel-Kangaroo-200x106.png 200w, https:\/\/dogpride.nl\/wp-content\/uploads\/Maattabel-Kangaroo-600x317.png 600w\" sizes=\"auto, (max-width: 610px) 100vw, 610px\" \/><\/p>\n<p><a href=\"https:\/\/dogpride.nl\/fr\/kleding\/jassen\/dogs4me-jassen\/\"><img loading=\"lazy\" decoding=\"async\" class=\"alignnone\" title=\"DOGS4ME Veste d&#039;entra\u00eenement Kangourou Dogsport\" src=\"https:\/\/dogpride.nl\/wp-content\/uploads\/kangaroo-dogsport-training-jacket-1-1-150x150.jpg\" alt=\"DOGS4ME Kangaroo Dogsport Trainingjacket\" width=\"150\" height=\"150\" \/><\/a><\/p>\n<p><a href=\"https:\/\/d4m.eu\/en\/\" target=\"_blank\" rel=\"noopener\"><img loading=\"lazy\" decoding=\"async\" class=\"alignnone wp-image-139645 size-thumbnail\" src=\"https:\/\/dogpride.nl\/wp-content\/uploads\/Logo-Dogs4me-150x150.jpg\" alt=\"Logo\" width=\"150\" height=\"150\" srcset=\"https:\/\/dogpride.nl\/wp-content\/uploads\/Logo-Dogs4me-150x150.jpg 150w, https:\/\/dogpride.nl\/wp-content\/uploads\/Logo-Dogs4me-100x100.jpg 100w\" sizes=\"auto, (max-width: 150px) 100vw, 150px\" \/><\/a><\/p>\n<p>&nbsp;<\/p>","protected":false},"excerpt":{"rendered":"<p>Veste unisexe \u00e0 enfiler avec grande poche kangourou sur le devant. La veste a une capuche qui fait partie du col - adapt\u00e9e aux intemp\u00e9ries. Ce capot peut \u00eatre ferm\u00e9.<\/p>","protected":false},"featured_media":44753,"template":"","meta":[],"product_brand":[],"product_cat":[3859],"product_tag":[],"class_list":{"0":"post-11615","1":"product","2":"type-product","3":"status-publish","4":"has-post-thumbnail","6":"product_cat-dogs4me-jassen","8":"first","9":"instock","10":"taxable","11":"shipping-taxable","12":"purchasable","13":"product-type-variable"},"mb":[],"mfb_rest_fields":["title"],"_links":{"self":[{"href":"https:\/\/dogpride.nl\/fr\/wp-json\/wp\/v2\/product\/11615","targetHints":{"allow":["GET"]}}],"collection":[{"href":"https:\/\/dogpride.nl\/fr\/wp-json\/wp\/v2\/product"}],"about":[{"href":"https:\/\/dogpride.nl\/fr\/wp-json\/wp\/v2\/types\/product"}],"wp:featuredmedia":[{"embeddable":true,"href":"https:\/\/dogpride.nl\/fr\/wp-json\/wp\/v2\/media\/44753"}],"wp:attachment":[{"href":"https:\/\/dogpride.nl\/fr\/wp-json\/wp\/v2\/media?parent=11615"}],"wp:term":[{"taxonomy":"product_brand","embeddable":true,"href":"https:\/\/dogpride.nl\/fr\/wp-json\/wp\/v2\/product_brand?post=11615"},{"taxonomy":"product_cat","embeddable":true,"href":"https:\/\/dogpride.nl\/fr\/wp-json\/wp\/v2\/product_cat?post=11615"},{"taxonomy":"product_tag","embeddable":true,"href":"https:\/\/dogpride.nl\/fr\/wp-json\/wp\/v2\/product_tag?post=11615"}],"curies":[{"name":"wp","href":"https:\/\/api.w.org\/{rel}","templated":true}]}}