{"id":11609,"date":"2021-01-08T18:23:30","date_gmt":"2021-01-08T17:23:30","guid":{"rendered":"https:\/\/dogpride1.wpengine.com\/product\/pride-lederen-pinhalsband-met-handvat\/"},"modified":"2026-03-19T11:39:54","modified_gmt":"2026-03-19T10:39:54","slug":"pride-lederen-pinhalsband-met-handvat","status":"publish","type":"product","link":"https:\/\/dogpride.nl\/fr\/pride-lederen-pinhalsband-met-handvat\/","title":{"rendered":"Collier \u00e9pingle en cuir PRIDE avec poign\u00e9e"},"content":{"rendered":"<h4>Collier \u00e9pingle en cuir PRIDE avec poign\u00e9e<\/h4>\n<p>Ce collier en cuir avec poign\u00e9e de Pride a deux anneaux auxquels le mousqueton peut \u00eatre attach\u00e9.<\/p>\n<p><a href=\"https:\/\/dogpride.nl\/fr\/pride-lederen-pinhalsband-met-handvat\/\"><img loading=\"lazy\" decoding=\"async\" class=\"alignnone wp-image-136924 size-thumbnail\" title=\"Collier \u00e9pingle en cuir PRIDE avec poign\u00e9e\" src=\"https:\/\/dogpride.nl\/wp-content\/uploads\/PRIDE-lederen-pinhalsband-met-handvat-150x150.jpg\" alt=\"PRIDE lederen pinhalsband met handvat\" width=\"150\" height=\"150\" srcset=\"https:\/\/dogpride.nl\/wp-content\/uploads\/PRIDE-lederen-pinhalsband-met-handvat-150x150.jpg 150w, https:\/\/dogpride.nl\/wp-content\/uploads\/PRIDE-lederen-pinhalsband-met-handvat-100x100.jpg 100w\" sizes=\"auto, (max-width: 150px) 100vw, 150px\" \/><\/a><\/p>\n<p>L&#039;int\u00e9rieur a un col \u00e9pingle.<\/p>\n<p>Le col est r\u00e9glable de 45 \u00e0 55 cm<\/p>\n<p><a href=\"https:\/\/www.dogpride.eu\/\" target=\"_blank\" rel=\"noopener\"><img loading=\"lazy\" decoding=\"async\" class=\"alignnone wp-image-70657 size-medium\" src=\"https:\/\/dogpride.nl\/wp-content\/uploads\/Logo-Pride2-1-300x96.png\" alt=\"\" width=\"300\" height=\"96\" srcset=\"https:\/\/dogpride.nl\/wp-content\/uploads\/Logo-Pride2-1-300x96.png 300w, https:\/\/dogpride.nl\/wp-content\/uploads\/Logo-Pride2-1-250x80.png 250w, https:\/\/dogpride.nl\/wp-content\/uploads\/Logo-Pride2-1-200x64.png 200w, https:\/\/dogpride.nl\/wp-content\/uploads\/Logo-Pride2-1.png 327w\" sizes=\"auto, (max-width: 300px) 100vw, 300px\" \/><\/a><\/p>\n<p><a href=\"https:\/\/nl.wikipedia.org\/wiki\/Hoofdpagina\" target=\"_blank\" rel=\"noopener\"><img loading=\"lazy\" decoding=\"async\" class=\"alignnone wp-image-136924 size-thumbnail\" title=\"Collier \u00e9pingle en cuir PRIDE avec poign\u00e9e\" src=\"https:\/\/dogpride.nl\/wp-content\/uploads\/PRIDE-lederen-pinhalsband-met-handvat-150x150.jpg\" alt=\"PRIDE lederen pinhalsband met handvat\" width=\"150\" height=\"150\" srcset=\"https:\/\/dogpride.nl\/wp-content\/uploads\/PRIDE-lederen-pinhalsband-met-handvat-150x150.jpg 150w, https:\/\/dogpride.nl\/wp-content\/uploads\/PRIDE-lederen-pinhalsband-met-handvat-100x100.jpg 100w\" sizes=\"auto, (max-width: 150px) 100vw, 150px\" \/><\/a><\/p>\n<p>&nbsp;<\/p>","protected":false},"excerpt":{"rendered":"<p>PRIDE lederen halsband met handvat. Deze lederen halsband met handvat heeft twee ringen waaraan de karabijnhaak bevestigd kan worden.<\/p>","protected":false},"featured_media":44740,"template":"","meta":[],"product_brand":[],"product_cat":[90],"product_tag":[8486,8254,4867,6349,3332,4981,10823,7558,4865,10759,10780,10824,4866,10825,3157,7444,3389],"class_list":{"0":"post-11609","1":"product","2":"type-product","3":"status-publish","4":"has-post-thumbnail","6":"product_cat-pride-hondenhalsbanden","7":"product_tag-comfortabel","8":"product_tag-duurzaam","9":"product_tag-handvat","10":"product_tag-hondenhalsband","11":"product_tag-hondensport","12":"product_tag-leder","13":"product_tag-luxe-accessoire","14":"product_tag-pinhalsband","15":"product_tag-pride","16":"product_tag-pride-collectie","17":"product_tag-pride-halsband","18":"product_tag-robuust","19":"product_tag-sterke-halsband","20":"product_tag-stijlvol","21":"product_tag-training","22":"product_tag-verstelbaar","23":"product_tag-werkhond","25":"first","26":"instock","27":"taxable","28":"shipping-taxable","29":"purchasable","30":"product-type-simple"},"mb":[],"mfb_rest_fields":["title"],"_links":{"self":[{"href":"https:\/\/dogpride.nl\/fr\/wp-json\/wp\/v2\/product\/11609","targetHints":{"allow":["GET"]}}],"collection":[{"href":"https:\/\/dogpride.nl\/fr\/wp-json\/wp\/v2\/product"}],"about":[{"href":"https:\/\/dogpride.nl\/fr\/wp-json\/wp\/v2\/types\/product"}],"wp:featuredmedia":[{"embeddable":true,"href":"https:\/\/dogpride.nl\/fr\/wp-json\/wp\/v2\/media\/44740"}],"wp:attachment":[{"href":"https:\/\/dogpride.nl\/fr\/wp-json\/wp\/v2\/media?parent=11609"}],"wp:term":[{"taxonomy":"product_brand","embeddable":true,"href":"https:\/\/dogpride.nl\/fr\/wp-json\/wp\/v2\/product_brand?post=11609"},{"taxonomy":"product_cat","embeddable":true,"href":"https:\/\/dogpride.nl\/fr\/wp-json\/wp\/v2\/product_cat?post=11609"},{"taxonomy":"product_tag","embeddable":true,"href":"https:\/\/dogpride.nl\/fr\/wp-json\/wp\/v2\/product_tag?post=11609"}],"curies":[{"name":"wp","href":"https:\/\/api.w.org\/{rel}","templated":true}]}}