{"id":11588,"date":"2021-01-04T10:31:00","date_gmt":"2021-01-04T09:31:00","guid":{"rendered":"https:\/\/dogpride1.wpengine.com\/product\/pride-trainingsskirt-black-olive\/"},"modified":"2025-11-16T12:16:28","modified_gmt":"2025-11-16T11:16:28","slug":"pride-trainingsskirt-black-olive","status":"publish","type":"product","link":"https:\/\/dogpride.nl\/fr\/pride-trainingsskirt-black-olive\/","title":{"rendered":"PRIDE Trainingsskirt Black Olive"},"content":{"rendered":"<h4>PRIDE Trainingsskirt Black Olive<\/h4>\n<p>PRIDE Trainingsskirt Black Olive<\/p>\n<p>Deze trainingsskirt is gemaakt van hoogwaardig waterafstotend polyester.<\/p>\n<p>Design tr\u00e8s moderne, tendance et fonctionnel.<\/p>\n<p>Tablier \/ jupe d&#039;entra\u00eenement pratique pour une utilisation polyvalente : en marchant, pendant l&#039;entra\u00eenement, avec des r\u00e9compenses.<\/p>\n<p>Je kunt de PRIDE Trainingsskirt Black Olive over je broek of jas dragen.<\/p>\n<p>Cette jupe d&#039;entra\u00eenement a 1 grande poche cargo \u00e0 l&#039;arri\u00e8re, ainsi que 2 grandes et 2 poches moyennes \u00e0 l&#039;avant de la jupe.<\/p>\n<p>Het beloningszakje wordt met klittenband aan de trainingsskirt bevestigd<\/p>\n<p>De PRIDE Trainingsskirt Black Olive is verkrijgbaar in 3 maten:<\/p>\n<p>XS\/S \u2013 70cm<br \/>\nM\/L \u2013 85cm<br \/>\nXL\/XXL \u2013 114cm<\/p>\n<p><strong>Plus besoin de laver toute votre veste ou votre pantalon. Mettez simplement la jupe d&#039;entra\u00eenement et apr\u00e8s utilisation, vous pouvez facilement la laver.<\/strong><\/p>\n<p><a href=\"https:\/\/dogpride.nl\/fr\/kleding\/trainingsvesten\/pride-trainingsvesten\/\"><img loading=\"lazy\" decoding=\"async\" class=\"alignnone\" title=\"Jupe d&#039;entra\u00eenement PRIDE Noir\/Olive\" src=\"https:\/\/dogpride.nl\/wp-content\/uploads\/training-skirt.jpg\" alt=\"PRIDE Trainingsskirt Black\/Olive\" width=\"300\" height=\"257\" \/><\/a><\/p>\n<p><a href=\"https:\/\/www.dogpride.eu\/\" target=\"_blank\" rel=\"noopener\"><img loading=\"lazy\" decoding=\"async\" class=\"alignnone wp-image-142932 size-full\" src=\"https:\/\/dogpride.nl\/wp-content\/uploads\/Logo-Pride2-2-4.png\" alt=\"\" width=\"327\" height=\"105\" srcset=\"https:\/\/dogpride.nl\/wp-content\/uploads\/Logo-Pride2-2-4.png 327w, https:\/\/dogpride.nl\/wp-content\/uploads\/Logo-Pride2-2-4-300x96.png 300w, https:\/\/dogpride.nl\/wp-content\/uploads\/Logo-Pride2-2-4-18x6.png 18w, https:\/\/dogpride.nl\/wp-content\/uploads\/Logo-Pride2-2-4-250x80.png 250w\" sizes=\"auto, (max-width: 327px) 100vw, 327px\" \/><\/a><\/p>","protected":false},"excerpt":{"rendered":"<p>Tablier \/ jupe d&#039;entra\u00eenement pratique pour une utilisation polyvalente : en marchant, pendant l&#039;entra\u00eenement, avec des r\u00e9compenses. Cette jupe d&#039;entra\u00eenement a 1 grande poche cargo \u00e0 l&#039;arri\u00e8re, ainsi que 2 grandes et 2 poches moyennes \u00e0 l&#039;avant de la jupe.<\/p>","protected":false},"featured_media":44708,"template":"","meta":[],"product_brand":[],"product_cat":[3874],"product_tag":[],"class_list":{"0":"post-11588","1":"product","2":"type-product","3":"status-publish","4":"has-post-thumbnail","6":"product_cat-pride-trainingsvesten","8":"first","9":"instock","10":"taxable","11":"shipping-taxable","12":"purchasable","13":"product-type-variable"},"mb":[],"mfb_rest_fields":["title"],"_links":{"self":[{"href":"https:\/\/dogpride.nl\/fr\/wp-json\/wp\/v2\/product\/11588","targetHints":{"allow":["GET"]}}],"collection":[{"href":"https:\/\/dogpride.nl\/fr\/wp-json\/wp\/v2\/product"}],"about":[{"href":"https:\/\/dogpride.nl\/fr\/wp-json\/wp\/v2\/types\/product"}],"wp:featuredmedia":[{"embeddable":true,"href":"https:\/\/dogpride.nl\/fr\/wp-json\/wp\/v2\/media\/44708"}],"wp:attachment":[{"href":"https:\/\/dogpride.nl\/fr\/wp-json\/wp\/v2\/media?parent=11588"}],"wp:term":[{"taxonomy":"product_brand","embeddable":true,"href":"https:\/\/dogpride.nl\/fr\/wp-json\/wp\/v2\/product_brand?post=11588"},{"taxonomy":"product_cat","embeddable":true,"href":"https:\/\/dogpride.nl\/fr\/wp-json\/wp\/v2\/product_cat?post=11588"},{"taxonomy":"product_tag","embeddable":true,"href":"https:\/\/dogpride.nl\/fr\/wp-json\/wp\/v2\/product_tag?post=11588"}],"curies":[{"name":"wp","href":"https:\/\/api.w.org\/{rel}","templated":true}]}}