{"id":11580,"date":"2020-12-30T11:52:24","date_gmt":"2020-12-30T10:52:24","guid":{"rendered":"https:\/\/dogpride1.wpengine.com\/product\/happy-pet-extreme-tugger-touwbal-2\/"},"modified":"2026-03-19T11:47:26","modified_gmt":"2026-03-19T10:47:26","slug":"happy-pet-extreme-tugger-touwbal-2","status":"publish","type":"product","link":"https:\/\/dogpride.nl\/fr\/happy-pet-extreme-tugger-touwbal-2\/","title":{"rendered":"Happy pet Extreme Tugger Rope Ball"},"content":{"rendered":"<h4>Happy pet Extreme Tugger Rope Ball<\/h4>\n<p>Happy pet Extreme Tugger Rope Ball<\/p>\n<p><a href=\"https:\/\/dogpride.nl\/fr\/speelgoed\/flostouw\/\"><img loading=\"lazy\" decoding=\"async\" class=\"alignnone\" title=\"Happy pet Extreme Tugger Rope Ball\" src=\"https:\/\/dogpride.nl\/wp-content\/uploads\/Nuts-for-Knots-Extreme-Tugger-Touwbal2-150x150.jpg\" alt=\"Happy pet Extreme Tugger Touwbal\" width=\"150\" height=\"150\" \/><\/a><\/p>\n<div>Cette balle est destin\u00e9e aux gros m\u00e2cheurs parmi nous. Pour ces m\u00e2cheurs, c&#039;est le jouet des jouets. Votre chien n&#039;a jamais \u00e9t\u00e9 capable de m\u00e2cher une balle depuis si longtemps ! Offrez cette balle \u00e0 votre chien et \u00e9vitez les comportements ind\u00e9sirables dus \u00e0 l&#039;ennui.<\/div>\n<div><\/div>\n<div>Gr\u00e2ce \u00e0 la boucle attach\u00e9e au ballon, vous et votre chien pouvez facilement ramasser le ballon et l&#039;emporter avec vous ou jouer avec. Renforcez le lien entre vous et votre chien en jouant ensemble.Ce tireur est id\u00e9al pour jouer \u00e0 des jeux de pouss\u00e9e et de traction. Vous pouvez \u00e9galement jouer \u00e0 des jeux de rapporter, votre chien aimera tellement son tireur qu&#039;il adorera le chercher pour vous.<\/div>\n<ul>\n<li>Het touw van deze Happy pet Extreme Tugger Touwbal\u00a0is goed voor de tanden en het tandvlees van jouw hond. Kauwen reinigt de bek en zorgt voor een goede mondhygi\u00ebne.<\/li>\n<\/ul>\n<div>Coton<\/div>\n<div>Dimensions : 39 cm de diam\u00e8tre 60 cm de long boucle comprise<\/div>\n<div>Couleur : rouge et gris<\/div>\n<div><\/div>\n<div><a href=\"https:\/\/www.licg.nl\/honden\/\" target=\"_blank\" rel=\"noopener\"><img loading=\"lazy\" decoding=\"async\" class=\"alignnone\" title=\"Happy pet Extreme Tugger Rope Ball\" src=\"https:\/\/dogpride.nl\/wp-content\/uploads\/Nuts-for-Knots-Extreme-Tugger-Touwbal2-150x150.jpg\" alt=\"Happy pet Extreme Tugger Touwbal\" width=\"150\" height=\"150\" \/><\/a><\/div>","protected":false},"excerpt":{"rendered":"<div>Cette balle est destin\u00e9e aux gros m\u00e2cheurs parmi nous. Pour ces m\u00e2cheurs, c&#039;est le jouet des jouets. Votre chien n&#039;a jamais \u00e9t\u00e9 capable de m\u00e2cher une balle depuis si longtemps ! Offrez cette balle \u00e0 votre chien et \u00e9vitez les comportements ind\u00e9sirables dus \u00e0 l&#039;ennui.<\/div>\n<div><\/div>","protected":false},"featured_media":44688,"template":"","meta":[],"product_brand":[],"product_cat":[361],"product_tag":[6202],"class_list":{"0":"post-11580","1":"product","2":"type-product","3":"status-publish","4":"has-post-thumbnail","6":"product_cat-flostouw","7":"product_tag-flostouw","9":"first","10":"instock","11":"taxable","12":"shipping-taxable","13":"purchasable","14":"product-type-simple"},"mb":[],"mfb_rest_fields":["title"],"_links":{"self":[{"href":"https:\/\/dogpride.nl\/fr\/wp-json\/wp\/v2\/product\/11580","targetHints":{"allow":["GET"]}}],"collection":[{"href":"https:\/\/dogpride.nl\/fr\/wp-json\/wp\/v2\/product"}],"about":[{"href":"https:\/\/dogpride.nl\/fr\/wp-json\/wp\/v2\/types\/product"}],"wp:featuredmedia":[{"embeddable":true,"href":"https:\/\/dogpride.nl\/fr\/wp-json\/wp\/v2\/media\/44688"}],"wp:attachment":[{"href":"https:\/\/dogpride.nl\/fr\/wp-json\/wp\/v2\/media?parent=11580"}],"wp:term":[{"taxonomy":"product_brand","embeddable":true,"href":"https:\/\/dogpride.nl\/fr\/wp-json\/wp\/v2\/product_brand?post=11580"},{"taxonomy":"product_cat","embeddable":true,"href":"https:\/\/dogpride.nl\/fr\/wp-json\/wp\/v2\/product_cat?post=11580"},{"taxonomy":"product_tag","embeddable":true,"href":"https:\/\/dogpride.nl\/fr\/wp-json\/wp\/v2\/product_tag?post=11580"}],"curies":[{"name":"wp","href":"https:\/\/api.w.org\/{rel}","templated":true}]}}