{"id":11578,"date":"2020-12-30T11:45:35","date_gmt":"2020-12-30T10:45:35","guid":{"rendered":"https:\/\/dogpride1.wpengine.com\/product\/happy-pet-extreme-tugger-grijs-oranje-55-cm-2\/"},"modified":"2026-03-19T11:48:32","modified_gmt":"2026-03-19T10:48:32","slug":"happy-pet-extreme-tugger-grijs-oranje-2","status":"publish","type":"product","link":"https:\/\/dogpride.nl\/fr\/happy-pet-extreme-tugger-grijs-oranje-2\/","title":{"rendered":"Happy Pet Extreme Tugger Gris\/Orange"},"content":{"rendered":"<h4>Happy Pet Extreme Tugger Gris\/Orange<\/h4>\n<p>Happy Pet Extreme Tugger Gris\/Orange<\/p>\n<p><a href=\"https:\/\/dogpride.nl\/fr\/\"><img loading=\"lazy\" decoding=\"async\" class=\"alignnone\" src=\"https:\/\/dogpride.nl\/wp-content\/uploads\/thumbnail2-3-150x150.jpg\" alt=\"Happy Pet Extreme Tugger Grijs\/Oranje\" width=\"150\" height=\"150\" \/><\/a><\/p>\n<div>Ce jouet est destin\u00e9 aux m\u00e2cheurs robustes parmi nous. Pour ces m\u00e2cheurs, c&#039;est le jouet des jouets. Votre chien n&#039;a jamais \u00e9t\u00e9 capable de m\u00e2cher un remorqueur depuis si longtemps ! Offrez ce jouet \u00e0 votre chien et \u00e9vitez les comportements ind\u00e9sirables dus \u00e0 l&#039;ennui.<\/div>\n<div><\/div>\n<div>La corde de ce jouet est bonne pour les dents et les gencives de votre chien. La mastication nettoie la bouche et assure une bonne hygi\u00e8ne buccale. De plus, vous pouvez jouer \u00e0 un jeu amusant de pousser et tirer avec votre chien. Jouer ensemble renforce le lien entre vous et renforce la confiance mutuelle.<\/div>\n<div><\/div>\n<div>Coton<\/div>\n<div>Taille : 55cm<\/div>\n<div>Couleur : gris et orange<\/div>\n<div><a href=\"https:\/\/www.licg.nl\/honden\/\" target=\"_blank\" rel=\"noopener\"><img loading=\"lazy\" decoding=\"async\" class=\"alignnone\" title=\"Happy Pet Extreme Tugger Gris\/Orange\" src=\"https:\/\/dogpride.nl\/wp-content\/uploads\/thumbnail2-3-150x150.jpg\" alt=\"Happy Pet Extreme Tugger Grijs\/Oranje\" width=\"150\" height=\"150\" \/><\/a><\/div>","protected":false},"excerpt":{"rendered":"<p>Ce jouet est destin\u00e9 aux m\u00e2cheurs robustes parmi nous. Pour ces m\u00e2cheurs, c&#039;est le jouet des jouets. Votre chien n&#039;a jamais \u00e9t\u00e9 capable de m\u00e2cher un remorqueur depuis si longtemps ! Offrez ce jouet \u00e0 votre chien et \u00e9vitez les comportements ind\u00e9sirables dus \u00e0 l&#039;ennui.<\/p>","protected":false},"featured_media":91453,"template":"","meta":[],"product_brand":[],"product_cat":[361],"product_tag":[6202],"class_list":{"0":"post-11578","1":"product","2":"type-product","3":"status-publish","4":"has-post-thumbnail","6":"product_cat-flostouw","7":"product_tag-flostouw","9":"first","10":"onbackorder","11":"taxable","12":"shipping-taxable","13":"purchasable","14":"product-type-simple"},"mb":[],"mfb_rest_fields":["title"],"_links":{"self":[{"href":"https:\/\/dogpride.nl\/fr\/wp-json\/wp\/v2\/product\/11578","targetHints":{"allow":["GET"]}}],"collection":[{"href":"https:\/\/dogpride.nl\/fr\/wp-json\/wp\/v2\/product"}],"about":[{"href":"https:\/\/dogpride.nl\/fr\/wp-json\/wp\/v2\/types\/product"}],"wp:featuredmedia":[{"embeddable":true,"href":"https:\/\/dogpride.nl\/fr\/wp-json\/wp\/v2\/media\/91453"}],"wp:attachment":[{"href":"https:\/\/dogpride.nl\/fr\/wp-json\/wp\/v2\/media?parent=11578"}],"wp:term":[{"taxonomy":"product_brand","embeddable":true,"href":"https:\/\/dogpride.nl\/fr\/wp-json\/wp\/v2\/product_brand?post=11578"},{"taxonomy":"product_cat","embeddable":true,"href":"https:\/\/dogpride.nl\/fr\/wp-json\/wp\/v2\/product_cat?post=11578"},{"taxonomy":"product_tag","embeddable":true,"href":"https:\/\/dogpride.nl\/fr\/wp-json\/wp\/v2\/product_tag?post=11578"}],"curies":[{"name":"wp","href":"https:\/\/api.w.org\/{rel}","templated":true}]}}