{"id":113920,"date":"2023-08-23T16:58:51","date_gmt":"2023-08-23T14:58:51","guid":{"rendered":"https:\/\/dogpride.nl\/?post_type=product&#038;p=113920"},"modified":"2025-11-18T12:59:20","modified_gmt":"2025-11-18T11:59:20","slug":"modern-icon-summit-hondenhalsband-25mm","status":"publish","type":"product","link":"https:\/\/dogpride.nl\/fr\/modern-icon-summit-hondenhalsband-25mm\/","title":{"rendered":"Collier pour chien Modern Icon Summit 25 mm"},"content":{"rendered":"<h4>Collier pour chien Modern Icon Summit 25 mm<\/h4>\n<h3>Collier pour chien Modern Icon Summit 25 mm<\/h3>\n<p><span class=\"HwtZe\" lang=\"fr\"><span class=\"\">Le collier Summit 25 mm est un collier pour chien l\u00e9ger con\u00e7u avec des mat\u00e9riaux tactiques pour les activit\u00e9s urbaines et de plein air.<\/span><br \/>\n<\/span><span class=\"HwtZe\" lang=\"fr\"><span class=\"jCAhz ChMk0b\"><span class=\"ryNqvb\"><span class=\"\">Le collier est parfait pour les chiens de toutes tailles et est disponible dans une vari\u00e9t\u00e9 de couleurs, y compris Multicam pour correspondre \u00e0 nos options de laisse Summit.<br \/>\n<\/span><\/span><\/span><span class=\"jCAhz ChMk0b\"><span class=\"ryNqvb\"><span class=\"\">Compatible avec les modules de suivi GPS les plus populaires, qui vous permettent d&#039;attacher des appareils directement au collier<\/span><\/span><\/span><span class=\"\">\u00a0.<br \/>\n<\/span><span class=\"jCAhz ChMk0b\"><span class=\"ryNqvb\"><span class=\"\">Une <strong>Boucle magn\u00e9tique Fidlock\u00ae<\/strong> est livr\u00e9 en standard sur le col.\u00a0<\/span><\/span><\/span><\/span><\/p>\n<p><span class=\"HwtZe\" lang=\"fr\"><span class=\"jCAhz ChMk0b\"><span class=\"ryNqvb\"><span class=\"\">Bande passante 25 mm.\u00a0<\/span><\/span><\/span><\/span><\/p>\n<p><strong>Tailles\u00a0:<\/strong><\/p>\n<ul>\n<li>S &gt; 33-43 cm<\/li>\n<li>M &gt; 41-51 cm<\/li>\n<li>L &gt; 56-66 cm<\/li>\n<\/ul>\n<p>Disponible dans les couleurs : Noir, Orange et Multi Cam<\/p>\n<p><span class=\"HwtZe\" lang=\"fr\"><span class=\"jCAhz ChMk0b\"><span class=\"ryNqvb\">Fabriqu\u00e9 aux Etats-Unis<\/span><\/span><\/span><\/p>\n<p>&nbsp;<\/p>\n<p><a href=\"https:\/\/dogpride.nl\/fr\/hondenhalsbanden\/modern-icon-hondenhalsbanden\/\"><img loading=\"lazy\" decoding=\"async\" class=\"alignnone\" title=\"Collier pour chien Modern Icon Summit 25 mm\" src=\"https:\/\/dogpride.nl\/wp-content\/uploads\/verybig-5831-4-150x150.jpg\" alt=\"Modern Icon Summit hondenhalsband 25mm\" width=\"150\" height=\"150\" \/><\/a><\/p>\n<p><a href=\"https:\/\/www.modernicon.us\/\" target=\"_blank\" rel=\"noopener\"><img loading=\"lazy\" decoding=\"async\" class=\"alignnone wp-image-113890 size-medium\" src=\"https:\/\/dogpride.nl\/wp-content\/uploads\/Modern-Icon-Full-Logo-300x91.png\" alt=\"Modern Icon\" width=\"300\" height=\"91\" srcset=\"https:\/\/dogpride.nl\/wp-content\/uploads\/Modern-Icon-Full-Logo-300x91.png 300w, https:\/\/dogpride.nl\/wp-content\/uploads\/Modern-Icon-Full-Logo-250x75.png 250w, https:\/\/dogpride.nl\/wp-content\/uploads\/Modern-Icon-Full-Logo-18x5.png 18w, https:\/\/dogpride.nl\/wp-content\/uploads\/Modern-Icon-Full-Logo.png 361w\" sizes=\"auto, (max-width: 300px) 100vw, 300px\" \/><\/a><\/p>","protected":false},"excerpt":{"rendered":"<p><span class=\"HwtZe\" lang=\"fr\"><span class=\"jCAhz ChMk0b\"><span class=\"ryNqvb\"><span class=\"\">Le collier est parfait pour les chiens de toutes tailles et est disponible dans une vari\u00e9t\u00e9 de couleurs, y compris Multicam pour correspondre \u00e0 nos options de laisse Summit.\u00a0<\/span><\/span><\/span><span class=\"jCAhz ChMk0b\"><span class=\"ryNqvb\"><span class=\"\">Compatible avec les modules de suivi GPS les plus populaires.<\/span><\/span><\/span><\/span><\/p>","protected":false},"featured_media":113921,"template":"","meta":[],"product_brand":[],"product_cat":[6348],"product_tag":[6350,6349,5131,6353],"class_list":{"0":"post-113920","1":"product","2":"type-product","3":"status-publish","4":"has-post-thumbnail","6":"product_cat-modern-icon-hondenhalsbanden","7":"product_tag-25mm","8":"product_tag-hondenhalsband","9":"product_tag-modern-icon","10":"product_tag-summit","12":"first","13":"instock","14":"taxable","15":"shipping-taxable","16":"purchasable","17":"product-type-variable"},"mb":[],"mfb_rest_fields":["title"],"_links":{"self":[{"href":"https:\/\/dogpride.nl\/fr\/wp-json\/wp\/v2\/product\/113920","targetHints":{"allow":["GET"]}}],"collection":[{"href":"https:\/\/dogpride.nl\/fr\/wp-json\/wp\/v2\/product"}],"about":[{"href":"https:\/\/dogpride.nl\/fr\/wp-json\/wp\/v2\/types\/product"}],"wp:featuredmedia":[{"embeddable":true,"href":"https:\/\/dogpride.nl\/fr\/wp-json\/wp\/v2\/media\/113921"}],"wp:attachment":[{"href":"https:\/\/dogpride.nl\/fr\/wp-json\/wp\/v2\/media?parent=113920"}],"wp:term":[{"taxonomy":"product_brand","embeddable":true,"href":"https:\/\/dogpride.nl\/fr\/wp-json\/wp\/v2\/product_brand?post=113920"},{"taxonomy":"product_cat","embeddable":true,"href":"https:\/\/dogpride.nl\/fr\/wp-json\/wp\/v2\/product_cat?post=113920"},{"taxonomy":"product_tag","embeddable":true,"href":"https:\/\/dogpride.nl\/fr\/wp-json\/wp\/v2\/product_tag?post=113920"}],"curies":[{"name":"wp","href":"https:\/\/api.w.org\/{rel}","templated":true}]}}