{"id":113905,"date":"2023-08-23T16:37:32","date_gmt":"2023-08-23T14:37:32","guid":{"rendered":"https:\/\/dogpride.nl\/?post_type=product&#038;p=113905"},"modified":"2026-03-25T17:48:03","modified_gmt":"2026-03-25T16:48:03","slug":"modern-icon-soepele-hondenhalsband-45mm","status":"publish","type":"product","link":"https:\/\/dogpride.nl\/fr\/modern-icon-soepele-hondenhalsband-45mm\/","title":{"rendered":"Modern Icon Soepele hondenhalsband 45mm"},"content":{"rendered":"<h4>Modern Icon Soepele hondenhalsband 45mm<\/h4>\n<p>Modern Icon Soepele hondenhalsband 45mm<\/p>\n<p class=\"DVHrxd\"><span class=\"\">Ce collier pour chien flexible est un collier tactique K9 solide et durable<\/span><\/p>\n<div class=\"DVHrxd\">Ce collier souple est compos\u00e9 de mat\u00e9riaux et d&#039;\u00e9quipement d&#039;escalade de qualit\u00e9 militaire.<\/div>\n<p><span class=\"jCAhz ChMk0b\"><span class=\"ryNqvb\">Utilis\u00e9 par les unit\u00e9s canines (K9) du monde entier, ce collier robuste est con\u00e7u pour les chiens de travail les plus coriaces.\u00a0<\/span><\/span><span class=\"jCAhz ChMk0b\"><span class=\"ryNqvb\">Principalement con\u00e7u pour les chiens de travail militaires (MWD), policiers (LEO), de protection individuelle et Schutzhund (IPO), le collier est facile \u00e0 r\u00e9gler et flexible.<\/span><\/span>\u00a0.<\/p>\n<p><span class=\"jCAhz ChMk0b\"><span class=\"ryNqvb\">Gr\u00e2ce \u00e0 <strong>Boucle \u00e0 clic ISC<\/strong> le collier est facile \u00e0 mettre et \u00e0 enlever, tandis que les languettes de d\u00e9gagement encastr\u00e9es emp\u00eachent le rel\u00e2chement accidentel de la boucle.<br \/>\n<\/span><\/span><\/p>\n<p><span class=\"HwtZe\" lang=\"fr\">Bandbreedte 45 mm.<\/span><\/p>\n<h3><span class=\"HwtZe\" lang=\"fr\">Tailles\u00a0:<\/span><\/h3>\n<ul>\n<li>M &gt; 41-51 cm<\/li>\n<li>L &gt; 48-58 cm<\/li>\n<li>XL &gt; 56-66 cm<\/li>\n<\/ul>\n<p>Disponible dans les couleurs Noir, Gris et Coyote<\/p>\n<p><span class=\"HwtZe\" lang=\"fr\">Fabriqu\u00e9 aux Etats-Unis<\/span><\/p>\n<p>&nbsp;<\/p>\n<p><a href=\"https:\/\/dogpride.nl\/fr\/hondenhalsbanden\/modern-icon-hondenhalsbanden\/\"><img loading=\"lazy\" decoding=\"async\" class=\"alignnone\" title=\"Modern Icon Soepele hondenhalsband 45mm\" src=\"https:\/\/dogpride.nl\/wp-content\/uploads\/verybig-5833-5-150x150.jpg\" alt=\"Modern Icon Soepele hondenhalsband 45mm\" width=\"150\" height=\"150\" \/><\/a><\/p>\n<p><a href=\"https:\/\/www.modernicon.us\/\" target=\"_blank\" rel=\"noopener\"><img loading=\"lazy\" decoding=\"async\" class=\"alignnone wp-image-113890 size-medium\" src=\"https:\/\/dogpride.nl\/wp-content\/uploads\/Modern-Icon-Full-Logo-300x91.png\" alt=\"Modern Icon\" width=\"300\" height=\"91\" srcset=\"https:\/\/dogpride.nl\/wp-content\/uploads\/Modern-Icon-Full-Logo-300x91.png 300w, https:\/\/dogpride.nl\/wp-content\/uploads\/Modern-Icon-Full-Logo-250x75.png 250w, https:\/\/dogpride.nl\/wp-content\/uploads\/Modern-Icon-Full-Logo-18x5.png 18w, https:\/\/dogpride.nl\/wp-content\/uploads\/Modern-Icon-Full-Logo.png 361w\" sizes=\"auto, (max-width: 300px) 100vw, 300px\" \/><\/a><\/p>","protected":false},"excerpt":{"rendered":"<p><span class=\"jCAhz ChMk0b\"><span class=\"ryNqvb\">Utilis\u00e9 par les unit\u00e9s canines (K9) du monde entier, ce collier robuste est con\u00e7u pour les chiens de travail les plus coriaces.\u00a0<\/span><\/span><span class=\"jCAhz ChMk0b\"><span class=\"ryNqvb\">Le collier est principalement con\u00e7u pour les chiens militaires (MWD), policiers (LEO), de protection individuelle et de travail Schutzhund (IPO).<\/span><\/span><\/p>","protected":false},"featured_media":113906,"template":"","meta":[],"product_brand":[],"product_cat":[6348],"product_tag":[6352,6349,5131,6351],"class_list":{"0":"post-113905","1":"product","2":"type-product","3":"status-publish","4":"has-post-thumbnail","6":"product_cat-modern-icon-hondenhalsbanden","7":"product_tag-38mm","8":"product_tag-hondenhalsband","9":"product_tag-modern-icon","10":"product_tag-soepele","12":"first","13":"instock","14":"taxable","15":"shipping-taxable","16":"purchasable","17":"product-type-variable"},"mb":[],"mfb_rest_fields":["title"],"_links":{"self":[{"href":"https:\/\/dogpride.nl\/fr\/wp-json\/wp\/v2\/product\/113905","targetHints":{"allow":["GET"]}}],"collection":[{"href":"https:\/\/dogpride.nl\/fr\/wp-json\/wp\/v2\/product"}],"about":[{"href":"https:\/\/dogpride.nl\/fr\/wp-json\/wp\/v2\/types\/product"}],"wp:featuredmedia":[{"embeddable":true,"href":"https:\/\/dogpride.nl\/fr\/wp-json\/wp\/v2\/media\/113906"}],"wp:attachment":[{"href":"https:\/\/dogpride.nl\/fr\/wp-json\/wp\/v2\/media?parent=113905"}],"wp:term":[{"taxonomy":"product_brand","embeddable":true,"href":"https:\/\/dogpride.nl\/fr\/wp-json\/wp\/v2\/product_brand?post=113905"},{"taxonomy":"product_cat","embeddable":true,"href":"https:\/\/dogpride.nl\/fr\/wp-json\/wp\/v2\/product_cat?post=113905"},{"taxonomy":"product_tag","embeddable":true,"href":"https:\/\/dogpride.nl\/fr\/wp-json\/wp\/v2\/product_tag?post=113905"}],"curies":[{"name":"wp","href":"https:\/\/api.w.org\/{rel}","templated":true}]}}