{"id":113892,"date":"2023-08-23T16:08:09","date_gmt":"2023-08-23T14:08:09","guid":{"rendered":"https:\/\/dogpride.nl\/?post_type=product&#038;p=113892"},"modified":"2025-11-18T12:56:43","modified_gmt":"2025-11-18T11:56:43","slug":"modern-icon-hondenhalsband-25mm","status":"publish","type":"product","link":"https:\/\/dogpride.nl\/fr\/modern-icon-hondenhalsband-25mm\/","title":{"rendered":"Collier pour chien Modern Icon 25mm"},"content":{"rendered":"<h2>Collier pour chien Modern Icon 25mm<\/h2>\n<p>Collier pour chien Modern Icon 25mm<\/p>\n<p><span class=\"HwtZe\" lang=\"fr\"><span class=\"jCAhz ChMk0b\"><span class=\"ryNqvb\"><span class=\"\">Construit \u00e0 partir de mat\u00e9riaux de qualit\u00e9 militaire et de mat\u00e9riel d&#039;escalade, le collier rigide de 2,5 cm de large garantit le collier tactique K9 le plus r\u00e9sistant et le plus durable de l&#039;industrie.<\/span><\/span><\/span><\/span><\/p>\n<p><span class=\"jCAhz ChMk0b\"><span class=\"ryNqvb\">Utilis\u00e9 par les unit\u00e9s canines du monde entier, ce collier durable est con\u00e7u pour les chiens de travail les plus coriaces.<\/span><\/span><\/p>\n<p><span class=\"jCAhz ChMk0b\"><span class=\"ryNqvb\">Cette conception \u00e0 profil bas et\u00a0<\/span><\/span><strong>ISC CLIC VERROUILLAGE<\/strong> fermeture <span class=\"HwtZe\" lang=\"fr\"><span class=\"jCAhz ChMk0b\"><span class=\"ryNqvb\">offre plus d&#039;espace pour transporter des colliers suppl\u00e9mentaires (colliers \u00e9lectroniques, cha\u00eenes, etc.) ou pour les chiens au cou plus court. <\/span><\/span><span class=\"jCAhz ChMk0b\"><span class=\"ryNqvb\">La conception rigide est principalement con\u00e7ue pour les chiens de travail militaires (MWD), policiers (LEO), de protection personnelle et Schutzhund (IPO). La conception rigide permet au manieur d&#039;utiliser le corps du collier pour appliquer une pression sur les points situ\u00e9s derri\u00e8re les oreilles afin de \u00ab tirer \u00bb manuellement.\u00a0<\/span><\/span><span class=\"jCAhz ChMk0b\"><span class=\"ryNqvb\">le chien\u00a0<\/span><\/span><span class=\"jCAhz ChMk0b\"><span class=\"ryNqvb\">dehors<\/span><\/span>\u00a0prendre une bouch\u00e9e<span class=\"jCAhz ChMk0b\"><span class=\"ryNqvb\"> quand il arr\u00eate de r\u00e9pondre aux commandes<\/span><\/span><\/span>.<span class=\"HwtZe\" lang=\"fr\"><span class=\"jCAhz ChMk0b\"><span class=\"ryNqvb\"><br \/>\n<\/span><\/span><\/span><\/p>\n<h3><span class=\"HwtZe\" lang=\"fr\">Collier pour chien Icon moderne 25 mm.<\/span><\/h3>\n<p><strong><span class=\"HwtZe\" lang=\"fr\">Tailles\u00a0:<\/span><\/strong><\/p>\n<ul>\n<li>S &gt; 33-43 cm<\/li>\n<li>M &gt; 41-51 cm<\/li>\n<li>L &gt; 48-58 cm<\/li>\n<li>XL &gt; 56-66 cm<\/li>\n<\/ul>\n<p>Disponible dans les couleurs Noir et Coyote<\/p>\n<p><span class=\"HwtZe\" lang=\"fr\"><span class=\"VIpgJd-yAWNEb-VIpgJd-fmcmS-sn54Q\">Fabriqu\u00e9 aux Etats-Unis<\/span><\/span><\/p>\n<p><a href=\"https:\/\/dogpride.nl\/fr\/hondenhalsbanden\/modern-icon-hondenhalsbanden\/\"><img loading=\"lazy\" decoding=\"async\" class=\"alignnone\" title=\"Collier pour chien Modern Icon 25mm\" src=\"https:\/\/dogpride.nl\/wp-content\/uploads\/verybig-5832-3-150x150.jpg\" alt=\"Modern Icon hondenhalsband 25mm\" width=\"150\" height=\"150\" \/><\/a><\/p>\n<p>&nbsp;<\/p>\n<p><a href=\"https:\/\/www.modernicon.us\/\" target=\"_blank\" rel=\"noopener\"><img loading=\"lazy\" decoding=\"async\" class=\"alignnone wp-image-113890 size-medium\" src=\"https:\/\/dogpride.nl\/wp-content\/uploads\/Modern-Icon-Full-Logo-300x91.png\" alt=\"Modern Icon\" width=\"300\" height=\"91\" srcset=\"https:\/\/dogpride.nl\/wp-content\/uploads\/Modern-Icon-Full-Logo-300x91.png 300w, https:\/\/dogpride.nl\/wp-content\/uploads\/Modern-Icon-Full-Logo-250x75.png 250w, https:\/\/dogpride.nl\/wp-content\/uploads\/Modern-Icon-Full-Logo-18x5.png 18w, https:\/\/dogpride.nl\/wp-content\/uploads\/Modern-Icon-Full-Logo.png 361w\" sizes=\"auto, (max-width: 300px) 100vw, 300px\" \/><\/a><\/p>","protected":false},"excerpt":{"rendered":"<p><span class=\"HwtZe\" lang=\"fr\"><span class=\"jCAhz ChMk0b\"><span class=\"ryNqvb\"><span class=\"\">Le collier rigide de 2,5 cm de large avec <strong>ISC CLIC VERROUILLAGE<\/strong> La fermeture est fabriqu\u00e9e \u00e0 partir de mat\u00e9riaux de qualit\u00e9 militaire et d&#039;\u00e9quipement d&#039;escalade, garantissant le collier tactique K9 le plus solide et le plus durable de l&#039;industrie.<\/span><\/span><\/span><\/span><\/p>","protected":false},"featured_media":113893,"template":"","meta":[],"product_brand":[],"product_cat":[6348],"product_tag":[6350,6349,5131],"class_list":{"0":"post-113892","1":"product","2":"type-product","3":"status-publish","4":"has-post-thumbnail","6":"product_cat-modern-icon-hondenhalsbanden","7":"product_tag-25mm","8":"product_tag-hondenhalsband","9":"product_tag-modern-icon","11":"first","12":"instock","13":"taxable","14":"shipping-taxable","15":"purchasable","16":"product-type-variable"},"mb":[],"mfb_rest_fields":["title"],"_links":{"self":[{"href":"https:\/\/dogpride.nl\/fr\/wp-json\/wp\/v2\/product\/113892","targetHints":{"allow":["GET"]}}],"collection":[{"href":"https:\/\/dogpride.nl\/fr\/wp-json\/wp\/v2\/product"}],"about":[{"href":"https:\/\/dogpride.nl\/fr\/wp-json\/wp\/v2\/types\/product"}],"wp:featuredmedia":[{"embeddable":true,"href":"https:\/\/dogpride.nl\/fr\/wp-json\/wp\/v2\/media\/113893"}],"wp:attachment":[{"href":"https:\/\/dogpride.nl\/fr\/wp-json\/wp\/v2\/media?parent=113892"}],"wp:term":[{"taxonomy":"product_brand","embeddable":true,"href":"https:\/\/dogpride.nl\/fr\/wp-json\/wp\/v2\/product_brand?post=113892"},{"taxonomy":"product_cat","embeddable":true,"href":"https:\/\/dogpride.nl\/fr\/wp-json\/wp\/v2\/product_cat?post=113892"},{"taxonomy":"product_tag","embeddable":true,"href":"https:\/\/dogpride.nl\/fr\/wp-json\/wp\/v2\/product_tag?post=113892"}],"curies":[{"name":"wp","href":"https:\/\/api.w.org\/{rel}","templated":true}]}}