{"id":112119,"date":"2023-07-31T11:18:18","date_gmt":"2023-07-31T09:18:18","guid":{"rendered":"https:\/\/dogprideold.websitekeuze.nl\/?post_type=product&#038;p=112119"},"modified":"2026-03-19T15:01:53","modified_gmt":"2026-03-19T14:01:53","slug":"hondensportschoenen-balou","status":"publish","type":"product","link":"https:\/\/dogpride.nl\/fr\/hondensportschoenen-balou\/","title":{"rendered":"Chaussures de sport pour chien BALOU"},"content":{"rendered":"<h4>Chaussures de sport pour chien BALOU<\/h4>\n<p>Speed Dogsport Chaussures de sport pour chien BALOU Unisexe<\/p>\n<p>La chaussure de sport pour chien &quot;BALOU&quot; est enti\u00e8rement nouvelle sur le march\u00e9 et con\u00e7ue pour l&#039;athl\u00e8te canin ambitieux. Il impressionne par sa l\u00e9g\u00e8ret\u00e9 avec une forte adh\u00e9rence et une s\u00e9paration rapide de la boue. Dot\u00e9 d&#039;une membrane imperm\u00e9able et respirante, il est id\u00e9al pour les surfaces humides et glissantes.<\/p>\n<p><strong>Sup\u00e9rieur:<\/strong>\u00a0Tissu oxford PU et polyester<br \/>\n<strong>Garniture<\/strong>: nylon et mousse avec une membrane imperm\u00e9able<br \/>\nSemelle int\u00e9rieure : textile EVA et nylon<br \/>\n<strong>Semelle ext\u00e9rieure\u00a0:<\/strong>\u00a0Phylon et caoutchouc avec bande de roulement antid\u00e9rapante<\/p>\n<h3 style=\"font-weight: 400;\">Notre chaussure de sport pour chien se caract\u00e9rise \u00e9galement par un excellent rapport qualit\u00e9-prix.<\/h3>\n<p style=\"font-weight: 400;\">L&#039;amortissement est mod\u00e9r\u00e9 sans sacrifier la r\u00e9activit\u00e9. Notre mod\u00e8le est propos\u00e9 dans une largeur de chaussure standard et est disponible en mod\u00e8le unisexe en 2 variantes de couleur.<\/p>\n<ul>\n<li>Couleurs : Vert, Rose<\/li>\n<li>Tailles : 36 \u00e0 46<\/li>\n<\/ul>\n<p>&nbsp;<\/p>\n<p><img loading=\"lazy\" decoding=\"async\" class=\"alignnone wp-image-112149 size-medium\" src=\"https:\/\/dogpride.nl\/wp-content\/uploads\/speed-dogsport-logo-1637758129-1-300x102.png\" alt=\"Logo Speed Dogsport\" width=\"300\" height=\"102\" srcset=\"https:\/\/dogpride.nl\/wp-content\/uploads\/speed-dogsport-logo-1637758129-1-300x102.png 300w, https:\/\/dogpride.nl\/wp-content\/uploads\/speed-dogsport-logo-1637758129-1-250x85.png 250w, https:\/\/dogpride.nl\/wp-content\/uploads\/speed-dogsport-logo-1637758129-1-400x135.png 400w, https:\/\/dogpride.nl\/wp-content\/uploads\/speed-dogsport-logo-1637758129-1-768x260.png 768w, https:\/\/dogpride.nl\/wp-content\/uploads\/speed-dogsport-logo-1637758129-1-18x6.png 18w, https:\/\/dogpride.nl\/wp-content\/uploads\/speed-dogsport-logo-1637758129-1.png 836w\" sizes=\"auto, (max-width: 300px) 100vw, 300px\" \/><\/p>\n<p><a href=\"https:\/\/dogpride.nl\/fr\/kleding\/schoenen-laarzen\/speed-dogsport-schoenen\/\"><img loading=\"lazy\" decoding=\"async\" class=\"alignnone\" title=\"Chaussures de sport pour chien BALOU\" src=\"https:\/\/dogpride.nl\/wp-content\/uploads\/hundesport-schuhe-balou_4-150x150.jpg\" alt=\"Hondensportschoenen BALOU\" width=\"150\" height=\"150\" \/><\/a><a href=\"https:\/\/speed-dogsport.com\/de\/\" target=\"_blank\" rel=\"noopener\"><img loading=\"lazy\" decoding=\"async\" class=\"alignnone\" src=\"https:\/\/dogpride.nl\/wp-content\/uploads\/hundesport-schuhe-balou-150x150.jpg\" alt=\"Speed Dogsport Hondensportschoenen BALOU\" width=\"150\" height=\"150\" \/><\/a><\/p>","protected":false},"excerpt":{"rendered":"<p>La chaussure de sport pour chien &quot;BALOU&quot; est enti\u00e8rement nouvelle sur le march\u00e9 et con\u00e7ue pour l&#039;athl\u00e8te canin ambitieux. Il impressionne par sa l\u00e9g\u00e8ret\u00e9 avec une forte adh\u00e9rence et une s\u00e9paration rapide de la boue.<\/p>","protected":false},"featured_media":112150,"template":"","meta":[],"product_brand":[],"product_cat":[6257],"product_tag":[6256,4984,4686],"class_list":{"0":"post-112119","1":"product","2":"type-product","3":"status-publish","4":"has-post-thumbnail","6":"product_cat-speed-dogsport-schoenen","7":"product_tag-balou","8":"product_tag-hondensportschoenen","9":"product_tag-speed-dogsport","10":"product_shipping_class-vast-tarief-eu-overig","12":"first","13":"instock","14":"taxable","15":"shipping-taxable","16":"purchasable","17":"product-type-variable"},"mb":[],"mfb_rest_fields":["title"],"_links":{"self":[{"href":"https:\/\/dogpride.nl\/fr\/wp-json\/wp\/v2\/product\/112119","targetHints":{"allow":["GET"]}}],"collection":[{"href":"https:\/\/dogpride.nl\/fr\/wp-json\/wp\/v2\/product"}],"about":[{"href":"https:\/\/dogpride.nl\/fr\/wp-json\/wp\/v2\/types\/product"}],"wp:featuredmedia":[{"embeddable":true,"href":"https:\/\/dogpride.nl\/fr\/wp-json\/wp\/v2\/media\/112150"}],"wp:attachment":[{"href":"https:\/\/dogpride.nl\/fr\/wp-json\/wp\/v2\/media?parent=112119"}],"wp:term":[{"taxonomy":"product_brand","embeddable":true,"href":"https:\/\/dogpride.nl\/fr\/wp-json\/wp\/v2\/product_brand?post=112119"},{"taxonomy":"product_cat","embeddable":true,"href":"https:\/\/dogpride.nl\/fr\/wp-json\/wp\/v2\/product_cat?post=112119"},{"taxonomy":"product_tag","embeddable":true,"href":"https:\/\/dogpride.nl\/fr\/wp-json\/wp\/v2\/product_tag?post=112119"}],"curies":[{"name":"wp","href":"https:\/\/api.w.org\/{rel}","templated":true}]}}